{"id":16,"date":"2024-03-13T18:16:07","date_gmt":"2024-03-13T17:16:07","guid":{"rendered":"https:\/\/aaoptoelectronic.com\/?page_id=16"},"modified":"2024-05-16T01:32:16","modified_gmt":"2024-05-15T23:32:16","slug":"mon-compte","status":"publish","type":"page","link":"https:\/\/aaoptoelectronic.com\/fr\/mon-compte\/","title":{"rendered":"Mon compte"},"content":{"rendered":"<div class=\"gb-container gb-container-3d94e4dc gb-container-conteneurMedium conteneurMedium\">\n<div class=\"woocommerce\"><\/div>\n\n<\/div>","protected":false},"excerpt":{"rendered":"<p>Cr\u00e9ez un compte client pour acc\u00e9der \u00e0 la documentation (conducteurs, manuels) et enregistrer vos demandes de devis.<\/p>","protected":false},"author":1,"featured_media":3365,"parent":0,"menu_order":0,"comment_status":"closed","ping_status":"closed","template":"","meta":{"footnotes":""},"class_list":["post-16","page","type-page","status-publish","format-standard","has-post-thumbnail"],"_links":{"self":[{"href":"https:\/\/aaoptoelectronic.com\/fr\/wp-json\/wp\/v2\/pages\/16","targetHints":{"allow":["GET"]}}],"collection":[{"href":"https:\/\/aaoptoelectronic.com\/fr\/wp-json\/wp\/v2\/pages"}],"about":[{"href":"https:\/\/aaoptoelectronic.com\/fr\/wp-json\/wp\/v2\/types\/page"}],"author":[{"embeddable":true,"href":"https:\/\/aaoptoelectronic.com\/fr\/wp-json\/wp\/v2\/users\/1"}],"replies":[{"embeddable":true,"href":"https:\/\/aaoptoelectronic.com\/fr\/wp-json\/wp\/v2\/comments?post=16"}],"version-history":[{"count":4,"href":"https:\/\/aaoptoelectronic.com\/fr\/wp-json\/wp\/v2\/pages\/16\/revisions"}],"predecessor-version":[{"id":4105,"href":"https:\/\/aaoptoelectronic.com\/fr\/wp-json\/wp\/v2\/pages\/16\/revisions\/4105"}],"wp:featuredmedia":[{"embeddable":true,"href":"https:\/\/aaoptoelectronic.com\/fr\/wp-json\/wp\/v2\/media\/3365"}],"wp:attachment":[{"href":"https:\/\/aaoptoelectronic.com\/fr\/wp-json\/wp\/v2\/media?parent=16"}],"curies":[{"name":"wp","href":"https:\/\/api.w.org\/{rel}","templated":true}]}}