{"id":3390,"date":"2024-04-15T02:24:32","date_gmt":"2024-04-15T00:24:32","guid":{"rendered":"https:\/\/aaoptoelectronic.com\/?page_id=3390"},"modified":"2024-05-17T13:53:32","modified_gmt":"2024-05-17T11:53:32","slug":"avis-juridique","status":"publish","type":"page","link":"https:\/\/aaoptoelectronic.com\/fr\/avis-juridique\/","title":{"rendered":"Avis juridique"},"content":{"rendered":"<div class=\"gb-container gb-container-66ed01e7 gb-container-conteneurMedium conteneurSmall\">\n\n<h2 class=\"wp-block-heading\">\u00c9diteur<\/h2>\n\n\n\n<p>Vous \u00eates actuellement connect\u00e9 au site officiel de AA OPTO ELECTRONIC.<\/p>\n\n\n\n<p>Directeur de publication : Franck Darde<br>Administrateur du site : LaFabrique2Sites<\/p>\n\n\n\n<p>S.A.R.L. avec des capitaux propres de<br>Siret :<br>TVA intracommunautaire :<br>Adresse du si\u00e8ge : 18, rue Nicolas Appert F-91898 Orsay Cedex France<br>T\u00e9l\u00e9phone : +33 (0)1 76 91 50 12<\/p>\n\n\n\n<h2 class=\"wp-block-heading\">Droits d'auteur et responsabilit\u00e9s<\/h2>\n\n\n\n<p>Les informations contenues dans ce site sont soumises \u00e0 la loi fran\u00e7aise et sont fournies sans aucune garantie, explicite ou tacite. Ces informations peuvent contenir des inexactitudes techniques ou des erreurs typographiques. Elles sont non contractuelles et sujettes \u00e0 modification sans pr\u00e9avis.<\/p>\n\n\n\n<p>L'ensemble des contenus, pages, scripts, ic\u00f4nes et sons de ce site sont la propri\u00e9t\u00e9 exclusive de AA OPTO ELECTRONIC ou des titulaires des droits mentionn\u00e9s. Toute production, reproduction ou repr\u00e9sentation de ce site, en tout ou partie (textes, sons ou images), sur tout type de support est interdite. Le non-respect de cette interdiction constitue une contrefa\u00e7on pouvant entra\u00eener des sanctions civiles et p\u00e9nales. Il est strictement interdit d'utiliser ou de reproduire le nom AA OPTO ELECTRONIC, ainsi que tous les logos et visuels AA OPTO ELECTRONIC, seuls ou associ\u00e9s, \u00e0 quelque titre que ce soit.<\/p>\n\n\n\n<p>AA OPTO ELECTRONIC n'est pas responsable du contenu de tout autre site auquel vous pourriez avoir acc\u00e8s via le site officiel de AA OPTO ELECTRONIC. Il est express\u00e9ment entendu par la personne qui utilise ce site qu'en aucun cas AA OPTO ELECTRONIC n'est responsable des dommages quelconques, directs ou indirects, mat\u00e9riels ou immat\u00e9riels ou sp\u00e9ciaux, r\u00e9sultant notamment de la consultation et\/ou de l'utilisation de ce site ou d'autres sites qui lui sont li\u00e9s, comme des utilisations d'informations textuelles, sonores ou visuelles qui pourraient y \u00eatre incluses et notamment de tout pr\u00e9judice financier ou commercial, de pertes de programmes ou d'informations dans le syst\u00e8me d'information de l'utilisateur ou autre.<\/p>\n\n\n\n<p>En l'absence de tout engagement contractuel, AA OPTO ELECTRONIC peut \u00e0 tout moment supprimer toutes les informations ou toutes les r\u00e9f\u00e9rences \u00e0 ce site ou m\u00eame annuler ledit site et ce \u00e0 sa propre discr\u00e9tion et sans pr\u00e9avis.<\/p>\n\n\n\n<p>Les bases de donn\u00e9es figurant sur le serveur Internet sont prot\u00e9g\u00e9es par la loi du 1er juillet 1998.<br>Informations nominatives<br>Les informations nominatives incluses dans ce site, ou recueillies par des moyens \"on line\", ont \u00e9t\u00e9 collect\u00e9es conform\u00e9ment \u00e0 la loi fran\u00e7aise \"informatique et libert\u00e9\" du 6 janvier 1978. Toute personne ayant fourni des informations dispose d'un droit d'acc\u00e8s, de modification, de rectification et de suppression des informations en adressant un email \u00e0 l'administrateur du site.<\/p>\n\n<\/div>","protected":false},"excerpt":{"rendered":"<p>Editeur Vous \u00eates actuellement connect\u00e9 au site officiel de AA OPTO ELECTRONIC. Directeur de la publication : Franck Darde Administrateur du site : LaFabrique2Sites S.A.R.L. avec un capital de \u20acSiret :TVA intracommunautaire :Adresse du si\u00e8ge : 18, rue Nicolas Appert F-91898 Orsay Cedex FranceT\u00e9l\u00e9phone : +33 (0)1 76 91 50 12 Droits d'auteur et responsabilit\u00e9s Les informations contenues dans ce site sont ... <a title=\"Avis juridique\" class=\"read-more\" href=\"https:\/\/aaoptoelectronic.com\/fr\/avis-juridique\/\" aria-label=\"En savoir plus sur Mentions l\u00e9gales\">Lire plus<\/a><\/p>","protected":false},"author":1,"featured_media":0,"parent":0,"menu_order":0,"comment_status":"closed","ping_status":"closed","template":"","meta":{"footnotes":""},"class_list":["post-3390","page","type-page","status-publish","format-standard"],"_links":{"self":[{"href":"https:\/\/aaoptoelectronic.com\/fr\/wp-json\/wp\/v2\/pages\/3390","targetHints":{"allow":["GET"]}}],"collection":[{"href":"https:\/\/aaoptoelectronic.com\/fr\/wp-json\/wp\/v2\/pages"}],"about":[{"href":"https:\/\/aaoptoelectronic.com\/fr\/wp-json\/wp\/v2\/types\/page"}],"author":[{"embeddable":true,"href":"https:\/\/aaoptoelectronic.com\/fr\/wp-json\/wp\/v2\/users\/1"}],"replies":[{"embeddable":true,"href":"https:\/\/aaoptoelectronic.com\/fr\/wp-json\/wp\/v2\/comments?post=3390"}],"version-history":[{"count":4,"href":"https:\/\/aaoptoelectronic.com\/fr\/wp-json\/wp\/v2\/pages\/3390\/revisions"}],"predecessor-version":[{"id":4210,"href":"https:\/\/aaoptoelectronic.com\/fr\/wp-json\/wp\/v2\/pages\/3390\/revisions\/4210"}],"wp:attachment":[{"href":"https:\/\/aaoptoelectronic.com\/fr\/wp-json\/wp\/v2\/media?parent=3390"}],"curies":[{"name":"wp","href":"https:\/\/api.w.org\/{rel}","templated":true}]}}