{"id":42,"date":"2024-03-13T18:37:49","date_gmt":"2024-03-13T17:37:49","guid":{"rendered":"https:\/\/aaoptoelectronic.com\/?page_id=42"},"modified":"2024-07-02T11:24:22","modified_gmt":"2024-07-02T09:24:22","slug":"aa-opto-electronic","status":"publish","type":"page","link":"https:\/\/aaoptoelectronic.com\/fr\/aa-opto-electronic\/","title":{"rendered":"AA OPTO-ELECTRONIC"},"content":{"rendered":"<section class=\"gb-container gb-container-e7c86c18 alignfull full_dark\">\n<div class=\"gb-container gb-container-0c2ed57b conteneurSmall\">\n<div class=\"gb-container gb-container-7e3012c4\">\n\n<figure class=\"wp-block-embed is-type-video is-provider-youtube wp-block-embed-youtube wp-embed-aspect-16-9 wp-has-aspect-ratio\"><div class=\"wp-block-embed__wrapper\">\n<iframe loading=\"lazy\" title=\"Vid\u00e9o d&#039;entreprise\" width=\"1200\" height=\"675\" src=\"https:\/\/www.youtube.com\/embed\/FVDRJXETZnA?feature=oembed\" frameborder=\"0\" allow=\"accelerometer; autoplay; clipboard-write; encrypted-media; gyroscope; picture-in-picture; web-share\" referrerpolicy=\"strict-origin-when-cross-origin\" allowfullscreen><\/iframe>\n<\/div><\/figure>\n\n<\/div>\n<\/div>\n<\/section>\n\n<section class=\"gb-container gb-container-48986c13 alignfull\">\n<div class=\"gb-container gb-container-da1c45b4 conteneurXSmall\">\n\n<h2 class=\"gb-headline gb-headline-bbcb3831 gb-headline-text\">NOTRE HISTOIRE JUSQU'\u00c0 PR\u00c9SENT.<\/h2>\n\n\n\n<p>AA OPTO-ELECTRONIC est une soci\u00e9t\u00e9 d'ing\u00e9nierie fran\u00e7aise cr\u00e9\u00e9e en 1979 et situ\u00e9e \u00e0 Orsay, au sud de Paris. Notre usine de fabrication optique est bas\u00e9e \u00e0 Orsay tandis que nos op\u00e9rations \u00e9lectroniques RF sont bas\u00e9es pr\u00e8s de Tours en France. De plus, AA poss\u00e8de sa propre soci\u00e9t\u00e9 de vente aux USA (QUANTA TECH <a href=\"http:\/\/www.quanta-tech.com\/\" target=\"_blank\" rel=\"noopener\">www.quanta-tech.com<\/a>).<\/p>\n\n\n\n<p>Depuis la cr\u00e9ation de l'entreprise, une collaboration \u00e9troite avec des universit\u00e9s et des instituts de recherche a permis d'acqu\u00e9rir des connaissances et une exp\u00e9rience inestimables dans la conception et les processus de fabrication des dispositifs acousto-optiques ainsi que des sources de radiofr\u00e9quence utilis\u00e9es pour les alimenter. AA est en mesure de proposer des solutions allant du prototypage \u00e0 la fabrication en grande s\u00e9rie gr\u00e2ce \u00e0 ses ressources internes et \u00e0 ses capacit\u00e9s propres.<\/p>\n\n\n\n<p>Aujourd'hui, AA est le seul fabricant industriel europ\u00e9en de dispositifs acousto-optiques certifi\u00e9 ISO9001.<\/p>\n\n\n\n<h3 class=\"gb-headline gb-headline-84090ab2 gb-headline-text\"><strong>\" Notre mission est de fabriquer des produits de haute qualit\u00e9 et \u00e0 la pointe de la technologie pour nos clients gr\u00e2ce \u00e0 l'expertise unique de notre personnel et \u00e0 l'am\u00e9lioration continue des technologies AO et RF. \"<\/strong><\/h3>\n\n\n\n<p class=\"has-text-align-right\">Franck Darde, Directeur des ventes<\/p>\n\n\n\n<figure class=\"gb-block-image gb-block-image-da53f7f9\"><img loading=\"lazy\" decoding=\"async\" width=\"2560\" height=\"1065\" class=\"gb-image gb-image-da53f7f9 img_border\" src=\"https:\/\/aaoptoelectronic.com\/wp-content\/uploads\/2024\/07\/TEAM_AA_24_FIL_CROP-scaled.jpg\" alt=\"\" title=\"TEAM_AA_24_FIL_CROP\" data-aos=\"fade\" srcset=\"https:\/\/aaoptoelectronic.com\/wp-content\/uploads\/2024\/07\/TEAM_AA_24_FIL_CROP-scaled.jpg 2560w, https:\/\/aaoptoelectronic.com\/wp-content\/uploads\/2024\/07\/TEAM_AA_24_FIL_CROP-300x125.jpg 300w, https:\/\/aaoptoelectronic.com\/wp-content\/uploads\/2024\/07\/TEAM_AA_24_FIL_CROP-1024x426.jpg 1024w, https:\/\/aaoptoelectronic.com\/wp-content\/uploads\/2024\/07\/TEAM_AA_24_FIL_CROP-768x319.jpg 768w, https:\/\/aaoptoelectronic.com\/wp-content\/uploads\/2024\/07\/TEAM_AA_24_FIL_CROP-1536x639.jpg 1536w, https:\/\/aaoptoelectronic.com\/wp-content\/uploads\/2024\/07\/TEAM_AA_24_FIL_CROP-2048x852.jpg 2048w, https:\/\/aaoptoelectronic.com\/wp-content\/uploads\/2024\/07\/TEAM_AA_24_FIL_CROP-500x208.jpg 500w, https:\/\/aaoptoelectronic.com\/wp-content\/uploads\/2024\/07\/TEAM_AA_24_FIL_CROP-800x333.jpg 800w, https:\/\/aaoptoelectronic.com\/wp-content\/uploads\/2024\/07\/TEAM_AA_24_FIL_CROP-1280x532.jpg 1280w, https:\/\/aaoptoelectronic.com\/wp-content\/uploads\/2024\/07\/TEAM_AA_24_FIL_CROP-1920x799.jpg 1920w, https:\/\/aaoptoelectronic.com\/wp-content\/uploads\/2024\/07\/TEAM_AA_24_FIL_CROP-600x250.jpg 600w\" sizes=\"auto, (max-width: 2560px) 100vw, 2560px\" \/><\/figure>\n\n<\/div>\n<div class=\"gb-shapes\"><div class=\"gb-shape gb-shape-1\"><svg xmlns=\"http:\/\/www.w3.org\/2000\/svg\" viewbox=\"0 0 1200 211.2\" preserveaspectratio=\"none\"><path d=\"M1200 188.4v22.8H0v-22.8C84.3 78.9 321.1 0 600 0s515.7 78.9 600 188.4z\"\/><\/svg><\/div><\/div><\/section>\n\n<section class=\"gb-container gb-container-353f0956 alignfull gb-container-full_blue_gradient full_blue\">\n<div class=\"gb-container gb-container-12554571 conteneurMedium\">\n<div class=\"gb-grid-wrapper gb-grid-wrapper-4f288c51\">\n<div class=\"gb-grid-column gb-grid-column-988286b6\"><div class=\"gb-container gb-container-988286b6\">\n\n<h2 class=\"gb-headline gb-headline-cafd723e gb-headline-text\">NOUS SERVONS DES MARCH\u00c9S DE POINTE ET DES CLIENTS EXIGEANTS<\/h2>\n\n\n\n<p>Nous travaillons avec des universit\u00e9s, des laboratoires de R&amp;D et des clients OEM dans le monde entier en fournissant des composants standard ou personnalis\u00e9s pour les applications les plus exigeantes. Nous servons les march\u00e9s m\u00e9dicaux et biom\u00e9dicaux en fournissant les composants n\u00e9cessaires aux solutions de pointe en mati\u00e8re de diagnostic, d'analyse, d'imagerie et de traitement.<\/p>\n\n\n\n<ul class=\"wp-block-list\">\n<li>Nos composants haute performance sont largement utilis\u00e9s dans toutes les applications quantiques, depuis les communications et les capteurs jusqu'aux ordinateurs quantiques, offrant la pr\u00e9cision, la stabilit\u00e9 et l'efficacit\u00e9 n\u00e9cessaires pour manipuler les photons ou les particules.<\/li>\n\n\n\n<li>Nos s\u00e9lecteurs d'impulsions et nos composants haute puissance sont au c\u0153ur des syst\u00e8mes de marquage, de gravure et de soudure, offrant des performances in\u00e9gal\u00e9es dans l'industrie du traitement des mat\u00e9riaux.<\/li>\n\n\n\n<li>Enfin, nos ing\u00e9nieurs proposent des solutions astucieuses et innovantes pour toutes les applications scientifiques impliquant les propri\u00e9t\u00e9s de la lumi\u00e8re, afin de mesurer, moduler, d\u00e9caler en fr\u00e9quence, filtrer ou d\u00e9vier des faisceaux lumineux.<\/li>\n<\/ul>\n\n\n\n<p>Nous proposons nos produits soit directement aux clients, soit par l'interm\u00e9diaire d'un portefeuille bien \u00e9tabli de distributeurs dans le monde entier.<\/p>\n\n<\/div><\/div>\n\n<div class=\"gb-grid-column gb-grid-column-99da3e4c\"><div class=\"gb-container gb-container-99da3e4c\" data-aos=\"fade-left\">\n\n<figure class=\"gb-block-image gb-block-image-9646d36b\"><img loading=\"lazy\" decoding=\"async\" width=\"1620\" height=\"1000\" class=\"gb-image gb-image-9646d36b img_turn_right\" src=\"https:\/\/aaoptoelectronic.com\/wp-content\/uploads\/2024\/03\/radio_frequency_drivers.jpg\" alt=\"conducteurs de radiofr\u00e9quences\" srcset=\"https:\/\/aaoptoelectronic.com\/wp-content\/uploads\/2024\/03\/radio_frequency_drivers.jpg 1620w, https:\/\/aaoptoelectronic.com\/wp-content\/uploads\/2024\/03\/radio_frequency_drivers-300x185.jpg 300w, https:\/\/aaoptoelectronic.com\/wp-content\/uploads\/2024\/03\/radio_frequency_drivers-600x370.jpg 600w, https:\/\/aaoptoelectronic.com\/wp-content\/uploads\/2024\/03\/radio_frequency_drivers-1024x632.jpg 1024w, https:\/\/aaoptoelectronic.com\/wp-content\/uploads\/2024\/03\/radio_frequency_drivers-768x474.jpg 768w, https:\/\/aaoptoelectronic.com\/wp-content\/uploads\/2024\/03\/radio_frequency_drivers-1536x948.jpg 1536w, https:\/\/aaoptoelectronic.com\/wp-content\/uploads\/2024\/03\/radio_frequency_drivers-500x309.jpg 500w, https:\/\/aaoptoelectronic.com\/wp-content\/uploads\/2024\/03\/radio_frequency_drivers-800x494.jpg 800w, https:\/\/aaoptoelectronic.com\/wp-content\/uploads\/2024\/03\/radio_frequency_drivers-1280x790.jpg 1280w\" sizes=\"auto, (max-width: 1620px) 100vw, 1620px\" \/><\/figure>\n\n\n\n<blockquote class=\"wp-block-quote is-layout-flow wp-block-quote-is-layout-flow\">\n<p>\"Nos valeurs sont fond\u00e9es sur la confiance, le partenariat \u00e0 long terme avec nos partenaires et nos clients, l'excellence technique et des services, la responsabilit\u00e9 sociale, la cha\u00eene d'approvisionnement et les produits durables.<\/p>\n\n\n\n<p class=\"gb-headline gb-headline-f516fd64 gb-headline-text\">Franck DARDE, Directeur des ventes<\/p>\n<\/blockquote>\n\n<\/div><\/div>\n<\/div>\n<\/div>\n<\/section>\n\n<section class=\"gb-container gb-container-1a51a0eb conteneurMedium\">\n<div class=\"gb-grid-wrapper gb-grid-wrapper-a409e650\">\n<div class=\"gb-grid-column gb-grid-column-8ac8e3f6\"><div class=\"gb-container gb-container-8ac8e3f6\" data-aos=\"fade-right\">\n\n<figure class=\"gb-block-image gb-block-image-c8629a22\"><img loading=\"lazy\" decoding=\"async\" width=\"1620\" height=\"1000\" class=\"gb-image gb-image-c8629a22 img_turn_left\" src=\"https:\/\/aaoptoelectronic.com\/wp-content\/uploads\/2024\/03\/expert_aa_opto_electronic.jpg\" alt=\"expert aa opto electronic\" srcset=\"https:\/\/aaoptoelectronic.com\/wp-content\/uploads\/2024\/03\/expert_aa_opto_electronic.jpg 1620w, https:\/\/aaoptoelectronic.com\/wp-content\/uploads\/2024\/03\/expert_aa_opto_electronic-300x185.jpg 300w, https:\/\/aaoptoelectronic.com\/wp-content\/uploads\/2024\/03\/expert_aa_opto_electronic-600x370.jpg 600w, https:\/\/aaoptoelectronic.com\/wp-content\/uploads\/2024\/03\/expert_aa_opto_electronic-1024x632.jpg 1024w, https:\/\/aaoptoelectronic.com\/wp-content\/uploads\/2024\/03\/expert_aa_opto_electronic-768x474.jpg 768w, https:\/\/aaoptoelectronic.com\/wp-content\/uploads\/2024\/03\/expert_aa_opto_electronic-1536x948.jpg 1536w, https:\/\/aaoptoelectronic.com\/wp-content\/uploads\/2024\/03\/expert_aa_opto_electronic-500x309.jpg 500w, https:\/\/aaoptoelectronic.com\/wp-content\/uploads\/2024\/03\/expert_aa_opto_electronic-800x494.jpg 800w, https:\/\/aaoptoelectronic.com\/wp-content\/uploads\/2024\/03\/expert_aa_opto_electronic-1280x790.jpg 1280w\" sizes=\"auto, (max-width: 1620px) 100vw, 1620px\" \/><\/figure>\n\n\n\n<blockquote class=\"wp-block-quote is-layout-flow wp-block-quote-is-layout-flow\">\n<p>\"Notre vision est d'\u00eatre un leader mondial et un pr\u00e9curseur dans la fourniture de composants acousto-optiques et de pilotes RF associ\u00e9s.\"<\/p>\n\n\n\n<p class=\"gb-headline gb-headline-dcf70101 gb-headline-text\">Franck DARDE, Directeur des ventes<\/p>\n<\/blockquote>\n\n<\/div><\/div>\n\n<div class=\"gb-grid-column gb-grid-column-aa41dee0\"><div class=\"gb-container gb-container-aa41dee0\">\n\n<h2 class=\"gb-headline gb-headline-d25bc81d gb-headline-text\">DES COMPOSANTS ET DES TECHNOLOGIES DE POINTE AVEC UNE CHA\u00ceNE D'APPROVISIONNEMENT PARFAITEMENT MA\u00ceTRIS\u00c9E.<\/h2>\n\n\n\n<p>La comp\u00e9tence de base de l'industrie des composants acousto-optiques d\u00e9pend de quatre \u00e9l\u00e9ments cl\u00e9s : les processus, les mat\u00e9riaux, l'\u00e9quipement et la capacit\u00e9 \u00e0 exploiter pleinement les performances acousto-optiques en optimisant les pilotes RF. AA OPTO-ELECTRONIC est l'une des rares entreprises \u00e0 disposer d'une plate-forme technologique unique et d'une cha\u00eene d'approvisionnement interne parfaitement ma\u00eetris\u00e9e. <\/p>\n\n\n\n<p>AA poss\u00e8de non seulement plus de 40 ans d'exp\u00e9rience dans ce domaine, mais aussi des techniques de travail du verre et du cristal, des technologies d'\u00e9quipement et des capacit\u00e9s de simulation par ordinateur qui lui sont propres. Ces \u00e9l\u00e9ments constituent une base solide qui permet \u00e0 l'entreprise de fournir des produits de la meilleure qualit\u00e9 et aux performances les plus \u00e9lev\u00e9es, et de d\u00e9velopper rapidement des produits innovants.<\/p>\n\n\n\n<p>La gamme de produits AO couvre toutes les longueurs d'onde de 180 nm \u00e0 11\u00b5m, tandis que les produits RF couvrent toutes les fr\u00e9quences de DC \u00e0 3GHz et jusqu'\u00e0 une puissance de sortie de 500W. Nous nous assurons de proposer un ensemble complet de produits AO + RF pour une meilleure exp\u00e9rience utilisateur.<\/p>\n\n<\/div><\/div>\n<\/div>\n<\/section>","protected":false},"excerpt":{"rendered":"<p>L'expertise d'AA OPTO-ELECTRONIC est la photonique, et nos composants mettent en valeur les applications de nos clients pour leur plus grande satisfaction.<\/p>","protected":false},"author":1,"featured_media":1487,"parent":0,"menu_order":0,"comment_status":"closed","ping_status":"closed","template":"","meta":{"footnotes":""},"class_list":["post-42","page","type-page","status-publish","format-standard","has-post-thumbnail"],"_links":{"self":[{"href":"https:\/\/aaoptoelectronic.com\/fr\/wp-json\/wp\/v2\/pages\/42","targetHints":{"allow":["GET"]}}],"collection":[{"href":"https:\/\/aaoptoelectronic.com\/fr\/wp-json\/wp\/v2\/pages"}],"about":[{"href":"https:\/\/aaoptoelectronic.com\/fr\/wp-json\/wp\/v2\/types\/page"}],"author":[{"embeddable":true,"href":"https:\/\/aaoptoelectronic.com\/fr\/wp-json\/wp\/v2\/users\/1"}],"replies":[{"embeddable":true,"href":"https:\/\/aaoptoelectronic.com\/fr\/wp-json\/wp\/v2\/comments?post=42"}],"version-history":[{"count":89,"href":"https:\/\/aaoptoelectronic.com\/fr\/wp-json\/wp\/v2\/pages\/42\/revisions"}],"predecessor-version":[{"id":4627,"href":"https:\/\/aaoptoelectronic.com\/fr\/wp-json\/wp\/v2\/pages\/42\/revisions\/4627"}],"wp:featuredmedia":[{"embeddable":true,"href":"https:\/\/aaoptoelectronic.com\/fr\/wp-json\/wp\/v2\/media\/1487"}],"wp:attachment":[{"href":"https:\/\/aaoptoelectronic.com\/fr\/wp-json\/wp\/v2\/media?parent=42"}],"curies":[{"name":"wp","href":"https:\/\/api.w.org\/{rel}","templated":true}]}}