{"id":49,"date":"2024-03-13T18:44:26","date_gmt":"2024-03-13T17:44:26","guid":{"rendered":"https:\/\/aaoptoelectronic.com\/?page_id=49"},"modified":"2024-05-31T15:15:48","modified_gmt":"2024-05-31T13:15:48","slug":"applications-acousto-optiques","status":"publish","type":"page","link":"https:\/\/aaoptoelectronic.com\/fr\/applications-acousto-optiques\/","title":{"rendered":"Applications acousto-optiques"},"content":{"rendered":"<section class=\"gb-container gb-container-09cd24db alignfull full_blue_gradient\">\n<div class=\"gb-container gb-container-b91725fb conteneurSmall\">\n<div class=\"gb-container gb-container-8409fb41\">\n<div class=\"wpgb-facet wpgb-loading wpgb-facet-5\" data-facet=\"5\" data-grid=\"1\">\t<fieldset>\n\t\t<legend class=\"wpgb-facet-title wpgb-sr-only\">Chat APP<\/legend>\n\t\t<div class=\"wpgb-button-facet\"><ul class=\"wpgb-inline-list\"><li><div class=\"wpgb-button\" role=\"button\" aria-pressed=\"true\" tabindex=\"0\"><input type=\"hidden\" name=\"cat_app\" value=\"\"><span class=\"wpgb-button-label\">Tous<\/span><\/div><\/li><li><div class=\"wpgb-button\" role=\"button\" aria-pressed=\"false\" tabindex=\"0\"><input type=\"hidden\" name=\"cat_app\" value=\"quantum-optics\"><span class=\"wpgb-button-label\">Optique quantique <span>(3)<\/span><\/span><\/div><\/li><li><div class=\"wpgb-button\" role=\"button\" aria-pressed=\"false\" tabindex=\"0\"><input type=\"hidden\" name=\"cat_app\" value=\"biophotonics\"><span class=\"wpgb-button-label\">Biophotonique <span>(2)<\/span><\/span><\/div><\/li><li><div class=\"wpgb-button\" role=\"button\" aria-pressed=\"false\" tabindex=\"0\"><input type=\"hidden\" name=\"cat_app\" value=\"industrial\"><span class=\"wpgb-button-label\">Industriel <span>(2)<\/span><\/span><\/div><\/li><li><div class=\"wpgb-button\" role=\"button\" aria-pressed=\"false\" tabindex=\"0\"><input type=\"hidden\" name=\"cat_app\" value=\"scientific\"><span class=\"wpgb-button-label\">Scientifique <span>(2)<\/span><\/span><\/div><\/li><\/ul><\/div>\t<\/fieldset>\n\t<\/div>\n<\/div>\n\n<!-- Gridbuilder \u1d42\u1d3e Plugin (https:\/\/wpgridbuilder.com) -->\n<div class=\"wp-grid-builder wpgb-grid-1\" data-options=\"{&quot;id&quot;:1,&quot;type&quot;:&quot;masonry&quot;,&quot;source&quot;:&quot;post_type&quot;,&quot;loader&quot;:0,&quot;layout&quot;:&quot;vertical&quot;,&quot;reveal&quot;:1,&quot;isMainQuery&quot;:false,&quot;lazyLoad&quot;:0,&quot;cardSizes&quot;:{&quot;9999&quot;:{&quot;columns&quot;:1,&quot;height&quot;:240,&quot;gutter&quot;:60,&quot;ratio&quot;:&quot;1.33333&quot;},&quot;1200&quot;:{&quot;columns&quot;:1,&quot;height&quot;:240,&quot;gutter&quot;:60,&quot;ratio&quot;:&quot;1.33333&quot;},&quot;992&quot;:{&quot;columns&quot;:1,&quot;height&quot;:220,&quot;gutter&quot;:60,&quot;ratio&quot;:&quot;1.33333&quot;},&quot;768&quot;:{&quot;columns&quot;:1,&quot;height&quot;:220,&quot;gutter&quot;:60,&quot;ratio&quot;:&quot;1.33333&quot;},&quot;576&quot;:{&quot;columns&quot;:1,&quot;height&quot;:200,&quot;gutter&quot;:60,&quot;ratio&quot;:&quot;1.33333&quot;},&quot;320&quot;:{&quot;columns&quot;:1,&quot;height&quot;:200,&quot;gutter&quot;:60,&quot;ratio&quot;:&quot;1.33333&quot;}},&quot;fitRows&quot;:0,&quot;equalRows&quot;:0,&quot;equalColumns&quot;:0,&quot;fillLastRow&quot;:0,&quot;centerLastRow&quot;:0,&quot;horizontalOrder&quot;:0,&quot;fullWidth&quot;:0,&quot;transitionDelay&quot;:100,&quot;gallerySlideshow&quot;:0,&quot;rowsNumber&quot;:1,&quot;slideAlign&quot;:&quot;left&quot;,&quot;groupCells&quot;:1,&quot;draggable&quot;:1,&quot;initialIndex&quot;:0,&quot;contain&quot;:0,&quot;freeScroll&quot;:0,&quot;freeFriction&quot;:&quot;0.075&quot;,&quot;friction&quot;:&quot;0.285&quot;,&quot;attraction&quot;:&quot;0.025&quot;,&quot;autoPlay&quot;:0,&quot;pageDotAriaLabel&quot;:&quot;Point de page %d&quot;,&quot;isPreview&quot;:false,&quot;isGutenberg&quot;:false,&quot;rightToLeft&quot;:false}\"><div class=\"wpgb-svg-icons\" hidden>\n\t<svg viewbox=\"0 0 120 24\" width=\"0\" height=\"0\">\n\t<defs>\n        <polygon id=\"wpgb-star-svg\" points=\"12 2.5 15.1 8.8 22 9.8 17 14.6 18.2 21.5 12 18.3 5.8 21.5 7 14.6 2 9.8 8.9 8.8\"><\/polygon>\n    <\/defs>\n    <symbol id=\"wpgb-rating-stars-svg\">\n        <use xlink:href=\"#wpgb-star-svg\"><\/use>\n        <use xlink:href=\"#wpgb-star-svg\" x=\"24\"><\/use>\n        <use xlink:href=\"#wpgb-star-svg\" x=\"48\"><\/use>\n        <use xlink:href=\"#wpgb-star-svg\" x=\"72\"><\/use>\n        <use xlink:href=\"#wpgb-star-svg\" x=\"96\"><\/use>\n    <\/symbol>\n<\/svg>\n<\/div>\n<div class=\"wpgb-wrapper\">\n\t<div class=\"wpgb-main\">\n\t<div class=\"wpgb-layout\">\n\t<div class=\"wpgb-viewport\">\n\t\t<div class=\"wpgb-masonry\">\n\t\t\t<article class=\"wpgb-card wpgb-card-1 wpgb-post-123 wpgb-card-hidden\" data-col=\"1\" data-row=\"1\" data-format=\"standard\"><div class=\"wpgb-card-wrapper\"><div class=\"wpgb-card-inner\"><div class=\"wpgb-card-media wpgb-scheme-light\" data-action><svg data-ratio style=\"padding-top:55.99%\" viewbox=\"0 0 768 430\"><\/svg><div class=\"wpgb-card-media-thumbnail\"><a href=\"https:\/\/aaoptoelectronic.com\/wp-content\/uploads\/2024\/03\/banner_quantum_computing.jpg\" tabindex=\"-1\" class=\"wpgb-handle-lb wpgb-lightbox\" data-type=\"image\" data-rel=\"1\" title=\"Agrandir la photo\"><div style=\"background-image:url(https:\/\/aaoptoelectronic.com\/wp-content\/uploads\/2024\/03\/banner_quantum_computing-768x430.jpg)\"><\/div><noscript><img loading=\"lazy\" decoding=\"async\" class=\"wpgb-noscript-img\" src=\"https:\/\/aaoptoelectronic.com\/wp-content\/uploads\/2024\/03\/banner_quantum_computing-768x430.jpg\" alt=\"informatique quantique\" height=\"430\" width=\"768\"><\/noscript><\/a><\/div><div class=\"wpgb-card-media-overlay\"><\/div><a class=\"wpgb-card-layer-link\" href=\"https:\/\/aaoptoelectronic.com\/fr\/application\/informatique-quantique\/\"><\/a><\/div><div class=\"wpgb-card-content wpgb-scheme-dark\"><div class=\"wpgb-card-body\"><h2 class=\"wpgb-block-2 wpgb-idle-scheme-3 wpgb-hover-accent-1\"><a href=\"https:\/\/aaoptoelectronic.com\/fr\/application\/informatique-quantique\/\">Informatique quantique<\/a><\/h2><p class=\"wpgb-block-3 wpgb-idle-scheme-3\">Explorer la manipulation de la lumi\u00e8re avec l'Acousto Optique L'Acousto Optique (AO) en informatique quantique est utilis\u00e9e pour manipuler les propri\u00e9t\u00e9s de la lumi\u00e8re telles que sa fr\u00e9quence, son intensit\u00e9, sa phase ou m\u00eame sa position. Ces propri\u00e9t\u00e9s ont \u00e9t\u00e9 bien exploit\u00e9es dans diverses exp\u00e9riences impliquant des photons intriqu\u00e9s : le dernier prix Nobel de physique 2022 a \u00e9t\u00e9 d\u00e9cern\u00e9 \u00e0 des...<\/p><\/div><div class=\"wpgb-card-footer\"><a class=\"wpgb-block-1 wpgb-idle-accent-1 wpgb-hover-accent-1\" href=\"https:\/\/aaoptoelectronic.com\/fr\/application\/informatique-quantique\/\">En savoir plus<\/a><\/div><\/div><\/div><\/div><\/article><article class=\"wpgb-card wpgb-card-1 wpgb-post-1349 wpgb-card-hidden\" data-col=\"1\" data-row=\"1\" data-format=\"standard\"><div class=\"wpgb-card-wrapper\"><div class=\"wpgb-card-inner\"><div class=\"wpgb-card-media wpgb-scheme-light\" data-action><svg data-ratio style=\"padding-top:55.99%\" viewbox=\"0 0 768 430\"><\/svg><div class=\"wpgb-card-media-thumbnail\"><a href=\"https:\/\/aaoptoelectronic.com\/wp-content\/uploads\/2024\/03\/banner_quantum_communication.jpg\" tabindex=\"-1\" class=\"wpgb-handle-lb wpgb-lightbox\" data-type=\"image\" data-rel=\"1\" title=\"Agrandir la photo\"><div style=\"background-image:url(https:\/\/aaoptoelectronic.com\/wp-content\/uploads\/2024\/03\/banner_quantum_communication-768x430.jpg)\"><\/div><noscript><img loading=\"lazy\" decoding=\"async\" class=\"wpgb-noscript-img\" src=\"https:\/\/aaoptoelectronic.com\/wp-content\/uploads\/2024\/03\/banner_quantum_communication-768x430.jpg\" alt=\"communication quantique\" height=\"430\" width=\"768\"><\/noscript><\/a><\/div><div class=\"wpgb-card-media-overlay\"><\/div><a class=\"wpgb-card-layer-link\" href=\"https:\/\/aaoptoelectronic.com\/fr\/application\/communication-quantique\/\"><\/a><\/div><div class=\"wpgb-card-content wpgb-scheme-dark\"><div class=\"wpgb-card-body\"><h2 class=\"wpgb-block-2 wpgb-idle-scheme-3 wpgb-hover-accent-1\"><a href=\"https:\/\/aaoptoelectronic.com\/fr\/application\/communication-quantique\/\">Communication quantique<\/a><\/h2><p class=\"wpgb-block-3 wpgb-idle-scheme-3\">Communication quantique : La communication quantique repose sur la transmission d'\u00e9tats quantiques entre des lieux distants. Les AOM sont utilis\u00e9s pour moduler les caract\u00e9ristiques des photons, ce qui permet de cr\u00e9er des \u00e9tats intriqu\u00e9s ou d'encoder des informations quantiques sur les photons pour les transmettre via des fibres optiques. Cette modulation garantit la transmission fid\u00e8le des \u00e9tats quantiques, ce qui est essentiel pour des applications telles que...<\/p><\/div><div class=\"wpgb-card-footer\"><a class=\"wpgb-block-1 wpgb-idle-accent-1 wpgb-hover-accent-1\" href=\"https:\/\/aaoptoelectronic.com\/fr\/application\/communication-quantique\/\">En savoir plus<\/a><\/div><\/div><\/div><\/div><\/article><article class=\"wpgb-card wpgb-card-1 wpgb-post-1351 wpgb-card-hidden\" data-col=\"1\" data-row=\"1\" data-format=\"standard\"><div class=\"wpgb-card-wrapper\"><div class=\"wpgb-card-inner\"><div class=\"wpgb-card-media wpgb-scheme-light\" data-action><svg data-ratio style=\"padding-top:55.99%\" viewbox=\"0 0 768 430\"><\/svg><div class=\"wpgb-card-media-thumbnail\"><a href=\"https:\/\/aaoptoelectronic.com\/wp-content\/uploads\/2024\/03\/banner_quantum_sensing_metrology.jpg\" tabindex=\"-1\" class=\"wpgb-handle-lb wpgb-lightbox\" data-type=\"image\" data-rel=\"1\" title=\"Agrandir la photo\"><div style=\"background-image:url(https:\/\/aaoptoelectronic.com\/wp-content\/uploads\/2024\/03\/banner_quantum_sensing_metrology-768x430.jpg)\"><\/div><noscript><img loading=\"lazy\" decoding=\"async\" class=\"wpgb-noscript-img\" src=\"https:\/\/aaoptoelectronic.com\/wp-content\/uploads\/2024\/03\/banner_quantum_sensing_metrology-768x430.jpg\" alt=\"d\u00e9tection quantique m\u00e9trologie\" height=\"430\" width=\"768\"><\/noscript><\/a><\/div><div class=\"wpgb-card-media-overlay\"><\/div><a class=\"wpgb-card-layer-link\" href=\"https:\/\/aaoptoelectronic.com\/fr\/application\/detection-quantique-metrologie\/\"><\/a><\/div><div class=\"wpgb-card-content wpgb-scheme-dark\"><div class=\"wpgb-card-body\"><h2 class=\"wpgb-block-2 wpgb-idle-scheme-3 wpgb-hover-accent-1\"><a href=\"https:\/\/aaoptoelectronic.com\/fr\/application\/detection-quantique-metrologie\/\">D\u00e9tection quantique et m\u00e9trologie<\/a><\/h2><p class=\"wpgb-block-3 wpgb-idle-scheme-3\">Le r\u00f4le des dispositifs acousto-optiques dans la d\u00e9tection quantique et la m\u00e9trologie Les dispositifs acousto-optiques jouent un r\u00f4le dans la d\u00e9tection quantique et la m\u00e9trologie en am\u00e9liorant la pr\u00e9cision des mesures. En modulant la phase ou la fr\u00e9quence des faisceaux laser utilis\u00e9s dans les installations d'interf\u00e9rom\u00e9trie, les dispositifs acousto-optiques permettent de mesurer \u00e0 haute r\u00e9solution des quantit\u00e9s physiques telles que la distance, le temps et les champs magn\u00e9tiques. Ces avanc\u00e9es ont des applications dans le domaine des ondes gravitationnelles...<\/p><\/div><div class=\"wpgb-card-footer\"><a class=\"wpgb-block-1 wpgb-idle-accent-1 wpgb-hover-accent-1\" href=\"https:\/\/aaoptoelectronic.com\/fr\/application\/detection-quantique-metrologie\/\">En savoir plus<\/a><\/div><\/div><\/div><\/div><\/article><article class=\"wpgb-card wpgb-card-1 wpgb-post-125 wpgb-card-hidden\" data-col=\"1\" data-row=\"1\" data-format=\"standard\"><div class=\"wpgb-card-wrapper\"><div class=\"wpgb-card-inner\"><div class=\"wpgb-card-media wpgb-scheme-light\" data-action><svg data-ratio style=\"padding-top:55.99%\" viewbox=\"0 0 768 430\"><\/svg><div class=\"wpgb-card-media-thumbnail\"><a href=\"https:\/\/aaoptoelectronic.com\/wp-content\/uploads\/2024\/02\/banner_material_processing.jpg\" tabindex=\"-1\" class=\"wpgb-handle-lb wpgb-lightbox\" data-type=\"image\" data-rel=\"1\" title=\"Agrandir la photo\"><div style=\"background-image:url(https:\/\/aaoptoelectronic.com\/wp-content\/uploads\/2024\/02\/banner_material_processing-768x430.jpg)\"><\/div><noscript><img loading=\"lazy\" decoding=\"async\" class=\"wpgb-noscript-img\" src=\"https:\/\/aaoptoelectronic.com\/wp-content\/uploads\/2024\/02\/banner_material_processing-768x430.jpg\" alt=\"traitement des mat\u00e9riaux\" height=\"430\" width=\"768\"><\/noscript><\/a><\/div><div class=\"wpgb-card-media-overlay\"><\/div><a class=\"wpgb-card-layer-link\" href=\"https:\/\/aaoptoelectronic.com\/fr\/application\/traitement-des-materiaux\/\"><\/a><\/div><div class=\"wpgb-card-content wpgb-scheme-dark\"><div class=\"wpgb-card-body\"><h2 class=\"wpgb-block-2 wpgb-idle-scheme-3 wpgb-hover-accent-1\"><a href=\"https:\/\/aaoptoelectronic.com\/fr\/application\/traitement-des-materiaux\/\">Traitement des mat\u00e9riaux<\/a><\/h2><p class=\"wpgb-block-3 wpgb-idle-scheme-3\">Am\u00e9liorer la pr\u00e9cision des syst\u00e8mes de gravure : le r\u00f4le des lasers \u00e0 impulsions ultra-courtes et des dispositifs d'OA L'utilisation de lasers \u00e0 impulsions ultra-courtes, dont la dur\u00e9e est de l'ordre de la picoseconde, voire de la femtoseconde, est assez courante dans les syst\u00e8mes de gravure. La dur\u00e9e de l'\u00e9nergie \u00e9tant \u00e9galement courte, cela limite l'\u00e9chauffement de la pi\u00e8ce et permet donc de r\u00e9aliser des gravures pr\u00e9cises...<\/p><\/div><div class=\"wpgb-card-footer\"><a class=\"wpgb-block-1 wpgb-idle-accent-1 wpgb-hover-accent-1\" href=\"https:\/\/aaoptoelectronic.com\/fr\/application\/traitement-des-materiaux\/\">En savoir plus<\/a><\/div><\/div><\/div><\/div><\/article><article class=\"wpgb-card wpgb-card-1 wpgb-post-1352 wpgb-card-hidden\" data-col=\"1\" data-row=\"1\" data-format=\"standard\"><div class=\"wpgb-card-wrapper\"><div class=\"wpgb-card-inner\"><div class=\"wpgb-card-media wpgb-scheme-light\" data-action><svg data-ratio style=\"padding-top:55.99%\" viewbox=\"0 0 768 430\"><\/svg><div class=\"wpgb-card-media-thumbnail\"><a href=\"https:\/\/aaoptoelectronic.com\/wp-content\/uploads\/2024\/02\/banner_LiDAR.jpg\" tabindex=\"-1\" class=\"wpgb-handle-lb wpgb-lightbox\" data-type=\"image\" data-rel=\"1\" title=\"Agrandir la photo\"><div style=\"background-image:url(https:\/\/aaoptoelectronic.com\/wp-content\/uploads\/2024\/02\/banner_LiDAR-768x430.jpg)\"><\/div><noscript><img loading=\"lazy\" decoding=\"async\" class=\"wpgb-noscript-img\" src=\"https:\/\/aaoptoelectronic.com\/wp-content\/uploads\/2024\/02\/banner_LiDAR-768x430.jpg\" alt=\"LiDAR\" height=\"430\" width=\"768\"><\/noscript><\/a><\/div><div class=\"wpgb-card-media-overlay\"><\/div><a class=\"wpgb-card-layer-link\" href=\"https:\/\/aaoptoelectronic.com\/fr\/application\/lidar\/\"><\/a><\/div><div class=\"wpgb-card-content wpgb-scheme-dark\"><div class=\"wpgb-card-body\"><h2 class=\"wpgb-block-2 wpgb-idle-scheme-3 wpgb-hover-accent-1\"><a href=\"https:\/\/aaoptoelectronic.com\/fr\/application\/lidar\/\">LiDAR<\/a><\/h2><p class=\"wpgb-block-3 wpgb-idle-scheme-3\">La polyvalence de la technologie LiDAR LiDAR est un acronyme d\u00e9riv\u00e9 de radar, mais qui utilise la lumi\u00e8re au lieu des ondes radio. En tant que technologie de d\u00e9tection, il peut \u00eatre utilis\u00e9 pour mesurer des distances, cr\u00e9er des cartes en 3D et recueillir des informations sur la forme ou les caract\u00e9ristiques de surfaces ou d'objets. Les syst\u00e8mes LIDAR sont utilis\u00e9s dans divers secteurs : v\u00e9hicules autonomes, m\u00e9t\u00e9orologie, \u00e9oliennes, et la liste n'est pas exhaustive.....<\/p><\/div><div class=\"wpgb-card-footer\"><a class=\"wpgb-block-1 wpgb-idle-accent-1 wpgb-hover-accent-1\" href=\"https:\/\/aaoptoelectronic.com\/fr\/application\/lidar\/\">En savoir plus<\/a><\/div><\/div><\/div><\/div><\/article><article class=\"wpgb-card wpgb-card-1 wpgb-post-1354 wpgb-card-hidden\" data-col=\"1\" data-row=\"1\" data-format=\"standard\"><div class=\"wpgb-card-wrapper\"><div class=\"wpgb-card-inner\"><div class=\"wpgb-card-media wpgb-scheme-light\" data-action><svg data-ratio style=\"padding-top:55.99%\" viewbox=\"0 0 768 430\"><\/svg><div class=\"wpgb-card-media-thumbnail\"><a href=\"https:\/\/aaoptoelectronic.com\/wp-content\/uploads\/2024\/02\/banner_optical_tweezers.jpg\" tabindex=\"-1\" class=\"wpgb-handle-lb wpgb-lightbox\" data-type=\"image\" data-rel=\"1\" title=\"Agrandir la photo\"><div style=\"background-image:url(https:\/\/aaoptoelectronic.com\/wp-content\/uploads\/2024\/02\/banner_optical_tweezers-768x430.jpg)\"><\/div><noscript><img loading=\"lazy\" decoding=\"async\" class=\"wpgb-noscript-img\" src=\"https:\/\/aaoptoelectronic.com\/wp-content\/uploads\/2024\/02\/banner_optical_tweezers-768x430.jpg\" alt=\"pince optique\" height=\"430\" width=\"768\"><\/noscript><\/a><\/div><div class=\"wpgb-card-media-overlay\"><\/div><a class=\"wpgb-card-layer-link\" href=\"https:\/\/aaoptoelectronic.com\/fr\/application\/pince-optique\/\"><\/a><\/div><div class=\"wpgb-card-content wpgb-scheme-dark\"><div class=\"wpgb-card-body\"><h2 class=\"wpgb-block-2 wpgb-idle-scheme-3 wpgb-hover-accent-1\"><a href=\"https:\/\/aaoptoelectronic.com\/fr\/application\/pince-optique\/\">Pince optique<\/a><\/h2><p class=\"wpgb-block-3 wpgb-idle-scheme-3\">Les pinces optiques : un outil pour la manipulation microscopique Une pince optique est un instrument scientifique qui utilise un faisceau laser focalis\u00e9 pour exercer une force d'attraction ou de r\u00e9pulsion sur des particules microscopiques. Le faisceau focalis\u00e9 dans les pinces cr\u00e9e des pi\u00e8ges optiques de sorte que les minuscules particules peuvent \u00eatre maintenues, d\u00e9plac\u00e9es et facilement manipul\u00e9es. Les dispositifs d'OA ont largement contribu\u00e9 \u00e0 cette...<\/p><\/div><div class=\"wpgb-card-footer\"><a class=\"wpgb-block-1 wpgb-idle-accent-1 wpgb-hover-accent-1\" href=\"https:\/\/aaoptoelectronic.com\/fr\/application\/pince-optique\/\">En savoir plus<\/a><\/div><\/div><\/div><\/div><\/article><article class=\"wpgb-card wpgb-card-1 wpgb-post-1356 wpgb-card-hidden\" data-col=\"1\" data-row=\"1\" data-format=\"standard\"><div class=\"wpgb-card-wrapper\"><div class=\"wpgb-card-inner\"><div class=\"wpgb-card-media wpgb-scheme-light\" data-action><svg data-ratio style=\"padding-top:55.99%\" viewbox=\"0 0 768 430\"><\/svg><div class=\"wpgb-card-media-thumbnail\"><a href=\"https:\/\/aaoptoelectronic.com\/wp-content\/uploads\/2024\/02\/banner_hyperspectral_imaging.jpg\" tabindex=\"-1\" class=\"wpgb-handle-lb wpgb-lightbox\" data-type=\"image\" data-rel=\"1\" title=\"Agrandir la photo\"><div style=\"background-image:url(https:\/\/aaoptoelectronic.com\/wp-content\/uploads\/2024\/02\/banner_hyperspectral_imaging-768x430.jpg)\"><\/div><noscript><img loading=\"lazy\" decoding=\"async\" class=\"wpgb-noscript-img\" src=\"https:\/\/aaoptoelectronic.com\/wp-content\/uploads\/2024\/02\/banner_hyperspectral_imaging-768x430.jpg\" alt=\"imagerie hyperspectrale\" height=\"430\" width=\"768\"><\/noscript><\/a><\/div><div class=\"wpgb-card-media-overlay\"><\/div><a class=\"wpgb-card-layer-link\" href=\"https:\/\/aaoptoelectronic.com\/fr\/application\/imagerie-hyperspectrale\/\"><\/a><\/div><div class=\"wpgb-card-content wpgb-scheme-dark\"><div class=\"wpgb-card-body\"><h2 class=\"wpgb-block-2 wpgb-idle-scheme-3 wpgb-hover-accent-1\"><a href=\"https:\/\/aaoptoelectronic.com\/fr\/application\/imagerie-hyperspectrale\/\">Imagerie hyperspectrale<\/a><\/h2><p class=\"wpgb-block-3 wpgb-idle-scheme-3\">Une meilleure compr\u00e9hension : le r\u00f4le des AOTF dans l'imagerie hyperspectrale Les AOTF sont utilis\u00e9s dans les syst\u00e8mes d'imagerie hyperspectrale pour acqu\u00e9rir des informations spectrales \u00e0 partir de chaque pixel d'une image. En r\u00e9glant l'AOTF, diff\u00e9rentes longueurs d'onde de la lumi\u00e8re peuvent \u00eatre transmises de mani\u00e8re s\u00e9lective, ce qui permet de g\u00e9n\u00e9rer des images hyperspectrales contenant des informations spatiales et spectrales. L'imagerie hyperspectrale trouve des applications dans la t\u00e9l\u00e9d\u00e9tection, la surveillance de l'environnement, l'inspection agricole,...<\/p><\/div><div class=\"wpgb-card-footer\"><a class=\"wpgb-block-1 wpgb-idle-accent-1 wpgb-hover-accent-1\" href=\"https:\/\/aaoptoelectronic.com\/fr\/application\/imagerie-hyperspectrale\/\">En savoir plus<\/a><\/div><\/div><\/div><\/div><\/article><article class=\"wpgb-card wpgb-card-1 wpgb-post-1358 wpgb-card-hidden\" data-col=\"1\" data-row=\"1\" data-format=\"standard\"><div class=\"wpgb-card-wrapper\"><div class=\"wpgb-card-inner\"><div class=\"wpgb-card-media wpgb-scheme-light\" data-action><svg data-ratio style=\"padding-top:55.99%\" viewbox=\"0 0 768 430\"><\/svg><div class=\"wpgb-card-media-thumbnail\"><a href=\"https:\/\/aaoptoelectronic.com\/wp-content\/uploads\/2024\/02\/banner_Lightsheet_microscopy.jpg\" tabindex=\"-1\" class=\"wpgb-handle-lb wpgb-lightbox\" data-type=\"image\" data-rel=\"1\" title=\"Agrandir la photo\"><div style=\"background-image:url(https:\/\/aaoptoelectronic.com\/wp-content\/uploads\/2024\/02\/banner_Lightsheet_microscopy-768x430.jpg)\"><\/div><noscript><img loading=\"lazy\" decoding=\"async\" class=\"wpgb-noscript-img\" src=\"https:\/\/aaoptoelectronic.com\/wp-content\/uploads\/2024\/02\/banner_Lightsheet_microscopy-768x430.jpg\" alt=\"Microscopie \u00e0 feuille de lumi\u00e8re\" height=\"430\" width=\"768\"><\/noscript><\/a><\/div><div class=\"wpgb-card-media-overlay\"><\/div><a class=\"wpgb-card-layer-link\" href=\"https:\/\/aaoptoelectronic.com\/fr\/application\/microscopie-a-feuille-de-lumiere\/\"><\/a><\/div><div class=\"wpgb-card-content wpgb-scheme-dark\"><div class=\"wpgb-card-body\"><h2 class=\"wpgb-block-2 wpgb-idle-scheme-3 wpgb-hover-accent-1\"><a href=\"https:\/\/aaoptoelectronic.com\/fr\/application\/microscopie-a-feuille-de-lumiere\/\">Microscopie \u00e0 feuille de lumi\u00e8re<\/a><\/h2><p class=\"wpgb-block-3 wpgb-idle-scheme-3\">Illuminer la biologie : la microscopie \u00e0 feuille de lumi\u00e8re d\u00e9voil\u00e9e La microscopie \u00e0 feuille de lumi\u00e8re est une technique d'imagerie avanc\u00e9e utilis\u00e9e dans le domaine de la biologie et de la recherche biom\u00e9dicale. Elle est particuli\u00e8rement bien adapt\u00e9e \u00e0 la capture d'images 3D d'\u00e9chantillons biologiques, y compris de cellules et de tissus vivants, avec un minimum de photod\u00e9g\u00e2ts et une haute r\u00e9solution spatiale et temporelle. La microscopie \u00e0 feuille de lumi\u00e8re fonctionne sur le principe de l'\u00e9clairage d'une fine feuille de lumi\u00e8re...<\/p><\/div><div class=\"wpgb-card-footer\"><a class=\"wpgb-block-1 wpgb-idle-accent-1 wpgb-hover-accent-1\" href=\"https:\/\/aaoptoelectronic.com\/fr\/application\/microscopie-a-feuille-de-lumiere\/\">En savoir plus<\/a><\/div><\/div><\/div><\/div><\/article><article class=\"wpgb-card wpgb-card-1 wpgb-post-1357 wpgb-card-hidden\" data-col=\"1\" data-row=\"1\" data-format=\"standard\"><div class=\"wpgb-card-wrapper\"><div class=\"wpgb-card-inner\"><div class=\"wpgb-card-media wpgb-scheme-light\" data-action><svg data-ratio style=\"padding-top:55.99%\" viewbox=\"0 0 768 430\"><\/svg><div class=\"wpgb-card-media-thumbnail\"><a href=\"https:\/\/aaoptoelectronic.com\/wp-content\/uploads\/2024\/02\/banner_confocal_microscopy.jpg\" tabindex=\"-1\" class=\"wpgb-handle-lb wpgb-lightbox\" data-type=\"image\" data-rel=\"1\" title=\"Agrandir la photo\"><div style=\"background-image:url(https:\/\/aaoptoelectronic.com\/wp-content\/uploads\/2024\/02\/banner_confocal_microscopy-768x430.jpg)\"><\/div><noscript><img loading=\"lazy\" decoding=\"async\" class=\"wpgb-noscript-img\" src=\"https:\/\/aaoptoelectronic.com\/wp-content\/uploads\/2024\/02\/banner_confocal_microscopy-768x430.jpg\" alt=\"microscopie confocale\" height=\"430\" width=\"768\"><\/noscript><\/a><\/div><div class=\"wpgb-card-media-overlay\"><\/div><a class=\"wpgb-card-layer-link\" href=\"https:\/\/aaoptoelectronic.com\/fr\/application\/microscopie-confocale\/\"><\/a><\/div><div class=\"wpgb-card-content wpgb-scheme-dark\"><div class=\"wpgb-card-body\"><h2 class=\"wpgb-block-2 wpgb-idle-scheme-3 wpgb-hover-accent-1\"><a href=\"https:\/\/aaoptoelectronic.com\/fr\/application\/microscopie-confocale\/\">Microscopie confocale<\/a><\/h2><p class=\"wpgb-block-3 wpgb-idle-scheme-3\">Microscopie confocale : visualiser les structures 3D La microscopie confocale est une technique d'imagerie utilis\u00e9e dans divers domaines, notamment la m\u00e9decine, la biologie et la science des mat\u00e9riaux. Elle permet de visualiser des structures 3D complexes et des processus dynamiques au sein des \u00e9chantillons. Le principe de fonctionnement est bas\u00e9 sur la focalisation s\u00e9lective sur un plan d'int\u00e9r\u00eat sp\u00e9cifique tout en \u00e9liminant la lumi\u00e8re non focalis\u00e9e...<\/p><\/div><div class=\"wpgb-card-footer\"><a class=\"wpgb-block-1 wpgb-idle-accent-1 wpgb-hover-accent-1\" href=\"https:\/\/aaoptoelectronic.com\/fr\/application\/microscopie-confocale\/\">En savoir plus<\/a><\/div><\/div><\/div><\/div><\/article>\t\t<\/div>\n\t<\/div>\n\t<\/div>\n\t<\/div>\n\t\t<\/div>\n<\/div>\n\n<\/div>\n<\/section>","protected":false},"excerpt":{"rendered":"<p>Les composants AO ainsi que leurs drivers RF associ\u00e9s jouent un r\u00f4le majeur dans un large \u00e9ventail d'applications gr\u00e2ce \u00e0 leur capacit\u00e9 \u00e0 manipuler la lumi\u00e8re avec une grande pr\u00e9cision et \u00e0 haute vitesse.<\/p>","protected":false},"author":1,"featured_media":4118,"parent":0,"menu_order":0,"comment_status":"closed","ping_status":"closed","template":"","meta":{"footnotes":""},"class_list":["post-49","page","type-page","status-publish","format-standard","has-post-thumbnail"],"_links":{"self":[{"href":"https:\/\/aaoptoelectronic.com\/fr\/wp-json\/wp\/v2\/pages\/49","targetHints":{"allow":["GET"]}}],"collection":[{"href":"https:\/\/aaoptoelectronic.com\/fr\/wp-json\/wp\/v2\/pages"}],"about":[{"href":"https:\/\/aaoptoelectronic.com\/fr\/wp-json\/wp\/v2\/types\/page"}],"author":[{"embeddable":true,"href":"https:\/\/aaoptoelectronic.com\/fr\/wp-json\/wp\/v2\/users\/1"}],"replies":[{"embeddable":true,"href":"https:\/\/aaoptoelectronic.com\/fr\/wp-json\/wp\/v2\/comments?post=49"}],"version-history":[{"count":17,"href":"https:\/\/aaoptoelectronic.com\/fr\/wp-json\/wp\/v2\/pages\/49\/revisions"}],"predecessor-version":[{"id":4423,"href":"https:\/\/aaoptoelectronic.com\/fr\/wp-json\/wp\/v2\/pages\/49\/revisions\/4423"}],"wp:featuredmedia":[{"embeddable":true,"href":"https:\/\/aaoptoelectronic.com\/fr\/wp-json\/wp\/v2\/media\/4118"}],"wp:attachment":[{"href":"https:\/\/aaoptoelectronic.com\/fr\/wp-json\/wp\/v2\/media?parent=49"}],"curies":[{"name":"wp","href":"https:\/\/api.w.org\/{rel}","templated":true}]}}