{"id":329,"date":"2024-03-15T20:00:53","date_gmt":"2024-03-15T19:00:53","guid":{"rendered":"https:\/\/aaoptoelectronic.com\/?post_type=product&#038;p=329"},"modified":"2024-04-30T00:39:46","modified_gmt":"2024-04-29T22:39:46","slug":"qmodp2a-interrupteur-q-compact-20w","status":"publish","type":"product","link":"https:\/\/aaoptoelectronic.com\/fr\/qmodp2a-interrupteur-q-compact-20w\/","title":{"rendered":"QMODP2A Q-Switch compact 20W"},"content":{"rendered":"<p><span lang=\"en-US\">Ces pilotes, bas\u00e9s sur des oscillateurs \u00e0 quartz, produisent un signal de fr\u00e9quence RF fixe, stable et pr\u00e9cis entre 10 et 400 MHz. L'amplificateur de puissance int\u00e9gr\u00e9 fournit la puissance RF n\u00e9cessaire jusqu'\u00e0 4W.<\/span><\/p>\n<p>La puissance de sortie RF peut \u00eatre modul\u00e9e de mani\u00e8re externe avec un signal TTL (num\u00e9rique) et un signal analogique 0-5V.<\/p>","protected":false},"excerpt":{"rendered":"<p>These drivers based on quartz oscillators, produce a fixed stable and accurate RF frequency signal in 10-400 MHz. The built-in power amplifier delivers the necessary RF power up to 4W. The RF output power can be externally modulated with a TTL (digital) and an analog 0-5V signal.<\/p>","protected":false},"featured_media":2196,"template":"","format":"standard","meta":[],"product_brand":[],"product_cat":[28,25],"product_tag":[361,363,357],"class_list":{"0":"post-329","1":"product","2":"type-product","3":"status-publish","4":"format-standard","5":"has-post-thumbnail","7":"product_cat-fixed-frequency-drivers","8":"product_cat-rf-drivers","9":"product_tag-compact","10":"product_tag-modulators-fixed-frequency-shifters","11":"product_tag-q-switch","12":"sales-flash-overlay","13":"woocommerce-text-align-center","14":"woocommerce-image-align-center","15":"do-quantity-buttons","17":"first","18":"instock","19":"shipping-taxable","20":"purchasable","21":"product-type-variable"},"_links":{"self":[{"href":"https:\/\/aaoptoelectronic.com\/fr\/wp-json\/wp\/v2\/product\/329","targetHints":{"allow":["GET"]}}],"collection":[{"href":"https:\/\/aaoptoelectronic.com\/fr\/wp-json\/wp\/v2\/product"}],"about":[{"href":"https:\/\/aaoptoelectronic.com\/fr\/wp-json\/wp\/v2\/types\/product"}],"wp:featuredmedia":[{"embeddable":true,"href":"https:\/\/aaoptoelectronic.com\/fr\/wp-json\/wp\/v2\/media\/2196"}],"wp:attachment":[{"href":"https:\/\/aaoptoelectronic.com\/fr\/wp-json\/wp\/v2\/media?parent=329"}],"wp:term":[{"taxonomy":"product_brand","embeddable":true,"href":"https:\/\/aaoptoelectronic.com\/fr\/wp-json\/wp\/v2\/product_brand?post=329"},{"taxonomy":"product_cat","embeddable":true,"href":"https:\/\/aaoptoelectronic.com\/fr\/wp-json\/wp\/v2\/product_cat?post=329"},{"taxonomy":"product_tag","embeddable":true,"href":"https:\/\/aaoptoelectronic.com\/fr\/wp-json\/wp\/v2\/product_tag?post=329"}],"curies":[{"name":"wp","href":"https:\/\/api.w.org\/{rel}","templated":true}]}}