{"id":4693,"date":"2024-07-19T15:38:04","date_gmt":"2024-07-19T13:38:04","guid":{"rendered":"https:\/\/aaoptoelectronic.com\/?post_type=product&#038;p=4693"},"modified":"2024-07-19T16:05:49","modified_gmt":"2024-07-19T14:05:49","slug":"mq180-a025-vis-2","status":"publish","type":"product","link":"https:\/\/aaoptoelectronic.com\/fr\/mq180-a025-vis-2\/","title":{"rendered":"MQ180-A0,25-VIS"},"content":{"rendered":"<p>Ce capteur d'impulsions AO en espace libre est fabriqu\u00e9 en silice fondue recouverte d'un rev\u00eatement AR dans la gamme de longueurs d'onde de 440-650 nm. Avec un temps de mont\u00e9e\/descente de 110 ns\/mm et un diam\u00e8tre de faisceau pratique, il peut extraire des impulsions \u00e0 partir d'un taux de r\u00e9p\u00e9tition aussi \u00e9lev\u00e9 que 50 MHz.<\/p>","protected":false},"excerpt":{"rendered":"<p>AO Pulse Picker, Fused Silica [L], Temps de mont\u00e9e\/descente 110ns\/mm, Fr\u00e9quence porteuse 180 MHz, Ouverture 0.25 x 1 mm\u00b2, Gamme de longueur d'onde : 440-670 nm, Puissance RF &lt; 2W.<\/p>","protected":false},"featured_media":3928,"template":"","format":"standard","meta":[],"product_brand":[],"product_cat":[20,22],"product_tag":[],"class_list":{"0":"post-4693","1":"product","2":"type-product","3":"status-publish","4":"format-standard","5":"has-post-thumbnail","7":"product_cat-ao-devices","8":"product_cat-pulse-pickers","9":"sales-flash-overlay","10":"woocommerce-text-align-center","11":"woocommerce-image-align-center","12":"do-quantity-buttons","14":"first","15":"instock","16":"shipping-taxable","17":"purchasable","18":"product-type-simple"},"_links":{"self":[{"href":"https:\/\/aaoptoelectronic.com\/fr\/wp-json\/wp\/v2\/product\/4693","targetHints":{"allow":["GET"]}}],"collection":[{"href":"https:\/\/aaoptoelectronic.com\/fr\/wp-json\/wp\/v2\/product"}],"about":[{"href":"https:\/\/aaoptoelectronic.com\/fr\/wp-json\/wp\/v2\/types\/product"}],"wp:featuredmedia":[{"embeddable":true,"href":"https:\/\/aaoptoelectronic.com\/fr\/wp-json\/wp\/v2\/media\/3928"}],"wp:attachment":[{"href":"https:\/\/aaoptoelectronic.com\/fr\/wp-json\/wp\/v2\/media?parent=4693"}],"wp:term":[{"taxonomy":"product_brand","embeddable":true,"href":"https:\/\/aaoptoelectronic.com\/fr\/wp-json\/wp\/v2\/product_brand?post=4693"},{"taxonomy":"product_cat","embeddable":true,"href":"https:\/\/aaoptoelectronic.com\/fr\/wp-json\/wp\/v2\/product_cat?post=4693"},{"taxonomy":"product_tag","embeddable":true,"href":"https:\/\/aaoptoelectronic.com\/fr\/wp-json\/wp\/v2\/product_tag?post=4693"}],"curies":[{"name":"wp","href":"https:\/\/api.w.org\/{rel}","templated":true}]}}