{"id":4696,"date":"2024-07-19T16:41:44","date_gmt":"2024-07-19T14:41:44","guid":{"rendered":"https:\/\/aaoptoelectronic.com\/?post_type=product&#038;p=4696"},"modified":"2024-09-27T16:29:55","modified_gmt":"2024-09-27T14:29:55","slug":"mt80-a04-2000-2","status":"publish","type":"product","link":"https:\/\/aaoptoelectronic.com\/fr\/mt80-a04-2000-2\/","title":{"rendered":"MT80-A0,4-2000"},"content":{"rendered":"<p>Ce capteur d'impulsions OA en espace libre est fabriqu\u00e9 en Te02[L], utilisable dans la gamme de longueurs d'onde de 1900 \u00e0 2100 nm. Avec un temps de mont\u00e9e\/descente de 160ns\/mm et un diam\u00e8tre de faisceau convenable, il peut extraire des impulsions jusqu'\u00e0 16 MHz.<\/p>","protected":false},"excerpt":{"rendered":"<p>AO Pulse Picker, Te02[L], Temps de mont\u00e9e\/descente 160ns\/mm, Fr\u00e9quence porteuse 80 MHz, Ouverture 0.4 x 1 mm\u00b2, Gamme de longueur d'onde : 1950-2000 nm, Puissance RF &lt; 2.5W.<\/p>","protected":false},"featured_media":3941,"template":"","format":"standard","meta":[],"product_brand":[],"product_cat":[20,22],"product_tag":[],"class_list":{"0":"post-4696","1":"product","2":"type-product","3":"status-publish","4":"format-standard","5":"has-post-thumbnail","7":"product_cat-ao-devices","8":"product_cat-pulse-pickers","9":"sales-flash-overlay","10":"woocommerce-text-align-center","11":"woocommerce-image-align-center","12":"do-quantity-buttons","14":"first","15":"instock","16":"shipping-taxable","17":"purchasable","18":"product-type-simple"},"_links":{"self":[{"href":"https:\/\/aaoptoelectronic.com\/fr\/wp-json\/wp\/v2\/product\/4696","targetHints":{"allow":["GET"]}}],"collection":[{"href":"https:\/\/aaoptoelectronic.com\/fr\/wp-json\/wp\/v2\/product"}],"about":[{"href":"https:\/\/aaoptoelectronic.com\/fr\/wp-json\/wp\/v2\/types\/product"}],"wp:featuredmedia":[{"embeddable":true,"href":"https:\/\/aaoptoelectronic.com\/fr\/wp-json\/wp\/v2\/media\/3941"}],"wp:attachment":[{"href":"https:\/\/aaoptoelectronic.com\/fr\/wp-json\/wp\/v2\/media?parent=4696"}],"wp:term":[{"taxonomy":"product_brand","embeddable":true,"href":"https:\/\/aaoptoelectronic.com\/fr\/wp-json\/wp\/v2\/product_brand?post=4696"},{"taxonomy":"product_cat","embeddable":true,"href":"https:\/\/aaoptoelectronic.com\/fr\/wp-json\/wp\/v2\/product_cat?post=4696"},{"taxonomy":"product_tag","embeddable":true,"href":"https:\/\/aaoptoelectronic.com\/fr\/wp-json\/wp\/v2\/product_tag?post=4696"}],"curies":[{"name":"wp","href":"https:\/\/api.w.org\/{rel}","templated":true}]}}