{"id":4760,"date":"2024-08-09T14:23:36","date_gmt":"2024-08-09T12:23:36","guid":{"rendered":"https:\/\/aaoptoelectronic.com\/?post_type=product&#038;p=4760"},"modified":"2025-01-14T15:54:40","modified_gmt":"2025-01-14T14:54:40","slug":"mq200-b30a1-5-266-300-br","status":"publish","type":"product","link":"https:\/\/aaoptoelectronic.com\/fr\/mq200-b30a1-5-266-300-br\/","title":{"rendered":"MQ200-B30A1.5-244.300-Br"},"content":{"rendered":"<p>Ce dispositif d'OA est fabriqu\u00e9 en silice fondue avec une coupe de Brewster utilisable dans la gamme de longueurs d'onde de 244 \u00e0 300 nm. Il peut \u00eatre utilis\u00e9 comme modificateur de fr\u00e9quence variable ainsi que comme d\u00e9flecteur rapide, mais \u00e0 faible r\u00e9solution. Il fonctionne \u00e0 une fr\u00e9quence centrale de 200 MHz avec une largeur de bande de +\/- 15 MHz.<\/p>","protected":false},"excerpt":{"rendered":"<p>AO Deflector\/Variable Shifter, Fused Silica [L], Temps de mont\u00e9e\/descente 110ns\/mm, D\u00e9calage de fr\u00e9quence 200 +\/-15 MHz, Ouverture 1.5 x 2 mm\u00b2, Gamme de longueur d'onde : 244-300 nm, Conception Brewster, Puissance RF &lt; 4W.<\/p>","protected":false},"featured_media":3930,"template":"","format":"standard","meta":[],"product_brand":[],"product_cat":[20,21],"product_tag":[],"class_list":{"0":"post-4760","1":"product","2":"type-product","3":"status-publish","4":"format-standard","5":"has-post-thumbnail","7":"product_cat-ao-devices","8":"product_cat-low-resolution-deflectors-variable-frequency-shifters","9":"sales-flash-overlay","10":"woocommerce-text-align-center","11":"woocommerce-image-align-center","12":"do-quantity-buttons","14":"first","15":"instock","16":"shipping-taxable","17":"purchasable","18":"product-type-simple"},"_links":{"self":[{"href":"https:\/\/aaoptoelectronic.com\/fr\/wp-json\/wp\/v2\/product\/4760","targetHints":{"allow":["GET"]}}],"collection":[{"href":"https:\/\/aaoptoelectronic.com\/fr\/wp-json\/wp\/v2\/product"}],"about":[{"href":"https:\/\/aaoptoelectronic.com\/fr\/wp-json\/wp\/v2\/types\/product"}],"wp:featuredmedia":[{"embeddable":true,"href":"https:\/\/aaoptoelectronic.com\/fr\/wp-json\/wp\/v2\/media\/3930"}],"wp:attachment":[{"href":"https:\/\/aaoptoelectronic.com\/fr\/wp-json\/wp\/v2\/media?parent=4760"}],"wp:term":[{"taxonomy":"product_brand","embeddable":true,"href":"https:\/\/aaoptoelectronic.com\/fr\/wp-json\/wp\/v2\/product_brand?post=4760"},{"taxonomy":"product_cat","embeddable":true,"href":"https:\/\/aaoptoelectronic.com\/fr\/wp-json\/wp\/v2\/product_cat?post=4760"},{"taxonomy":"product_tag","embeddable":true,"href":"https:\/\/aaoptoelectronic.com\/fr\/wp-json\/wp\/v2\/product_tag?post=4760"}],"curies":[{"name":"wp","href":"https:\/\/api.w.org\/{rel}","templated":true}]}}