{"id":515,"date":"2024-03-17T22:50:19","date_gmt":"2024-03-17T21:50:19","guid":{"rendered":"https:\/\/aaoptoelectronic.com\/?post_type=product&#038;p=515"},"modified":"2025-12-02T12:11:22","modified_gmt":"2025-12-02T11:11:22","slug":"moda-standard-frequence-fixe","status":"publish","type":"product","link":"https:\/\/aaoptoelectronic.com\/fr\/moda-standard-frequence-fixe\/","title":{"rendered":"MODA Standard Fr\u00e9quence fixe"},"content":{"rendered":"<p><span lang=\"en-US\">Ces drivers RF bas\u00e9s sur des oscillateurs \u00e0 quartz, produisent un signal de fr\u00e9quence RF fixe. Ces drivers RF peuvent fournir n'importe quelle fr\u00e9quence allant de 10MHz  \u00e0 3 GHz. Tous les mod\u00e8les utilisent des oscillateurs \u00e0 quartz. La sortie RF peut \u00eatre modul\u00e9e via des signaux externes (AM). Le temps de stabilisation varie de 2 ns \u00e0 100 ns en fonction de la fr\u00e9quence fixe et de la puissance RF. Ces drivers RF poss\u00e8de un amplificateur int\u00e9gr\u00e9 ; si la puissance de sortie requise est tr\u00e8s \u00e9lev\u00e9e, l'amplificateur est fourni s\u00e9par\u00e9ment, offrant des puissances RF allant jusqu'\u00e0 500 W CW.<\/span><\/p>\n<p><a title=\"FAQ MODA OEM ou LABORATOIRE\" href=\"https:\/\/aaoptoelectronic.com\/wp-content\/uploads\/2025\/12\/RF-FAQ-MODA-OEM-OR-LABORATORY.pdf\" target=\"_blank\" rel=\"noopener\">FAQ MODA OEM ou LABORATOIRE ?<\/a><\/p>","protected":false},"excerpt":{"rendered":"<p>These drivers based on quartz oscillators, produce a fixed RF frequency signal. Drivers can be provided at any frequency from 10 to 3 GHz. All models use crystal controlled oscillators.\u00a0The RF output can be externally modulated (AM).\u00a0The settling time varies from 2 ns to 100 ns depending on the fixed frequency and RF power. Usually &#8230; <a title=\"MODA Standard Fr\u00e9quence fixe\" class=\"read-more\" href=\"https:\/\/aaoptoelectronic.com\/fr\/moda-standard-frequence-fixe\/\" aria-label=\"En savoir plus sur MODA Standard Fixed Frequency\">Lire plus<\/a><\/p>","protected":false},"featured_media":2017,"template":"","format":"standard","meta":[],"product_brand":[],"product_cat":[28,25],"product_tag":[363,356],"class_list":{"0":"post-515","1":"product","2":"type-product","3":"status-publish","4":"format-standard","5":"has-post-thumbnail","7":"product_cat-fixed-frequency-drivers","8":"product_cat-rf-drivers","9":"product_tag-modulators-fixed-frequency-shifters","10":"product_tag-pulse-picker","11":"sales-flash-overlay","12":"woocommerce-text-align-center","13":"woocommerce-image-align-center","14":"do-quantity-buttons","16":"first","17":"instock","18":"shipping-taxable","19":"purchasable","20":"product-type-variable"},"_links":{"self":[{"href":"https:\/\/aaoptoelectronic.com\/fr\/wp-json\/wp\/v2\/product\/515","targetHints":{"allow":["GET"]}}],"collection":[{"href":"https:\/\/aaoptoelectronic.com\/fr\/wp-json\/wp\/v2\/product"}],"about":[{"href":"https:\/\/aaoptoelectronic.com\/fr\/wp-json\/wp\/v2\/types\/product"}],"wp:featuredmedia":[{"embeddable":true,"href":"https:\/\/aaoptoelectronic.com\/fr\/wp-json\/wp\/v2\/media\/2017"}],"wp:attachment":[{"href":"https:\/\/aaoptoelectronic.com\/fr\/wp-json\/wp\/v2\/media?parent=515"}],"wp:term":[{"taxonomy":"product_brand","embeddable":true,"href":"https:\/\/aaoptoelectronic.com\/fr\/wp-json\/wp\/v2\/product_brand?post=515"},{"taxonomy":"product_cat","embeddable":true,"href":"https:\/\/aaoptoelectronic.com\/fr\/wp-json\/wp\/v2\/product_cat?post=515"},{"taxonomy":"product_tag","embeddable":true,"href":"https:\/\/aaoptoelectronic.com\/fr\/wp-json\/wp\/v2\/product_tag?post=515"}],"curies":[{"name":"wp","href":"https:\/\/api.w.org\/{rel}","templated":true}]}}