{"id":516,"date":"2024-03-17T19:24:47","date_gmt":"2024-03-17T18:24:47","guid":{"rendered":"https:\/\/aaoptoelectronic.com\/?post_type=product&#038;p=516"},"modified":"2025-08-08T15:58:58","modified_gmt":"2025-08-08T13:58:58","slug":"tmod-compact-frequence-fixe","status":"publish","type":"product","link":"https:\/\/aaoptoelectronic.com\/fr\/tmod-compact-frequence-fixe\/","title":{"rendered":"TMOD Compact Fr\u00e9quence fixe"},"content":{"rendered":"<p>Le TMOD est un pilote compact \u00e0 fr\u00e9quence fixe et \u00e0 faible dissipation thermique pour les modulateurs AO et les modificateurs de fr\u00e9quence. Les pilotes TMODxx sont bas\u00e9s sur des oscillateurs et fournissent des fr\u00e9quences fixes telles que 40 MHz, 80 MHz, 110 MHz... Ce pilote poss\u00e8de un amplificateur int\u00e9gr\u00e9 qui d\u00e9livre la puissance RF n\u00e9cessaire pour piloter le dispositif acoustique-optique associ\u00e9. La puissance RF peut \u00eatre modul\u00e9e de mani\u00e8re externe avec des signaux d'entr\u00e9e analogiques et num\u00e9riques. Le refroidissement est assur\u00e9 par conduction \u00e0 travers la plaque de base pour la version OEM.<\/p>\n<p><strong>Caract\u00e9ristiques principales :<\/strong><\/p>\n<p>Fr\u00e9quence fixe de 20 \u00e0 160 MHz<br \/>\nTaille compacte<br \/>\nFaible dissipation thermique<br \/>\nDouble commande AM analogique+num\u00e9rique<br \/>\nTaux d'extinction \u00e9lev\u00e9<br \/>\nPuissance de sortie jusqu'\u00e0 2,5 W<br \/>\nConforme \u00e0 la directive RoHS<\/p>","protected":false},"excerpt":{"rendered":"<p>The TMOD is a compact low heat dissipation fixed frequency driver for AO modulators and frequencyshifters. The TMODxx drivers are based on oscillators and provide fixed frequencies such as 40 MHz, 80MHz, 110 MHz\u2026 This driver has got an integrated amplifier which delivers the necessary RF power to drivethe associated acousto optic device. The RF &#8230; <a title=\"TMOD Compact Fr\u00e9quence fixe\" class=\"read-more\" href=\"https:\/\/aaoptoelectronic.com\/fr\/tmod-compact-frequence-fixe\/\" aria-label=\"En savoir plus sur TMOD Compact Fixed Frequency\">Lire plus<\/a><\/p>","protected":false},"featured_media":2224,"template":"","format":"standard","meta":[],"product_brand":[],"product_cat":[28,25],"product_tag":[361,363],"class_list":{"0":"post-516","1":"product","2":"type-product","3":"status-publish","4":"format-standard","5":"has-post-thumbnail","7":"product_cat-fixed-frequency-drivers","8":"product_cat-rf-drivers","9":"product_tag-compact","10":"product_tag-modulators-fixed-frequency-shifters","11":"sales-flash-overlay","12":"woocommerce-text-align-center","13":"woocommerce-image-align-center","14":"do-quantity-buttons","16":"first","17":"instock","18":"shipping-taxable","19":"purchasable","20":"product-type-variable"},"_links":{"self":[{"href":"https:\/\/aaoptoelectronic.com\/fr\/wp-json\/wp\/v2\/product\/516","targetHints":{"allow":["GET"]}}],"collection":[{"href":"https:\/\/aaoptoelectronic.com\/fr\/wp-json\/wp\/v2\/product"}],"about":[{"href":"https:\/\/aaoptoelectronic.com\/fr\/wp-json\/wp\/v2\/types\/product"}],"wp:featuredmedia":[{"embeddable":true,"href":"https:\/\/aaoptoelectronic.com\/fr\/wp-json\/wp\/v2\/media\/2224"}],"wp:attachment":[{"href":"https:\/\/aaoptoelectronic.com\/fr\/wp-json\/wp\/v2\/media?parent=516"}],"wp:term":[{"taxonomy":"product_brand","embeddable":true,"href":"https:\/\/aaoptoelectronic.com\/fr\/wp-json\/wp\/v2\/product_brand?post=516"},{"taxonomy":"product_cat","embeddable":true,"href":"https:\/\/aaoptoelectronic.com\/fr\/wp-json\/wp\/v2\/product_cat?post=516"},{"taxonomy":"product_tag","embeddable":true,"href":"https:\/\/aaoptoelectronic.com\/fr\/wp-json\/wp\/v2\/product_tag?post=516"}],"curies":[{"name":"wp","href":"https:\/\/api.w.org\/{rel}","templated":true}]}}