{"id":526,"date":"2024-03-17T23:01:47","date_gmt":"2024-03-17T22:01:47","guid":{"rendered":"https:\/\/aaoptoelectronic.com\/?post_type=product&#038;p=526"},"modified":"2024-04-30T01:45:16","modified_gmt":"2024-04-29T23:45:16","slug":"synthetiseurs-numeriques-polyvalents-mpdsnc","status":"publish","type":"product","link":"https:\/\/aaoptoelectronic.com\/fr\/synthetiseurs-numeriques-polyvalents-mpdsnc\/","title":{"rendered":"MPDSnC Synth\u00e9tiseurs"},"content":{"rendered":"<p><span lang=\"en-US\">Le driver MPDSnC, bas\u00e9 sur le DDS (Direct Digital Synthesizer), a \u00e9t\u00e9 sp\u00e9cialement con\u00e7u pour exploiter au mieux les caract\u00e9ristiques de l'AOTFnC. Il offre jusqu'\u00e0 8 fr\u00e9quences combin\u00e9es dans une sortie.<\/span><\/p>\n<p><span lang=\"en-US\">Sa conception compacte, ses faibles \u00e9missions RF et sa facilit\u00e9 d'utilisation satisferont les applications les plus exigeantes, o\u00f9 la pr\u00e9cision et la flexibilit\u00e9 sont demeures. Gr\u00e2ce \u00e0 sa conception enti\u00e8rement num\u00e9rique et \u00e0 son microcontr\u00f4leur int\u00e9gr\u00e9, la mise en place est rapide, simple et reproductible. L'acc\u00e8s et le r\u00e9glage des fonctions sont simples avec un appareil Android, la liaison s\u00e9rie RS232 (avec contr\u00f4le par ordinateur) ou une communication USB.<\/span><\/p>\n<p><span lang=\"en-US\">Tous les param\u00e8tres sont stock\u00e9s dans une EEPROM et sont automatiquement charg\u00e9s apr\u00e8s chaque mise sous tension. Chaque canal est command\u00e9e via une entr\u00e9e de modulation distincte analogique. Tous les canaux peuvent \u00eatre \u00e9galement contr\u00f4l\u00e9es simultan\u00e9ment par un signal de suppression qui produit des effets lisses sans modifier l'\u00e9quilibre colorim\u00e9trique. La combinaison des signaux d'entr\u00e9e de modulation et de suppression permet d'obtenir le meilleur rapport d'extinction (&gt; 100 dB).<\/span><\/p>\n<p><strong>OPTIONS SUR DEMANDE<\/strong><\/p>\n<ul>\n<li>Contr\u00f4le RS232 (RS)<\/li>\n<li>Rack de laboratoire 19\", alimentation 110-230VAC<\/li>\n<li>Version vitesse de communication 19200bauds (19KB) Version avec Bluetooth d\u00e9connect\u00e9 (BT0)<\/li>\n<li>Version avec fonction balayage automatique des fr\u00e9quences (AFS)<\/li>\n<li>Version avec fonction r\u00e9glage rapide du profil de fr\u00e9quence (FFPS)<\/li>\n<\/ul>","protected":false},"excerpt":{"rendered":"<p>The MPDSnC driver,\u00a0based on DDS\u00a0(Direct Digital Synthesizer), has been specially designed in order to exploit the best of the AOTFnC features. It offers up to 8 single channels mixed in one output. Its compact design with single power supply,\u00a0low RF emissions\u00a0and ease of use will satisfy the most demanding of applications, where accuracy and flexibility &#8230; <a title=\"MPDSnC Synth\u00e9tiseurs\" class=\"read-more\" href=\"https:\/\/aaoptoelectronic.com\/fr\/synthetiseurs-numeriques-polyvalents-mpdsnc\/\" aria-label=\"En savoir plus sur MPDSnC Multi-Purpose Digital Synthesizers\">Lire plus<\/a><\/p>","protected":false},"featured_media":2138,"template":"","format":"standard","meta":[],"product_brand":[],"product_cat":[25,29],"product_tag":[355,364],"class_list":{"0":"post-526","1":"product","2":"type-product","3":"status-publish","4":"format-standard","5":"has-post-thumbnail","7":"product_cat-rf-drivers","8":"product_cat-variable-frequency-drivers","9":"product_tag-aotf","10":"product_tag-deflectors-variable-frequency-shifters","11":"sales-flash-overlay","12":"woocommerce-text-align-center","13":"woocommerce-image-align-center","14":"do-quantity-buttons","16":"first","17":"instock","18":"shipping-taxable","19":"purchasable","20":"product-type-variable"},"_links":{"self":[{"href":"https:\/\/aaoptoelectronic.com\/fr\/wp-json\/wp\/v2\/product\/526","targetHints":{"allow":["GET"]}}],"collection":[{"href":"https:\/\/aaoptoelectronic.com\/fr\/wp-json\/wp\/v2\/product"}],"about":[{"href":"https:\/\/aaoptoelectronic.com\/fr\/wp-json\/wp\/v2\/types\/product"}],"wp:featuredmedia":[{"embeddable":true,"href":"https:\/\/aaoptoelectronic.com\/fr\/wp-json\/wp\/v2\/media\/2138"}],"wp:attachment":[{"href":"https:\/\/aaoptoelectronic.com\/fr\/wp-json\/wp\/v2\/media?parent=526"}],"wp:term":[{"taxonomy":"product_brand","embeddable":true,"href":"https:\/\/aaoptoelectronic.com\/fr\/wp-json\/wp\/v2\/product_brand?post=526"},{"taxonomy":"product_cat","embeddable":true,"href":"https:\/\/aaoptoelectronic.com\/fr\/wp-json\/wp\/v2\/product_cat?post=526"},{"taxonomy":"product_tag","embeddable":true,"href":"https:\/\/aaoptoelectronic.com\/fr\/wp-json\/wp\/v2\/product_tag?post=526"}],"curies":[{"name":"wp","href":"https:\/\/api.w.org\/{rel}","templated":true}]}}