{"id":527,"date":"2024-03-17T23:05:17","date_gmt":"2024-03-17T22:05:17","guid":{"rendered":"https:\/\/aaoptoelectronic.com\/?post_type=product&#038;p=527"},"modified":"2024-04-30T00:45:52","modified_gmt":"2024-04-29T22:45:52","slug":"ppk-selecteur-dimpulsions-synchronise","status":"publish","type":"product","link":"https:\/\/aaoptoelectronic.com\/fr\/ppk-selecteur-dimpulsions-synchronise\/","title":{"rendered":"PPK Picker \u00e0 impulsions synchronis\u00e9es"},"content":{"rendered":"<p><span lang=\"en-US\">Ces pilotes ont \u00e9t\u00e9 con\u00e7us pour offrir les meilleures performances possibles dans les applications de pr\u00e9l\u00e8vement d'impulsions \u00e0 grande vitesse avec des taux de r\u00e9p\u00e9tition de 0,01 \u00e0 85 MHz.<br \/>\nGr\u00e2ce \u00e0 leurs fonctionnalit\u00e9s de synchronisation, ils offrent la meilleure stabilit\u00e9 d'impulsion \u00e0 impulsion. L'interface graphique intuitive et le logiciel PC fournis en font un outil simple pour atteindre un haut niveau de performance.<\/span><\/p>\n<ul>\n<li>Syst\u00e8me de haute stabilit\u00e9 avec une stabilit\u00e9 sup\u00e9rieure d'impulsion \u00e0 impulsion<\/li>\n<li>Horloge de r\u00e9f\u00e9rence d'entr\u00e9e du laser. Taux de r\u00e9p\u00e9tition de 0,01 \u00e0 85 MHz (selon le mod\u00e8le).<\/li>\n<li>Avec g\u00e9n\u00e9rateur de signal int\u00e9gr\u00e9 de haute pr\u00e9cision<\/li>\n<li>Y compris les r\u00e9glages du d\u00e9lai num\u00e9rique et de la porte de fen\u00eatre<\/li>\n<li>Optimisation du taux d'extinction des impulsions cons\u00e9cutives (CPER)<\/li>\n<li>T\u00e9l\u00e9commande, communication USB, RS32 pour la configuration<\/li>\n<li>Conforme \u00e0 la directive RoHS<\/li>\n<\/ul>","protected":false},"excerpt":{"rendered":"<p>These drivers have been designed in order to offer the highest possible performances in\u00a0high speed Pulse Picking applications\u00a0with repetition rates from 0.01 to 85MHz. With their synchronization functionalities, they offer the best pulse to pulse stability. The provided intuitive GUI and PC software make them a simple tool to reach high level of performance. High &#8230; <a title=\"PPK Picker \u00e0 impulsions synchronis\u00e9es\" class=\"read-more\" href=\"https:\/\/aaoptoelectronic.com\/fr\/ppk-selecteur-dimpulsions-synchronise\/\" aria-label=\"En savoir plus sur PPK Synchronised Pulse Picker\">Lire plus<\/a><\/p>","protected":false},"featured_media":2143,"template":"","format":"standard","meta":[],"product_brand":[],"product_cat":[25,31],"product_tag":[356],"class_list":{"0":"post-527","1":"product","2":"type-product","3":"status-publish","4":"format-standard","5":"has-post-thumbnail","7":"product_cat-rf-drivers","8":"product_cat-synchro-drivers","9":"product_tag-pulse-picker","10":"sales-flash-overlay","11":"woocommerce-text-align-center","12":"woocommerce-image-align-center","13":"do-quantity-buttons","15":"first","16":"instock","17":"shipping-taxable","18":"purchasable","19":"product-type-variable"},"_links":{"self":[{"href":"https:\/\/aaoptoelectronic.com\/fr\/wp-json\/wp\/v2\/product\/527","targetHints":{"allow":["GET"]}}],"collection":[{"href":"https:\/\/aaoptoelectronic.com\/fr\/wp-json\/wp\/v2\/product"}],"about":[{"href":"https:\/\/aaoptoelectronic.com\/fr\/wp-json\/wp\/v2\/types\/product"}],"wp:featuredmedia":[{"embeddable":true,"href":"https:\/\/aaoptoelectronic.com\/fr\/wp-json\/wp\/v2\/media\/2143"}],"wp:attachment":[{"href":"https:\/\/aaoptoelectronic.com\/fr\/wp-json\/wp\/v2\/media?parent=527"}],"wp:term":[{"taxonomy":"product_brand","embeddable":true,"href":"https:\/\/aaoptoelectronic.com\/fr\/wp-json\/wp\/v2\/product_brand?post=527"},{"taxonomy":"product_cat","embeddable":true,"href":"https:\/\/aaoptoelectronic.com\/fr\/wp-json\/wp\/v2\/product_cat?post=527"},{"taxonomy":"product_tag","embeddable":true,"href":"https:\/\/aaoptoelectronic.com\/fr\/wp-json\/wp\/v2\/product_tag?post=527"}],"curies":[{"name":"wp","href":"https:\/\/api.w.org\/{rel}","templated":true}]}}