{"id":528,"date":"2024-03-17T23:12:27","date_gmt":"2024-03-17T22:12:27","guid":{"rendered":"https:\/\/aaoptoelectronic.com\/?post_type=product&#038;p=528"},"modified":"2024-04-30T00:28:44","modified_gmt":"2024-04-29T22:28:44","slug":"ao-qmodp0a","status":"publish","type":"product","link":"https:\/\/aaoptoelectronic.com\/fr\/ao-qmodp0a\/","title":{"rendered":"QMODP0A Q-Switch standard 20W"},"content":{"rendered":"<p>Ces pilotes, bas\u00e9s sur des oscillateurs \u00e0 quartz, produisent un signal de fr\u00e9quence RF fixe, stable et pr\u00e9cis. L'amplificateur int\u00e9gr\u00e9 fournit la puissance RF n\u00e9cessaire pour piloter un Q-switch refroidi \u00e0 l'air jusqu'\u00e0 20 W.<\/p>\n<p>La puissance de sortie RF peut \u00eatre modul\u00e9e de mani\u00e8re externe avec un signal TTL et un signal analogique 0-5V. La puissance de sortie standard est de 20W, mais peut \u00eatre r\u00e9duite sur demande. L'alimentation standard est de 24VDC.<\/p>","protected":false},"excerpt":{"rendered":"<p>These drivers based on quartz oscillators, produce a fixed stable and accurate RF frequency signal. The built in amplifier delivers the necessary RF power to drive an air cooled Q-switch up to 20 W. The RF output power can be externally modulated with a TTL and an analog 0-5V signal. Standard output power is up &#8230; <a title=\"QMODP0A Q-Switch standard 20W\" class=\"read-more\" href=\"https:\/\/aaoptoelectronic.com\/fr\/ao-qmodp0a\/\" aria-label=\"En savoir plus sur QMODP0A Standard Q-Switch 20W\">Lire plus<\/a><\/p>","protected":false},"featured_media":2145,"template":"","format":"standard","meta":[],"product_brand":[],"product_cat":[28,25],"product_tag":[363,357],"class_list":{"0":"post-528","1":"product","2":"type-product","3":"status-publish","4":"format-standard","5":"has-post-thumbnail","7":"product_cat-fixed-frequency-drivers","8":"product_cat-rf-drivers","9":"product_tag-modulators-fixed-frequency-shifters","10":"product_tag-q-switch","11":"sales-flash-overlay","12":"woocommerce-text-align-center","13":"woocommerce-image-align-center","14":"do-quantity-buttons","16":"first","17":"instock","18":"shipping-taxable","19":"purchasable","20":"product-type-variable"},"_links":{"self":[{"href":"https:\/\/aaoptoelectronic.com\/fr\/wp-json\/wp\/v2\/product\/528","targetHints":{"allow":["GET"]}}],"collection":[{"href":"https:\/\/aaoptoelectronic.com\/fr\/wp-json\/wp\/v2\/product"}],"about":[{"href":"https:\/\/aaoptoelectronic.com\/fr\/wp-json\/wp\/v2\/types\/product"}],"wp:featuredmedia":[{"embeddable":true,"href":"https:\/\/aaoptoelectronic.com\/fr\/wp-json\/wp\/v2\/media\/2145"}],"wp:attachment":[{"href":"https:\/\/aaoptoelectronic.com\/fr\/wp-json\/wp\/v2\/media?parent=528"}],"wp:term":[{"taxonomy":"product_brand","embeddable":true,"href":"https:\/\/aaoptoelectronic.com\/fr\/wp-json\/wp\/v2\/product_brand?post=528"},{"taxonomy":"product_cat","embeddable":true,"href":"https:\/\/aaoptoelectronic.com\/fr\/wp-json\/wp\/v2\/product_cat?post=528"},{"taxonomy":"product_tag","embeddable":true,"href":"https:\/\/aaoptoelectronic.com\/fr\/wp-json\/wp\/v2\/product_tag?post=528"}],"curies":[{"name":"wp","href":"https:\/\/api.w.org\/{rel}","templated":true}]}}