{"id":529,"date":"2024-03-17T23:12:37","date_gmt":"2024-03-17T22:12:37","guid":{"rendered":"https:\/\/aaoptoelectronic.com\/?post_type=product&#038;p=529"},"modified":"2024-04-30T00:35:41","modified_gmt":"2024-04-29T22:35:41","slug":"ao-qmodp1","status":"publish","type":"product","link":"https:\/\/aaoptoelectronic.com\/fr\/ao-qmodp1\/","title":{"rendered":"QMODP1 Standard Q-Switch 70W"},"content":{"rendered":"<p>Ces pilotes, bas\u00e9s sur des oscillateurs \u00e0 quartz, produisent un signal de fr\u00e9quence RF fixe, stable et pr\u00e9cis. L'amplificateur int\u00e9gr\u00e9 fournit la puissance RF n\u00e9cessaire pour piloter un Q-switch refroidi \u00e0 l'air ou \u00e0 l'eau jusqu'\u00e0 70 W. La puissance de sortie RF peut \u00eatre modul\u00e9e ext\u00e9rieurement avec un signal TTL et analogique 0-5 V. 3 versions de puissance de sortie sont propos\u00e9es afin d'optimiser la dissipation thermique.<\/p>","protected":false},"excerpt":{"rendered":"<p>These drivers based on quartz oscillators, produce a fixed stable and accurate RF frequency signal. The built in amplifier delivers the necessary RF power to drive an air cooled or water cooled Q-switch up to 70 W. The RF output power can be externally modulated with a TTL and analog 0-5 V signal. 3 output &#8230; <a title=\"QMODP1 Standard Q-Switch 70W\" class=\"read-more\" href=\"https:\/\/aaoptoelectronic.com\/fr\/ao-qmodp1\/\" aria-label=\"En savoir plus sur QMODP1 Standard Q-Switch 70W\">Lire plus<\/a><\/p>","protected":false},"featured_media":2153,"template":"","format":"standard","meta":[],"product_brand":[],"product_cat":[28,25],"product_tag":[363,357],"class_list":{"0":"post-529","1":"product","2":"type-product","3":"status-publish","4":"format-standard","5":"has-post-thumbnail","7":"product_cat-fixed-frequency-drivers","8":"product_cat-rf-drivers","9":"product_tag-modulators-fixed-frequency-shifters","10":"product_tag-q-switch","11":"sales-flash-overlay","12":"woocommerce-text-align-center","13":"woocommerce-image-align-center","14":"do-quantity-buttons","16":"first","17":"instock","18":"shipping-taxable","19":"purchasable","20":"product-type-variable"},"_links":{"self":[{"href":"https:\/\/aaoptoelectronic.com\/fr\/wp-json\/wp\/v2\/product\/529","targetHints":{"allow":["GET"]}}],"collection":[{"href":"https:\/\/aaoptoelectronic.com\/fr\/wp-json\/wp\/v2\/product"}],"about":[{"href":"https:\/\/aaoptoelectronic.com\/fr\/wp-json\/wp\/v2\/types\/product"}],"wp:featuredmedia":[{"embeddable":true,"href":"https:\/\/aaoptoelectronic.com\/fr\/wp-json\/wp\/v2\/media\/2153"}],"wp:attachment":[{"href":"https:\/\/aaoptoelectronic.com\/fr\/wp-json\/wp\/v2\/media?parent=529"}],"wp:term":[{"taxonomy":"product_brand","embeddable":true,"href":"https:\/\/aaoptoelectronic.com\/fr\/wp-json\/wp\/v2\/product_brand?post=529"},{"taxonomy":"product_cat","embeddable":true,"href":"https:\/\/aaoptoelectronic.com\/fr\/wp-json\/wp\/v2\/product_cat?post=529"},{"taxonomy":"product_tag","embeddable":true,"href":"https:\/\/aaoptoelectronic.com\/fr\/wp-json\/wp\/v2\/product_tag?post=529"}],"curies":[{"name":"wp","href":"https:\/\/api.w.org\/{rel}","templated":true}]}}