{"id":530,"date":"2024-03-17T23:26:01","date_gmt":"2024-03-17T22:26:01","guid":{"rendered":"https:\/\/aaoptoelectronic.com\/?post_type=product&#038;p=530"},"modified":"2024-04-30T04:18:55","modified_gmt":"2024-04-30T02:18:55","slug":"moda20x-multi-output-moda-rack","status":"publish","type":"product","link":"https:\/\/aaoptoelectronic.com\/fr\/moda20x-multi-output-moda-rack\/","title":{"rendered":"MODA20X Rack MODA multi-sorties"},"content":{"rendered":"<p><span lang=\"en-US\">Le MODAnX est un driver RF multi-sortie bas\u00e9 sur un oscillateur \u00e0 quartz qui offre une pr\u00e9cision et une stabilit\u00e9 de la fr\u00e9quence \u00e9lev\u00e9es. Ce driver offre jusqu'\u00e0 20 sorties verrouill\u00e9es en phase et peuvent \u00eatre commut\u00e9es individuellement ON\/OFF. Elles sont \u00e9quip\u00e9es d'une entr\u00e9e TTL commune et le retard typique entre les sorties est de 200 ps, mais AA peut offrir en option un contr\u00f4le sur ce retard. Avec les amplificateurs de puissance int\u00e9gr\u00e9s, ils offrent jusqu'\u00e0 4 watts par sortie.<\/span><\/p>\n<ul>\n<li><span lang=\"en-US\">Fr\u00e9quence fixe <\/span><\/li>\n<li><span lang=\"en-US\">Jusqu'\u00e0 20 sorties \u00e0 verrouillage de phase<\/span><\/li>\n<li>Entr\u00e9e TTL commune<\/li>\n<li>Contr\u00f4le retard<\/li>\n<li>RoHs<\/li>\n<\/ul>","protected":false},"excerpt":{"rendered":"<p>The MODAnX is a multi-output driver based on quartz oscillator which offers high frequency accuracy and stability. The outputs can be up to 20 phased locked and they can be individually switched ON\/OFF. They are equipped with a common external TTL blanking input and the typical delay between the outputs is 200 ps but as &#8230; <a title=\"MODA20X Rack MODA multi-sorties\" class=\"read-more\" href=\"https:\/\/aaoptoelectronic.com\/fr\/moda20x-multi-output-moda-rack\/\" aria-label=\"En savoir plus sur MODA20X Multi-Output MODA Rack\">Lire plus<\/a><\/p>","protected":false},"featured_media":2020,"template":"","format":"standard","meta":[],"product_brand":[],"product_cat":[28,25],"product_tag":[363,360],"class_list":{"0":"post-530","1":"product","2":"type-product","3":"status-publish","4":"format-standard","5":"has-post-thumbnail","7":"product_cat-fixed-frequency-drivers","8":"product_cat-rf-drivers","9":"product_tag-modulators-fixed-frequency-shifters","10":"product_tag-multi-outputs","11":"sales-flash-overlay","12":"woocommerce-text-align-center","13":"woocommerce-image-align-center","14":"do-quantity-buttons","16":"first","17":"instock","18":"shipping-taxable","19":"purchasable","20":"product-type-variable"},"_links":{"self":[{"href":"https:\/\/aaoptoelectronic.com\/fr\/wp-json\/wp\/v2\/product\/530","targetHints":{"allow":["GET"]}}],"collection":[{"href":"https:\/\/aaoptoelectronic.com\/fr\/wp-json\/wp\/v2\/product"}],"about":[{"href":"https:\/\/aaoptoelectronic.com\/fr\/wp-json\/wp\/v2\/types\/product"}],"wp:featuredmedia":[{"embeddable":true,"href":"https:\/\/aaoptoelectronic.com\/fr\/wp-json\/wp\/v2\/media\/2020"}],"wp:attachment":[{"href":"https:\/\/aaoptoelectronic.com\/fr\/wp-json\/wp\/v2\/media?parent=530"}],"wp:term":[{"taxonomy":"product_brand","embeddable":true,"href":"https:\/\/aaoptoelectronic.com\/fr\/wp-json\/wp\/v2\/product_brand?post=530"},{"taxonomy":"product_cat","embeddable":true,"href":"https:\/\/aaoptoelectronic.com\/fr\/wp-json\/wp\/v2\/product_cat?post=530"},{"taxonomy":"product_tag","embeddable":true,"href":"https:\/\/aaoptoelectronic.com\/fr\/wp-json\/wp\/v2\/product_tag?post=530"}],"curies":[{"name":"wp","href":"https:\/\/api.w.org\/{rel}","templated":true}]}}