{"id":534,"date":"2024-03-17T23:35:10","date_gmt":"2024-03-17T22:35:10","guid":{"rendered":"https:\/\/aaoptoelectronic.com\/?post_type=product&#038;p=534"},"modified":"2024-04-30T01:03:09","modified_gmt":"2024-04-29T23:03:09","slug":"ddspa4x-quadruple-output-rack-direct-digital-synthesizers-phase-control-external-clock","status":"publish","type":"product","link":"https:\/\/aaoptoelectronic.com\/fr\/ddspa4x-quadruple-output-rack-direct-digital-synthesizers-phase-control-external-clock\/","title":{"rendered":"DDSPA4X Direct Digital Synthesizers, version rack 4 sorties"},"content":{"rendered":"<p><span lang=\"en-US\">Le DDSPA4X est un rack 110-230 VAC bas\u00e9 sur 4 x DDSPA et donc 4 sorties, d\u00e9di\u00e9 aux applications de haute pr\u00e9cision. Chaque sortie peut \u00eatre contr\u00f4l\u00e9e ind\u00e9pendamment, soit par des ports parall\u00e8les pour une communication rapide, soit par USB. L'utilisateur a la possibilit\u00e9 de contr\u00f4ler non seulement la fr\u00e9quence\/l'amplitude des 4 sorties mais aussi leurs phases respectives. Gr\u00e2ce aux amplificateurs int\u00e9gr\u00e9s, le DDSPA4X d\u00e9livre la puissance RF n\u00e9cessaire pour contr\u00f4ler les dispositifs AO associ\u00e9s.<\/span><\/p>","protected":false},"excerpt":{"rendered":"<p>Le DDSPA4X est un rack 110-230 VAC bas\u00e9 sur 4 x DDSPA et donc 4 sorties, d\u00e9di\u00e9 aux applications de haute pr\u00e9cision. Chaque sortie peut \u00eatre contr\u00f4l\u00e9e ind\u00e9pendamment, soit par des ports parall\u00e8les pour une communication rapide, soit par USB. L'utilisateur a la possibilit\u00e9 de contr\u00f4ler non seulement la fr\u00e9quence\/amplitude des 4 sorties mais aussi leurs ... <a title=\"DDSPA4X Direct Digital Synthesizers, version rack 4 sorties\" class=\"read-more\" href=\"https:\/\/aaoptoelectronic.com\/fr\/ddspa4x-quadruple-output-rack-direct-digital-synthesizers-phase-control-external-clock\/\" aria-label=\"En savoir plus sur DDSPA4X Synth\u00e9tiseurs num\u00e9riques directs en rack \u00e0 quatre sorties, contr\u00f4le de phase, horloge externe\">Lire plus<\/a><\/p>","protected":false},"featured_media":1819,"template":"","format":"standard","meta":[],"product_brand":[],"product_cat":[25,29],"product_tag":[364,358,360,359],"class_list":{"0":"post-534","1":"product","2":"type-product","3":"status-publish","4":"format-standard","5":"has-post-thumbnail","7":"product_cat-rf-drivers","8":"product_cat-variable-frequency-drivers","9":"product_tag-deflectors-variable-frequency-shifters","10":"product_tag-external-clock-input","11":"product_tag-multi-outputs","12":"product_tag-phase-control","13":"sales-flash-overlay","14":"woocommerce-text-align-center","15":"woocommerce-image-align-center","16":"do-quantity-buttons","18":"first","19":"instock","20":"shipping-taxable","21":"purchasable","22":"product-type-variable"},"_links":{"self":[{"href":"https:\/\/aaoptoelectronic.com\/fr\/wp-json\/wp\/v2\/product\/534","targetHints":{"allow":["GET"]}}],"collection":[{"href":"https:\/\/aaoptoelectronic.com\/fr\/wp-json\/wp\/v2\/product"}],"about":[{"href":"https:\/\/aaoptoelectronic.com\/fr\/wp-json\/wp\/v2\/types\/product"}],"wp:featuredmedia":[{"embeddable":true,"href":"https:\/\/aaoptoelectronic.com\/fr\/wp-json\/wp\/v2\/media\/1819"}],"wp:attachment":[{"href":"https:\/\/aaoptoelectronic.com\/fr\/wp-json\/wp\/v2\/media?parent=534"}],"wp:term":[{"taxonomy":"product_brand","embeddable":true,"href":"https:\/\/aaoptoelectronic.com\/fr\/wp-json\/wp\/v2\/product_brand?post=534"},{"taxonomy":"product_cat","embeddable":true,"href":"https:\/\/aaoptoelectronic.com\/fr\/wp-json\/wp\/v2\/product_cat?post=534"},{"taxonomy":"product_tag","embeddable":true,"href":"https:\/\/aaoptoelectronic.com\/fr\/wp-json\/wp\/v2\/product_tag?post=534"}],"curies":[{"name":"wp","href":"https:\/\/api.w.org\/{rel}","templated":true}]}}