{"id":535,"date":"2024-03-17T23:35:47","date_gmt":"2024-03-17T22:35:47","guid":{"rendered":"https:\/\/aaoptoelectronic.com\/?post_type=product&#038;p=535"},"modified":"2024-05-29T11:39:32","modified_gmt":"2024-05-29T09:39:32","slug":"mpdsencmx-synthetiseurs-numeriques-multivoies-a-sorties-multiples","status":"publish","type":"product","link":"https:\/\/aaoptoelectronic.com\/fr\/mpdsencmx-synthetiseurs-numeriques-multivoies-a-sorties-multiples\/","title":{"rendered":"MPDS(E)nCmX Synth\u00e9tiseurs multiples sorties et canaux, horloge externe"},"content":{"rendered":"<p><span lang=\"en-US\">AA propose des drivers multi sortie (2 \u00e0 8) \u00e0 fr\u00e9quence variable et \u00e0 base de DDS. Avec une horloge de r\u00e9f\u00e9rence commune, ils permettent \u00e0 l'utilisateur de cr\u00e9er plusieurs signaux verrouill\u00e9s en phase \u00e0 la m\u00eame fr\u00e9quence. Ce driver RF peut \u00e9galement g\u00e9n\u00e9rer une diff\u00e9rence de fr\u00e9quence stable entre les sorties gr\u00e2ce \u00e0 la r\u00e9f\u00e9rence commune.<\/span><\/p>\n<p><span lang=\"en-US\">L'acc\u00e8s et le r\u00e9glage des fonctions se font par une liaison s\u00e9rie RS232 (avec contr\u00f4le par ordinateur) ou par une communication USB.<\/span><\/p>\n<p><span lang=\"en-US\">Tous les param\u00e8tres sont stock\u00e9s dans une EEPROM et sont automatiquement charg\u00e9s apr\u00e8s chaque mise sous tension. Chaque sortie peut \u00eatre modul\u00e9e en amplitude via des signaux externes analogique.<\/span><\/p>","protected":false},"excerpt":{"rendered":"<p>AA propose des drivers multi-sorties (2 \u00e0 8) \u00e0 fr\u00e9quence fixe ou variable bas\u00e9s sur le DDS, avec des sorties \u00e0 verrouillage de phase. Bas\u00e9s sur une horloge de r\u00e9f\u00e9rence commune, ils permettent \u00e0 l'utilisateur de cr\u00e9er plusieurs signaux verrouill\u00e9s en phase \u00e0 la m\u00eame fr\u00e9quence, ou une diff\u00e9rence de fr\u00e9quence stable entre les sorties gr\u00e2ce \u00e0 la r\u00e9f\u00e9rence commune. L'acc\u00e8s et le r\u00e9glage des fonctions se font par l'interm\u00e9diaire d'un ... <a title=\"MPDS(E)nCmX Synth\u00e9tiseurs num\u00e9riques \u00e0 sorties multiples et \u00e0 canaux multiples, horloge externe\" class=\"read-more\" href=\"https:\/\/aaoptoelectronic.com\/fr\/mpdsencmx-synthetiseurs-numeriques-multivoies-a-sorties-multiples\/\" aria-label=\"En savoir plus sur MPDS(E)nCmX Synth\u00e9tiseurs num\u00e9riques multi-sorties et multi-canaux, horloge externe\">Lire plus<\/a><\/p>","protected":false},"featured_media":2124,"template":"","format":"standard","meta":[],"product_brand":[],"product_cat":[25,29],"product_tag":[364,358,360,359],"class_list":{"0":"post-535","1":"product","2":"type-product","3":"status-publish","4":"format-standard","5":"has-post-thumbnail","7":"product_cat-rf-drivers","8":"product_cat-variable-frequency-drivers","9":"product_tag-deflectors-variable-frequency-shifters","10":"product_tag-external-clock-input","11":"product_tag-multi-outputs","12":"product_tag-phase-control","13":"sales-flash-overlay","14":"woocommerce-text-align-center","15":"woocommerce-image-align-center","16":"do-quantity-buttons","18":"first","19":"instock","20":"shipping-taxable","21":"purchasable","22":"product-type-variable"},"_links":{"self":[{"href":"https:\/\/aaoptoelectronic.com\/fr\/wp-json\/wp\/v2\/product\/535","targetHints":{"allow":["GET"]}}],"collection":[{"href":"https:\/\/aaoptoelectronic.com\/fr\/wp-json\/wp\/v2\/product"}],"about":[{"href":"https:\/\/aaoptoelectronic.com\/fr\/wp-json\/wp\/v2\/types\/product"}],"wp:featuredmedia":[{"embeddable":true,"href":"https:\/\/aaoptoelectronic.com\/fr\/wp-json\/wp\/v2\/media\/2124"}],"wp:attachment":[{"href":"https:\/\/aaoptoelectronic.com\/fr\/wp-json\/wp\/v2\/media?parent=535"}],"wp:term":[{"taxonomy":"product_brand","embeddable":true,"href":"https:\/\/aaoptoelectronic.com\/fr\/wp-json\/wp\/v2\/product_brand?post=535"},{"taxonomy":"product_cat","embeddable":true,"href":"https:\/\/aaoptoelectronic.com\/fr\/wp-json\/wp\/v2\/product_cat?post=535"},{"taxonomy":"product_tag","embeddable":true,"href":"https:\/\/aaoptoelectronic.com\/fr\/wp-json\/wp\/v2\/product_tag?post=535"}],"curies":[{"name":"wp","href":"https:\/\/api.w.org\/{rel}","templated":true}]}}