{"id":536,"date":"2024-03-17T23:36:35","date_gmt":"2024-03-17T22:36:35","guid":{"rendered":"https:\/\/aaoptoelectronic.com\/?post_type=product&#038;p=536"},"modified":"2024-05-29T11:38:51","modified_gmt":"2024-05-29T09:38:51","slug":"mpdsp1c2x-hr-dual-output-multi-purpose-digital-synthesizers","status":"publish","type":"product","link":"https:\/\/aaoptoelectronic.com\/fr\/mpdsp1c2x-hr-dual-output-multi-purpose-digital-synthesizers\/","title":{"rendered":"MPDS(P)1C2X-(HR) Synth\u00e9tiseurs double sortie, contr\u00f4le de phase, haute r\u00e9solution"},"content":{"rendered":"<p><span lang=\"en-US\">AA propose des drivers RF fr\u00e9quence variable, double sortie verrouill\u00e9e en phase, bas\u00e9s sur le DDS. Gr\u00e2ce \u00e0 une horloge de r\u00e9f\u00e9rence commune, l'utilisateur peut g\u00e9n\u00e9rer des signaux verrouill\u00e9s en phase dans une plage de 20-275 MHz avec une grande stabilit\u00e9. <\/span><\/p>\n<p><span lang=\"en-US\">L'acc\u00e8s et le r\u00e9glage des fonctions se font par une liaison s\u00e9rie RS232 (avec contr\u00f4le par ordinateur) ou par une communication USB. Les r\u00e9glages comprennent la fr\u00e9quence et l'amplitude. En option, AA propose \u00e9galement un contr\u00f4le de phase et une r\u00e9solution haute fr\u00e9quence de 0,31 Hz.<\/span><\/p>\n<p><span lang=\"en-US\">Tous les param\u00e8tres sont stock\u00e9s dans une EEPROM et sont automatiquement charg\u00e9s apr\u00e8s chaque mise sous tension. Chaque sortie peut \u00eatre modul\u00e9e en amplitude via des signaux externes analogique.<\/span><\/p>","protected":false},"excerpt":{"rendered":"<p>AA offers\u00a0dual phased locked outputs variable frequency drivers based on DDS.\u00a0Thanks to a common reference clock, user can generate locked signals in range of 20-275 MHz with high stability. Access to and adjustments of functions is through a RS232 serial link (with computer control) or USB communication. Adjustments includes frequency and amplitude. As option, AA &#8230; <a title=\"MPDS(P)1C2X-(HR) Synth\u00e9tiseurs double sortie, contr\u00f4le de phase, haute r\u00e9solution\" class=\"read-more\" href=\"https:\/\/aaoptoelectronic.com\/fr\/mpdsp1c2x-hr-dual-output-multi-purpose-digital-synthesizers\/\" aria-label=\"En savoir plus sur MPDS(P)1C2X-(HR) Dual-output Multi-purpose Digital Synthesizers, Phase control, High resolution\">Lire plus<\/a><\/p>","protected":false},"featured_media":2134,"template":"","format":"standard","meta":[],"product_brand":[],"product_cat":[25,29],"product_tag":[361,364,360,359],"class_list":{"0":"post-536","1":"product","2":"type-product","3":"status-publish","4":"format-standard","5":"has-post-thumbnail","7":"product_cat-rf-drivers","8":"product_cat-variable-frequency-drivers","9":"product_tag-compact","10":"product_tag-deflectors-variable-frequency-shifters","11":"product_tag-multi-outputs","12":"product_tag-phase-control","13":"sales-flash-overlay","14":"woocommerce-text-align-center","15":"woocommerce-image-align-center","16":"do-quantity-buttons","18":"first","19":"instock","20":"shipping-taxable","21":"purchasable","22":"product-type-variable"},"_links":{"self":[{"href":"https:\/\/aaoptoelectronic.com\/fr\/wp-json\/wp\/v2\/product\/536","targetHints":{"allow":["GET"]}}],"collection":[{"href":"https:\/\/aaoptoelectronic.com\/fr\/wp-json\/wp\/v2\/product"}],"about":[{"href":"https:\/\/aaoptoelectronic.com\/fr\/wp-json\/wp\/v2\/types\/product"}],"wp:featuredmedia":[{"embeddable":true,"href":"https:\/\/aaoptoelectronic.com\/fr\/wp-json\/wp\/v2\/media\/2134"}],"wp:attachment":[{"href":"https:\/\/aaoptoelectronic.com\/fr\/wp-json\/wp\/v2\/media?parent=536"}],"wp:term":[{"taxonomy":"product_brand","embeddable":true,"href":"https:\/\/aaoptoelectronic.com\/fr\/wp-json\/wp\/v2\/product_brand?post=536"},{"taxonomy":"product_cat","embeddable":true,"href":"https:\/\/aaoptoelectronic.com\/fr\/wp-json\/wp\/v2\/product_cat?post=536"},{"taxonomy":"product_tag","embeddable":true,"href":"https:\/\/aaoptoelectronic.com\/fr\/wp-json\/wp\/v2\/product_tag?post=536"}],"curies":[{"name":"wp","href":"https:\/\/api.w.org\/{rel}","templated":true}]}}