{"id":538,"date":"2024-03-17T23:38:54","date_gmt":"2024-03-17T22:38:54","guid":{"rendered":"https:\/\/aaoptoelectronic.com\/?post_type=product&#038;p=538"},"modified":"2024-09-26T12:21:53","modified_gmt":"2024-09-26T10:21:53","slug":"oscillateurs-commandes-par-tension-drfa10y","status":"publish","type":"product","link":"https:\/\/aaoptoelectronic.com\/fr\/oscillateurs-commandes-par-tension-drfa10y\/","title":{"rendered":"DRFA10Y Voltage Controlled Oscillators"},"content":{"rendered":"<p><span lang=\"en-US\">Les DRFA (Voltage Controlled Oscillators) sont des drivers analogiques qui conviennent aux applications g\u00e9n\u00e9rales. Le DRFA fournit non seulement une modulation d'amplitude mais aussi une modulation de fr\u00e9quence, toutes deux par le biais de signaux analogiques externes. Un amplificateur de puissance externe sera n\u00e9cessaire pour g\u00e9n\u00e9rer les niveaux de puissance RF requis par le dispositif AO.<\/span><\/p>\n<p>Pour la version laboratoire, la source de fr\u00e9quence + les amplificateurs pratiques sont int\u00e9gr\u00e9s dans un bo\u00eetier aliment\u00e9 en 110-230 VAC. Un interrupteur sur le panneau avant permet \u00e0 l'utilisateur de s\u00e9lectionner les deux modes de fonctionnement : Mode CW : modulation interne CW de la puissance RF avec le curseur du panneau avant Mode EXT : modulation d'amplitude externe contr\u00f4l\u00e9e par l'entr\u00e9e de modulation externe<\/p>","protected":false},"excerpt":{"rendered":"<p>Les DRFA (Voltage Controlled Oscillators) sont des dispositifs analogiques qui conviennent aux applications g\u00e9n\u00e9rales (balayage de trame, acc\u00e8s al\u00e9atoire...). Le DRFA fournit non seulement une modulation d'amplitude mais aussi une modulation de fr\u00e9quence, toutes deux par le biais de signaux analogiques externes. Un amplificateur de puissance externe sera n\u00e9cessaire pour g\u00e9n\u00e9rer les niveaux de puissance RF requis par le dispositif AO. Pour la version de laboratoire, ... <a title=\"DRFA10Y Voltage Controlled Oscillators\" class=\"read-more\" href=\"https:\/\/aaoptoelectronic.com\/fr\/oscillateurs-commandes-par-tension-drfa10y\/\" aria-label=\"En savoir plus sur DRFA10Y Oscillateurs contr\u00f4l\u00e9s en tension\">Lire plus<\/a><\/p>","protected":false},"featured_media":2013,"template":"","format":"standard","meta":[],"product_brand":[],"product_cat":[25,29],"product_tag":[364,362],"class_list":{"0":"post-538","1":"product","2":"type-product","3":"status-publish","4":"format-standard","5":"has-post-thumbnail","7":"product_cat-rf-drivers","8":"product_cat-variable-frequency-drivers","9":"product_tag-deflectors-variable-frequency-shifters","10":"product_tag-sweeping","11":"sales-flash-overlay","12":"woocommerce-text-align-center","13":"woocommerce-image-align-center","14":"do-quantity-buttons","16":"first","17":"instock","18":"shipping-taxable","19":"purchasable","20":"product-type-variable"},"_links":{"self":[{"href":"https:\/\/aaoptoelectronic.com\/fr\/wp-json\/wp\/v2\/product\/538","targetHints":{"allow":["GET"]}}],"collection":[{"href":"https:\/\/aaoptoelectronic.com\/fr\/wp-json\/wp\/v2\/product"}],"about":[{"href":"https:\/\/aaoptoelectronic.com\/fr\/wp-json\/wp\/v2\/types\/product"}],"wp:featuredmedia":[{"embeddable":true,"href":"https:\/\/aaoptoelectronic.com\/fr\/wp-json\/wp\/v2\/media\/2013"}],"wp:attachment":[{"href":"https:\/\/aaoptoelectronic.com\/fr\/wp-json\/wp\/v2\/media?parent=538"}],"wp:term":[{"taxonomy":"product_brand","embeddable":true,"href":"https:\/\/aaoptoelectronic.com\/fr\/wp-json\/wp\/v2\/product_brand?post=538"},{"taxonomy":"product_cat","embeddable":true,"href":"https:\/\/aaoptoelectronic.com\/fr\/wp-json\/wp\/v2\/product_cat?post=538"},{"taxonomy":"product_tag","embeddable":true,"href":"https:\/\/aaoptoelectronic.com\/fr\/wp-json\/wp\/v2\/product_tag?post=538"}],"curies":[{"name":"wp","href":"https:\/\/api.w.org\/{rel}","templated":true}]}}