{"id":540,"date":"2024-03-17T23:41:10","date_gmt":"2024-03-17T22:41:10","guid":{"rendered":"https:\/\/aaoptoelectronic.com\/?post_type=product&#038;p=540"},"modified":"2024-04-30T10:19:17","modified_gmt":"2024-04-30T08:19:17","slug":"ampa-ampb-amplificateurs-de-puissance-oem","status":"publish","type":"product","link":"https:\/\/aaoptoelectronic.com\/fr\/ampa-ampb-amplificateurs-de-puissance-oem\/","title":{"rendered":"Amplificateurs de puissance OEM AMPA &amp; AMPB"},"content":{"rendered":"<p><span lang=\"en-US\">Ces amplificateurs de puissance sont con\u00e7us pour un usage g\u00e9n\u00e9ral, couvrant des gammes de fr\u00e9quences allant jusqu'\u00e0 500\/900 MHz. En association avec un driver VCO ou DDS, ils fourniront la puissance RF n\u00e9cessaire pour piloter un dispositif acousto-optique jusqu'\u00e0 1, 2,5, 4W ou plus.<\/span><\/p>","protected":false},"excerpt":{"rendered":"<p>Ces amplificateurs de puissance sont con\u00e7us pour un usage g\u00e9n\u00e9ral, couvrant des gammes de fr\u00e9quences allant jusqu'\u00e0 500\/900 MHz. En association avec un driver VCO ou DDS, ils fourniront la puissance RF n\u00e9cessaire pour piloter un dispositif acousto-optique jusqu'\u00e0 1, 2,5, 4W ou plus.<\/p>","protected":false},"featured_media":1558,"template":"","format":"standard","meta":[],"product_brand":[],"product_cat":[32,25],"product_tag":[],"class_list":{"0":"post-540","1":"product","2":"type-product","3":"status-publish","4":"format-standard","5":"has-post-thumbnail","7":"product_cat-power-amplifiers","8":"product_cat-rf-drivers","9":"sales-flash-overlay","10":"woocommerce-text-align-center","11":"woocommerce-image-align-center","12":"do-quantity-buttons","14":"first","15":"instock","16":"shipping-taxable","17":"purchasable","18":"product-type-variable"},"_links":{"self":[{"href":"https:\/\/aaoptoelectronic.com\/fr\/wp-json\/wp\/v2\/product\/540","targetHints":{"allow":["GET"]}}],"collection":[{"href":"https:\/\/aaoptoelectronic.com\/fr\/wp-json\/wp\/v2\/product"}],"about":[{"href":"https:\/\/aaoptoelectronic.com\/fr\/wp-json\/wp\/v2\/types\/product"}],"wp:featuredmedia":[{"embeddable":true,"href":"https:\/\/aaoptoelectronic.com\/fr\/wp-json\/wp\/v2\/media\/1558"}],"wp:attachment":[{"href":"https:\/\/aaoptoelectronic.com\/fr\/wp-json\/wp\/v2\/media?parent=540"}],"wp:term":[{"taxonomy":"product_brand","embeddable":true,"href":"https:\/\/aaoptoelectronic.com\/fr\/wp-json\/wp\/v2\/product_brand?post=540"},{"taxonomy":"product_cat","embeddable":true,"href":"https:\/\/aaoptoelectronic.com\/fr\/wp-json\/wp\/v2\/product_cat?post=540"},{"taxonomy":"product_tag","embeddable":true,"href":"https:\/\/aaoptoelectronic.com\/fr\/wp-json\/wp\/v2\/product_tag?post=540"}],"curies":[{"name":"wp","href":"https:\/\/api.w.org\/{rel}","templated":true}]}}