{"id":541,"date":"2024-03-17T23:41:56","date_gmt":"2024-03-17T22:41:56","guid":{"rendered":"https:\/\/aaoptoelectronic.com\/?post_type=product&#038;p=541"},"modified":"2025-11-26T15:46:24","modified_gmt":"2025-11-26T14:46:24","slug":"amplificateurs-de-rack-ampb8x","status":"publish","type":"product","link":"https:\/\/aaoptoelectronic.com\/fr\/amplificateurs-de-rack-ampb8x\/","title":{"rendered":"Amplificateurs de puissance"},"content":{"rendered":"<p><span lang=\"en-US\">Ces amplificateurs de rack int\u00e8grent jusqu'\u00e0 8 ou 25 amplificateurs de puissance avec leur alimentation et leur refroidissement pour faciliter l'exp\u00e9rience de l'utilisateur. Des interrupteurs individuels permettent \u00e9galement d'activer\/d\u00e9sactiver les sorties utilis\u00e9es\/non utilis\u00e9es. Ils sont con\u00e7us pour un usage g\u00e9n\u00e9ral, couvrant des gammes de fr\u00e9quences allant jusqu'\u00e0 10-500 MHz\/10-900 MHz (8 sorties) et 20-425 MHz (25 sorties) et ils fourniront la puissance RF n\u00e9cessaire jusqu'\u00e0 4W.<\/span><\/p>","protected":false},"excerpt":{"rendered":"<p>Ces amplificateurs de rack int\u00e8grent jusqu'\u00e0 8 ou 25 amplificateurs de puissance avec leur alimentation et leur refroidissement pour faciliter l'exp\u00e9rience de l'utilisateur. Des interrupteurs individuels permettent \u00e9galement d'activer\/d\u00e9sactiver les sorties utilis\u00e9es\/non utilis\u00e9es. Ils sont con\u00e7us pour un usage g\u00e9n\u00e9ral, couvrant des gammes de fr\u00e9quences jusqu'\u00e0 10-500 MHz\/10-900 MHz (8 sorties) et 20-425 MHz (25 sorties) ... <a title=\"Amplificateurs de puissance\" class=\"read-more\" href=\"https:\/\/aaoptoelectronic.com\/fr\/amplificateurs-de-rack-ampb8x\/\" aria-label=\"En savoir plus sur Amplificateur de puissance Rack Boosters\">Lire plus<\/a><\/p>","protected":false},"featured_media":5457,"template":"","format":"standard","meta":[],"product_brand":[],"product_cat":[32,25],"product_tag":[360],"class_list":{"0":"post-541","1":"product","2":"type-product","3":"status-publish","4":"format-standard","5":"has-post-thumbnail","7":"product_cat-power-amplifiers","8":"product_cat-rf-drivers","9":"product_tag-multi-outputs","10":"sales-flash-overlay","11":"woocommerce-text-align-center","12":"woocommerce-image-align-center","13":"do-quantity-buttons","15":"first","16":"instock","17":"shipping-taxable","18":"purchasable","19":"product-type-variable"},"_links":{"self":[{"href":"https:\/\/aaoptoelectronic.com\/fr\/wp-json\/wp\/v2\/product\/541","targetHints":{"allow":["GET"]}}],"collection":[{"href":"https:\/\/aaoptoelectronic.com\/fr\/wp-json\/wp\/v2\/product"}],"about":[{"href":"https:\/\/aaoptoelectronic.com\/fr\/wp-json\/wp\/v2\/types\/product"}],"wp:featuredmedia":[{"embeddable":true,"href":"https:\/\/aaoptoelectronic.com\/fr\/wp-json\/wp\/v2\/media\/5457"}],"wp:attachment":[{"href":"https:\/\/aaoptoelectronic.com\/fr\/wp-json\/wp\/v2\/media?parent=541"}],"wp:term":[{"taxonomy":"product_brand","embeddable":true,"href":"https:\/\/aaoptoelectronic.com\/fr\/wp-json\/wp\/v2\/product_brand?post=541"},{"taxonomy":"product_cat","embeddable":true,"href":"https:\/\/aaoptoelectronic.com\/fr\/wp-json\/wp\/v2\/product_cat?post=541"},{"taxonomy":"product_tag","embeddable":true,"href":"https:\/\/aaoptoelectronic.com\/fr\/wp-json\/wp\/v2\/product_tag?post=541"}],"curies":[{"name":"wp","href":"https:\/\/api.w.org\/{rel}","templated":true}]}}