{"id":5622,"date":"2025-11-26T12:10:54","date_gmt":"2025-11-26T11:10:54","guid":{"rendered":"https:\/\/aaoptoelectronic.com\/?post_type=product&#038;p=5622"},"modified":"2026-03-16T12:23:05","modified_gmt":"2026-03-16T11:23:05","slug":"mq200-b30a1-2-uv-hk","status":"publish","type":"product","link":"https:\/\/aaoptoelectronic.com\/fr\/mq200-b30a1-2-uv-hk\/","title":{"rendered":"MQ200-B30A1.2-UV-HK"},"content":{"rendered":"<p>Ce dispositif d'OA en silice fondue est utilisable dans la gamme de longueurs d'onde de 325 \u00e0 425 nm. Il peut \u00eatre utilis\u00e9 comme modificateur de fr\u00e9quence variable ainsi que comme d\u00e9flecteur rapide, mais \u00e0 faible r\u00e9solution. Il fonctionne \u00e0 une fr\u00e9quence centrale de 200 MHz avec une largeur de bande de +\/- 15 MHz.<\/p>","protected":false},"excerpt":{"rendered":"<p>AO Deflector\/Variable Shifter, Fused Silica [L], Temps de mont\u00e9e\/descente 110ns\/mm, D\u00e9calage de fr\u00e9quence 200 +\/-15 MHz, Ouverture 1.2 x 2 mm\u00b2, Gamme de longueur d'onde : 325-425 nm, conception Brewster, puissance RF &lt; 3W.<\/p>","protected":false},"featured_media":225,"template":"","format":"standard","meta":[],"product_brand":[],"product_cat":[20,21],"product_tag":[],"class_list":{"0":"post-5622","1":"product","2":"type-product","3":"status-publish","4":"format-standard","5":"has-post-thumbnail","7":"product_cat-ao-devices","8":"product_cat-low-resolution-deflectors-variable-frequency-shifters","9":"sales-flash-overlay","10":"woocommerce-text-align-center","11":"woocommerce-image-align-center","12":"do-quantity-buttons","14":"first","15":"instock","16":"shipping-taxable","17":"purchasable","18":"product-type-simple"},"_links":{"self":[{"href":"https:\/\/aaoptoelectronic.com\/fr\/wp-json\/wp\/v2\/product\/5622","targetHints":{"allow":["GET"]}}],"collection":[{"href":"https:\/\/aaoptoelectronic.com\/fr\/wp-json\/wp\/v2\/product"}],"about":[{"href":"https:\/\/aaoptoelectronic.com\/fr\/wp-json\/wp\/v2\/types\/product"}],"wp:featuredmedia":[{"embeddable":true,"href":"https:\/\/aaoptoelectronic.com\/fr\/wp-json\/wp\/v2\/media\/225"}],"wp:attachment":[{"href":"https:\/\/aaoptoelectronic.com\/fr\/wp-json\/wp\/v2\/media?parent=5622"}],"wp:term":[{"taxonomy":"product_brand","embeddable":true,"href":"https:\/\/aaoptoelectronic.com\/fr\/wp-json\/wp\/v2\/product_brand?post=5622"},{"taxonomy":"product_cat","embeddable":true,"href":"https:\/\/aaoptoelectronic.com\/fr\/wp-json\/wp\/v2\/product_cat?post=5622"},{"taxonomy":"product_tag","embeddable":true,"href":"https:\/\/aaoptoelectronic.com\/fr\/wp-json\/wp\/v2\/product_tag?post=5622"}],"curies":[{"name":"wp","href":"https:\/\/api.w.org\/{rel}","templated":true}]}}