{"id":5624,"date":"2025-11-26T12:15:17","date_gmt":"2025-11-26T11:15:17","guid":{"rendered":"https:\/\/aaoptoelectronic.com\/?post_type=product&#038;p=5624"},"modified":"2025-11-26T12:26:31","modified_gmt":"2025-11-26T11:26:31","slug":"mq200-a12-uv-hk","status":"publish","type":"product","link":"https:\/\/aaoptoelectronic.com\/fr\/mq200-a12-uv-hk\/","title":{"rendered":"MQ200-A1,2-UV-HK"},"content":{"rendered":"<p>Ce dispositif d'OA en espace libre est fabriqu\u00e9 en silice fondue et peut \u00eatre utilis\u00e9 dans la gamme de longueurs d'onde de 325 \u00e0 425 nm. Il peut \u00eatre utilis\u00e9 comme modulateur rapide d'intensit\u00e9\/amplitude et comme modificateur de fr\u00e9quence fixe \u00e0 200 MHz.<\/p>","protected":false},"excerpt":{"rendered":"<p>Modulateur\/d\u00e9calage AO, Silice fondue [L], Temps de mont\u00e9e\/descente 110ns\/mm, D\u00e9calage de fr\u00e9quence 200 MHz, Ouverture 1.2 x 2 mm\u00b2, Gamme de longueur d'onde : 325-425 nm, Puissance RF &lt; 3W.<\/p>","protected":false},"featured_media":225,"template":"","format":"standard","meta":[],"product_brand":[],"product_cat":[20,19],"product_tag":[],"class_list":{"0":"post-5624","1":"product","2":"type-product","3":"status-publish","4":"format-standard","5":"has-post-thumbnail","7":"product_cat-ao-devices","8":"product_cat-modulators-fixed-frequency-shifters","9":"sales-flash-overlay","10":"woocommerce-text-align-center","11":"woocommerce-image-align-center","12":"do-quantity-buttons","14":"first","15":"instock","16":"shipping-taxable","17":"purchasable","18":"product-type-simple"},"_links":{"self":[{"href":"https:\/\/aaoptoelectronic.com\/fr\/wp-json\/wp\/v2\/product\/5624","targetHints":{"allow":["GET"]}}],"collection":[{"href":"https:\/\/aaoptoelectronic.com\/fr\/wp-json\/wp\/v2\/product"}],"about":[{"href":"https:\/\/aaoptoelectronic.com\/fr\/wp-json\/wp\/v2\/types\/product"}],"wp:featuredmedia":[{"embeddable":true,"href":"https:\/\/aaoptoelectronic.com\/fr\/wp-json\/wp\/v2\/media\/225"}],"wp:attachment":[{"href":"https:\/\/aaoptoelectronic.com\/fr\/wp-json\/wp\/v2\/media?parent=5624"}],"wp:term":[{"taxonomy":"product_brand","embeddable":true,"href":"https:\/\/aaoptoelectronic.com\/fr\/wp-json\/wp\/v2\/product_brand?post=5624"},{"taxonomy":"product_cat","embeddable":true,"href":"https:\/\/aaoptoelectronic.com\/fr\/wp-json\/wp\/v2\/product_cat?post=5624"},{"taxonomy":"product_tag","embeddable":true,"href":"https:\/\/aaoptoelectronic.com\/fr\/wp-json\/wp\/v2\/product_tag?post=5624"}],"curies":[{"name":"wp","href":"https:\/\/api.w.org\/{rel}","templated":true}]}}