{"id":5625,"date":"2025-11-26T12:29:20","date_gmt":"2025-11-26T11:29:20","guid":{"rendered":"https:\/\/aaoptoelectronic.com\/?post_type=product&#038;p=5625"},"modified":"2025-11-26T14:34:32","modified_gmt":"2025-11-26T13:34:32","slug":"mq180-a03-244-300-br","status":"publish","type":"product","link":"https:\/\/aaoptoelectronic.com\/fr\/mq180-a03-244-300-br\/","title":{"rendered":"MQ180-A0,3-244.300-Br"},"content":{"rendered":"<p>Ce dispositif d'OA en espace libre est fabriqu\u00e9 en silice fondue avec une coupe de Brewster et est utilisable dans la gamme de longueurs d'onde de 244 \u00e0 300 nm. Il peut \u00eatre utilis\u00e9 comme modulateur rapide d'intensit\u00e9\/amplitude et comme modificateur de fr\u00e9quence fixe.<\/p>","protected":false},"excerpt":{"rendered":"<p>Modulateur\/d\u00e9calage AO, silice fondue [L], temps de mont\u00e9e\/descente 110ns\/mm, d\u00e9calage de fr\u00e9quence 180 MHz, ouverture 0,3 x 1 mm\u00b2, gamme de longueurs d'onde : 244-300 nm, conception Brewster, puissance RF &lt; 2,5W.<\/p>","protected":false},"featured_media":0,"template":"","format":"standard","meta":[],"product_brand":[],"product_cat":[20,19],"product_tag":[],"class_list":{"0":"post-5625","1":"product","2":"type-product","3":"status-publish","4":"format-standard","6":"product_cat-ao-devices","7":"product_cat-modulators-fixed-frequency-shifters","8":"sales-flash-overlay","9":"woocommerce-text-align-center","10":"woocommerce-image-align-center","11":"do-quantity-buttons","13":"first","14":"instock","15":"shipping-taxable","16":"purchasable","17":"product-type-simple"},"_links":{"self":[{"href":"https:\/\/aaoptoelectronic.com\/fr\/wp-json\/wp\/v2\/product\/5625","targetHints":{"allow":["GET"]}}],"collection":[{"href":"https:\/\/aaoptoelectronic.com\/fr\/wp-json\/wp\/v2\/product"}],"about":[{"href":"https:\/\/aaoptoelectronic.com\/fr\/wp-json\/wp\/v2\/types\/product"}],"wp:attachment":[{"href":"https:\/\/aaoptoelectronic.com\/fr\/wp-json\/wp\/v2\/media?parent=5625"}],"wp:term":[{"taxonomy":"product_brand","embeddable":true,"href":"https:\/\/aaoptoelectronic.com\/fr\/wp-json\/wp\/v2\/product_brand?post=5625"},{"taxonomy":"product_cat","embeddable":true,"href":"https:\/\/aaoptoelectronic.com\/fr\/wp-json\/wp\/v2\/product_cat?post=5625"},{"taxonomy":"product_tag","embeddable":true,"href":"https:\/\/aaoptoelectronic.com\/fr\/wp-json\/wp\/v2\/product_tag?post=5625"}],"curies":[{"name":"wp","href":"https:\/\/api.w.org\/{rel}","templated":true}]}}