{"id":5628,"date":"2025-11-26T14:53:14","date_gmt":"2025-11-26T13:53:14","guid":{"rendered":"https:\/\/aaoptoelectronic.com\/?post_type=product&#038;p=5628"},"modified":"2025-11-26T15:15:35","modified_gmt":"2025-11-26T14:15:35","slug":"amplificateurs-de-puissance-a-faible-bruit-ampa-ampb-oem","status":"publish","type":"product","link":"https:\/\/aaoptoelectronic.com\/fr\/amplificateurs-de-puissance-a-faible-bruit-ampa-ampb-oem\/","title":{"rendered":"Amplificateurs de puissance OEM AMPA &amp; AMPB \u00e0 faible bruit"},"content":{"rendered":"<p><span lang=\"en-US\">Ces amplificateurs de puissance sont con\u00e7us pour des applications o\u00f9 le facteur de bruit est un probl\u00e8me. La conception \u00e0 faible bruit permet une couverture de fr\u00e9quence dans la gamme de 10-500 MHz (2,5W), 50-350 MHz (6W) et 50-150 MHz (10W). En association avec un pilote VCO ou un pilote DDS, ils fourniront la puissance RF n\u00e9cessaire pour piloter un dispositif acousto-optique.<\/span><\/p>","protected":false},"excerpt":{"rendered":"<p>Ces amplificateurs de puissance sont con\u00e7us pour des applications o\u00f9 le facteur de bruit est un probl\u00e8me. La conception \u00e0 faible bruit permet une couverture de fr\u00e9quence dans la gamme de 10-500 MHz (2.5W), 50-350 MHz (6W) et 50-150 MHz (10W). En association avec un pilote VCO ou un pilote DDS, ils fourniront la puissance RF n\u00e9cessaire pour ... <a title=\"Amplificateurs de puissance OEM AMPA &amp; AMPB \u00e0 faible bruit\" class=\"read-more\" href=\"https:\/\/aaoptoelectronic.com\/fr\/amplificateurs-de-puissance-a-faible-bruit-ampa-ampb-oem\/\" aria-label=\"En savoir plus sur Amplificateurs de puissance \u00e0 faible bruit AMPA &amp; AMPB OEM\">Lire plus<\/a><\/p>","protected":false},"featured_media":1558,"template":"","format":"standard","meta":[],"product_brand":[],"product_cat":[32,25],"product_tag":[],"class_list":{"0":"post-5628","1":"product","2":"type-product","3":"status-publish","4":"format-standard","5":"has-post-thumbnail","7":"product_cat-power-amplifiers","8":"product_cat-rf-drivers","9":"sales-flash-overlay","10":"woocommerce-text-align-center","11":"woocommerce-image-align-center","12":"do-quantity-buttons","14":"first","15":"instock","16":"shipping-taxable","17":"purchasable","18":"product-type-variable"},"_links":{"self":[{"href":"https:\/\/aaoptoelectronic.com\/fr\/wp-json\/wp\/v2\/product\/5628","targetHints":{"allow":["GET"]}}],"collection":[{"href":"https:\/\/aaoptoelectronic.com\/fr\/wp-json\/wp\/v2\/product"}],"about":[{"href":"https:\/\/aaoptoelectronic.com\/fr\/wp-json\/wp\/v2\/types\/product"}],"wp:featuredmedia":[{"embeddable":true,"href":"https:\/\/aaoptoelectronic.com\/fr\/wp-json\/wp\/v2\/media\/1558"}],"wp:attachment":[{"href":"https:\/\/aaoptoelectronic.com\/fr\/wp-json\/wp\/v2\/media?parent=5628"}],"wp:term":[{"taxonomy":"product_brand","embeddable":true,"href":"https:\/\/aaoptoelectronic.com\/fr\/wp-json\/wp\/v2\/product_brand?post=5628"},{"taxonomy":"product_cat","embeddable":true,"href":"https:\/\/aaoptoelectronic.com\/fr\/wp-json\/wp\/v2\/product_cat?post=5628"},{"taxonomy":"product_tag","embeddable":true,"href":"https:\/\/aaoptoelectronic.com\/fr\/wp-json\/wp\/v2\/product_tag?post=5628"}],"curies":[{"name":"wp","href":"https:\/\/api.w.org\/{rel}","templated":true}]}}