{"id":705,"date":"2024-03-20T19:22:26","date_gmt":"2024-03-20T18:22:26","guid":{"rendered":"https:\/\/aaoptoelectronic.com\/product\/mt180-g430-fio-mm-2\/"},"modified":"2024-06-04T16:09:03","modified_gmt":"2024-06-04T14:09:03","slug":"mt180-g430-fio-mm","status":"publish","type":"product","link":"https:\/\/aaoptoelectronic.com\/fr\/mt180-g430-fio-mm\/","title":{"rendered":"MT180-G430-Fio-MM"},"content":{"rendered":"<p><em>Ce dispositif \u00e0 fibres optiques est destin\u00e9 \u00e0 \u00eatre utilis\u00e9 pour une seule longueur d'onde dans la gamme de fonctionnement [488-532 nm]. Il peut \u00eatre utilis\u00e9 pour la modulation d'intensit\u00e9, le d\u00e9calage de fr\u00e9quence fixe ou variable. Il est \u00e9quip\u00e9 d'une fibre multimode et les applications courantes sont les obturateurs optiques, le LIDAR, l'\u00e9clairage et bien d'autres.  Par d\u00e9faut, la gaine de la fibre est un tube en hytrel de 900\u00b5m et les connecteurs sont FC\/APC, mais ils peuvent \u00eatre personnalis\u00e9s sur demande.<\/em><\/p>","protected":false},"excerpt":{"rendered":"<p>Modulateur\/d\u00e9caleur pigtailed AO Fiber, Te02 [L], Temps de mont\u00e9e\/descente 430 ns, D\u00e9calage de fr\u00e9quence + 180 MHz upshift (-180 MHz downshift sur demande), Type de fibre Multimode, Puissance optique &lt; 0.5W, Gaine 900 \u00b5m Hytrel tubing, Connecteurs FC\/APC, Puissance RF &lt; 2.5W, Bo\u00eetier VSF.<\/p>","protected":false},"featured_media":222,"template":"","format":"standard","meta":[],"product_brand":[],"product_cat":[20,17],"product_tag":[],"class_list":{"0":"post-705","1":"product","2":"type-product","3":"status-publish","4":"format-standard","5":"has-post-thumbnail","7":"product_cat-ao-devices","8":"product_cat-fiber-pigtailed-modulators","9":"sales-flash-overlay","10":"woocommerce-text-align-center","11":"woocommerce-image-align-center","12":"do-quantity-buttons","14":"first","15":"instock","16":"shipping-taxable","17":"purchasable","18":"product-type-simple"},"_links":{"self":[{"href":"https:\/\/aaoptoelectronic.com\/fr\/wp-json\/wp\/v2\/product\/705","targetHints":{"allow":["GET"]}}],"collection":[{"href":"https:\/\/aaoptoelectronic.com\/fr\/wp-json\/wp\/v2\/product"}],"about":[{"href":"https:\/\/aaoptoelectronic.com\/fr\/wp-json\/wp\/v2\/types\/product"}],"wp:featuredmedia":[{"embeddable":true,"href":"https:\/\/aaoptoelectronic.com\/fr\/wp-json\/wp\/v2\/media\/222"}],"wp:attachment":[{"href":"https:\/\/aaoptoelectronic.com\/fr\/wp-json\/wp\/v2\/media?parent=705"}],"wp:term":[{"taxonomy":"product_brand","embeddable":true,"href":"https:\/\/aaoptoelectronic.com\/fr\/wp-json\/wp\/v2\/product_brand?post=705"},{"taxonomy":"product_cat","embeddable":true,"href":"https:\/\/aaoptoelectronic.com\/fr\/wp-json\/wp\/v2\/product_cat?post=705"},{"taxonomy":"product_tag","embeddable":true,"href":"https:\/\/aaoptoelectronic.com\/fr\/wp-json\/wp\/v2\/product_tag?post=705"}],"curies":[{"name":"wp","href":"https:\/\/api.w.org\/{rel}","templated":true}]}}