{"id":706,"date":"2024-03-20T19:22:27","date_gmt":"2024-03-20T18:22:27","guid":{"rendered":"https:\/\/aaoptoelectronic.com\/product\/mq180-g9-fio-xx\/"},"modified":"2024-06-04T16:09:04","modified_gmt":"2024-06-04T14:09:04","slug":"mq180-g9-fio-xx","status":"publish","type":"product","link":"https:\/\/aaoptoelectronic.com\/fr\/mq180-g9-fio-xx\/","title":{"rendered":"MQ180-G9-Fio-xx"},"content":{"rendered":"<p>Ce dispositif \u00e0 fibre optique est destin\u00e9 \u00e0 \u00eatre utilis\u00e9 pour une seule longueur d'onde dans la gamme de fonctionnement [488-532 nm]. Il est bas\u00e9 sur SiO2 afin de supporter une puissance optique \u00e9lev\u00e9e et offre un faible temps de mont\u00e9e\/descente. Il peut \u00eatre utilis\u00e9 pour la modulation d'intensit\u00e9 ainsi que pour le d\u00e9calage de fr\u00e9quence \u00e0 +180 MHz (-180 MHz sur demande). Par d\u00e9faut, la gaine de la fibre est un tube en hytrel de 900\u00b5m et les connecteurs sont FC\/APC, mais ceux-ci peuvent \u00eatre personnalis\u00e9s sur demande.<\/p>","protected":false},"excerpt":{"rendered":"<p>Modulateur\/d\u00e9caleur pigtailed en fibre AO, Silice fondue [L], Temps de mont\u00e9e\/descente 9 ns, D\u00e9calage de fr\u00e9quence + 180 MHz upshift (-180 MHz downshift sur demande), Type de fibre PM 480, Puissance optique &lt; 100 mW, Gaine 900 \u00b5m Hytrel tubing, Connecteurs FC\/APC, Puissance RF &lt; 4W, Bo\u00eetier VSF.<\/p>","protected":false},"featured_media":222,"template":"","format":"standard","meta":[],"product_brand":[],"product_cat":[20,17],"product_tag":[],"class_list":{"0":"post-706","1":"product","2":"type-product","3":"status-publish","4":"format-standard","5":"has-post-thumbnail","7":"product_cat-ao-devices","8":"product_cat-fiber-pigtailed-modulators","9":"sales-flash-overlay","10":"woocommerce-text-align-center","11":"woocommerce-image-align-center","12":"do-quantity-buttons","14":"first","15":"instock","16":"shipping-taxable","17":"purchasable","18":"product-type-simple"},"_links":{"self":[{"href":"https:\/\/aaoptoelectronic.com\/fr\/wp-json\/wp\/v2\/product\/706","targetHints":{"allow":["GET"]}}],"collection":[{"href":"https:\/\/aaoptoelectronic.com\/fr\/wp-json\/wp\/v2\/product"}],"about":[{"href":"https:\/\/aaoptoelectronic.com\/fr\/wp-json\/wp\/v2\/types\/product"}],"wp:featuredmedia":[{"embeddable":true,"href":"https:\/\/aaoptoelectronic.com\/fr\/wp-json\/wp\/v2\/media\/222"}],"wp:attachment":[{"href":"https:\/\/aaoptoelectronic.com\/fr\/wp-json\/wp\/v2\/media?parent=706"}],"wp:term":[{"taxonomy":"product_brand","embeddable":true,"href":"https:\/\/aaoptoelectronic.com\/fr\/wp-json\/wp\/v2\/product_brand?post=706"},{"taxonomy":"product_cat","embeddable":true,"href":"https:\/\/aaoptoelectronic.com\/fr\/wp-json\/wp\/v2\/product_cat?post=706"},{"taxonomy":"product_tag","embeddable":true,"href":"https:\/\/aaoptoelectronic.com\/fr\/wp-json\/wp\/v2\/product_tag?post=706"}],"curies":[{"name":"wp","href":"https:\/\/api.w.org\/{rel}","templated":true}]}}