{"id":721,"date":"2024-03-20T19:22:34","date_gmt":"2024-03-20T18:22:34","guid":{"rendered":"https:\/\/aaoptoelectronic.com\/product\/mt250-ir6-fio-pm0\/"},"modified":"2024-06-04T16:29:55","modified_gmt":"2024-06-04T14:29:55","slug":"mt250-ir6-fio-pm0","status":"publish","type":"product","link":"https:\/\/aaoptoelectronic.com\/fr\/mt250-ir6-fio-pm0\/","title":{"rendered":"MT250-IR6-Fio-PM0.5-J1-A-Ic"},"content":{"rendered":"<p>Ces dispositifs compacts \u00e0 queue de cochon en fibre sont destin\u00e9s \u00e0 \u00eatre utilis\u00e9s pour une seule longueur d'onde dans leur plage de fonctionnement [1030-1064 nm]. Ils peuvent \u00eatre utilis\u00e9s pour la modulation d'intensit\u00e9 avec un temps de mont\u00e9e\/descente de 6 ns ainsi que pour le d\u00e9calage de fr\u00e9quence \u00e0 250 MHz.<\/p>","protected":false},"excerpt":{"rendered":"<p>Modulateur\/d\u00e9caleur pigtailed en fibre AO, Te02 [L], Temps de mont\u00e9e\/descente 6 ns, D\u00e9calage de fr\u00e9quence + 250 MHz upshift, Type de fibre PM 980, Puissance optique &lt; 0.5W, Gaine 900 \u00b5m Hytrel tubing, FC\/APC, Puissance RF &lt; 1.8W, Bo\u00eetier compact.<\/p>","protected":false},"featured_media":3926,"template":"","format":"standard","meta":[],"product_brand":[],"product_cat":[20,17],"product_tag":[],"class_list":{"0":"post-721","1":"product","2":"type-product","3":"status-publish","4":"format-standard","5":"has-post-thumbnail","7":"product_cat-ao-devices","8":"product_cat-fiber-pigtailed-modulators","9":"sales-flash-overlay","10":"woocommerce-text-align-center","11":"woocommerce-image-align-center","12":"do-quantity-buttons","14":"first","15":"instock","16":"shipping-taxable","17":"purchasable","18":"product-type-simple"},"_links":{"self":[{"href":"https:\/\/aaoptoelectronic.com\/fr\/wp-json\/wp\/v2\/product\/721","targetHints":{"allow":["GET"]}}],"collection":[{"href":"https:\/\/aaoptoelectronic.com\/fr\/wp-json\/wp\/v2\/product"}],"about":[{"href":"https:\/\/aaoptoelectronic.com\/fr\/wp-json\/wp\/v2\/types\/product"}],"wp:featuredmedia":[{"embeddable":true,"href":"https:\/\/aaoptoelectronic.com\/fr\/wp-json\/wp\/v2\/media\/3926"}],"wp:attachment":[{"href":"https:\/\/aaoptoelectronic.com\/fr\/wp-json\/wp\/v2\/media?parent=721"}],"wp:term":[{"taxonomy":"product_brand","embeddable":true,"href":"https:\/\/aaoptoelectronic.com\/fr\/wp-json\/wp\/v2\/product_brand?post=721"},{"taxonomy":"product_cat","embeddable":true,"href":"https:\/\/aaoptoelectronic.com\/fr\/wp-json\/wp\/v2\/product_cat?post=721"},{"taxonomy":"product_tag","embeddable":true,"href":"https:\/\/aaoptoelectronic.com\/fr\/wp-json\/wp\/v2\/product_tag?post=721"}],"curies":[{"name":"wp","href":"https:\/\/api.w.org\/{rel}","templated":true}]}}