{"id":722,"date":"2024-03-20T19:22:35","date_gmt":"2024-03-20T18:22:35","guid":{"rendered":"https:\/\/aaoptoelectronic.com\/product\/mt200-ir10-fio-pm-j1-a-ic\/"},"modified":"2024-06-04T16:51:34","modified_gmt":"2024-06-04T14:51:34","slug":"mt200-ir10-fio-pm-j1-a-ic","status":"publish","type":"product","link":"https:\/\/aaoptoelectronic.com\/fr\/mt200-ir10-fio-pm-j1-a-ic\/","title":{"rendered":"MT200-IR10-Fio-xx-J1-A-Ic"},"content":{"rendered":"<p>Ces dispositifs compacts \u00e0 queue de cochon en fibre sont destin\u00e9s \u00e0 \u00eatre utilis\u00e9s pour une seule longueur d'onde dans leur plage de fonctionnement [1030-1064 nm]. Ils peuvent \u00eatre utilis\u00e9s pour la modulation d'intensit\u00e9 avec un temps de mont\u00e9e\/descente de 10 ns ainsi que pour le d\u00e9calage de fr\u00e9quence \u00e0 200 MHz. Ils sont disponibles avec des fibres PM 980 ou LMA.<\/p>","protected":false},"excerpt":{"rendered":"<p>Modulateur\/d\u00e9caleur pigtailed en fibre AO, Te02 [L], Temps de mont\u00e9e\/descente 10 ns, D\u00e9calage de fr\u00e9quence + 200 MHz upshift, Fibre type PM 980 ou LMA, Puissance optique &lt; 1W, Gaine 900 \u00b5m Hytrel tubing, FC\/APC, Puissance RF &lt; 2.2W, Bo\u00eetier compact.<\/p>","protected":false},"featured_media":3926,"template":"","format":"standard","meta":[],"product_brand":[],"product_cat":[20,17],"product_tag":[],"class_list":{"0":"post-722","1":"product","2":"type-product","3":"status-publish","4":"format-standard","5":"has-post-thumbnail","7":"product_cat-ao-devices","8":"product_cat-fiber-pigtailed-modulators","9":"sales-flash-overlay","10":"woocommerce-text-align-center","11":"woocommerce-image-align-center","12":"do-quantity-buttons","14":"first","15":"instock","16":"shipping-taxable","17":"purchasable","18":"product-type-variable"},"_links":{"self":[{"href":"https:\/\/aaoptoelectronic.com\/fr\/wp-json\/wp\/v2\/product\/722","targetHints":{"allow":["GET"]}}],"collection":[{"href":"https:\/\/aaoptoelectronic.com\/fr\/wp-json\/wp\/v2\/product"}],"about":[{"href":"https:\/\/aaoptoelectronic.com\/fr\/wp-json\/wp\/v2\/types\/product"}],"wp:featuredmedia":[{"embeddable":true,"href":"https:\/\/aaoptoelectronic.com\/fr\/wp-json\/wp\/v2\/media\/3926"}],"wp:attachment":[{"href":"https:\/\/aaoptoelectronic.com\/fr\/wp-json\/wp\/v2\/media?parent=722"}],"wp:term":[{"taxonomy":"product_brand","embeddable":true,"href":"https:\/\/aaoptoelectronic.com\/fr\/wp-json\/wp\/v2\/product_brand?post=722"},{"taxonomy":"product_cat","embeddable":true,"href":"https:\/\/aaoptoelectronic.com\/fr\/wp-json\/wp\/v2\/product_cat?post=722"},{"taxonomy":"product_tag","embeddable":true,"href":"https:\/\/aaoptoelectronic.com\/fr\/wp-json\/wp\/v2\/product_tag?post=722"}],"curies":[{"name":"wp","href":"https:\/\/api.w.org\/{rel}","templated":true}]}}