{"id":723,"date":"2024-03-20T19:22:36","date_gmt":"2024-03-20T18:22:36","guid":{"rendered":"https:\/\/aaoptoelectronic.com\/product\/ma40-iir55-fio-sm-j1-a-ic2\/"},"modified":"2024-06-04T16:54:46","modified_gmt":"2024-06-04T14:54:46","slug":"ma40-iir55-fio-sm-j1-a-ic2","status":"publish","type":"product","link":"https:\/\/aaoptoelectronic.com\/fr\/ma40-iir55-fio-sm-j1-a-ic2\/","title":{"rendered":"MA40-IIR55-Fio-SM-J1-A-Ic2"},"content":{"rendered":"<p>Ce dispositif compact \u00e0 fibre en queue de cochon est destin\u00e9 \u00e0 un fonctionnement \u00e0 longueur d'onde unique dans [1500-1600] nm. Il est fabriqu\u00e9 en verre dop\u00e9, ce qui lui conf\u00e8re des caract\u00e9ristiques int\u00e9ressantes telles que l'insensibilit\u00e9 \u00e0 la polarisation et une faible consommation d'\u00e9nergie RF. Il peut \u00eatre utilis\u00e9 comme modulateur d'intensit\u00e9 et comme d\u00e9calage de fr\u00e9quence fixe pour les applications de t\u00e9l\u00e9communication et de d\u00e9tection. Sa compacit\u00e9, sa fiabilit\u00e9 et ses performances \u00e9lev\u00e9es feront de ce modulateur un bon candidat pour la plupart des applications industrielles.<\/p>","protected":false},"excerpt":{"rendered":"<p>Modulateur\/d\u00e9caleur pigtailed AO Fiber, Verre dop\u00e9, Temps de mont\u00e9e\/descente 55 ns, D\u00e9calage de fr\u00e9quence + 40 MHz upshift, Fibre type SMF 28, Puissance optique &lt; 20 mW, Gaine 900 \u00b5m Hytrel tubing, FC\/APC, Puissance RF &lt; 0.3W, Bo\u00eetier compact.<\/p>","protected":false},"featured_media":3927,"template":"","format":"standard","meta":[],"product_brand":[],"product_cat":[20,17],"product_tag":[],"class_list":{"0":"post-723","1":"product","2":"type-product","3":"status-publish","4":"format-standard","5":"has-post-thumbnail","7":"product_cat-ao-devices","8":"product_cat-fiber-pigtailed-modulators","9":"sales-flash-overlay","10":"woocommerce-text-align-center","11":"woocommerce-image-align-center","12":"do-quantity-buttons","14":"first","15":"instock","16":"shipping-taxable","17":"purchasable","18":"product-type-simple"},"_links":{"self":[{"href":"https:\/\/aaoptoelectronic.com\/fr\/wp-json\/wp\/v2\/product\/723","targetHints":{"allow":["GET"]}}],"collection":[{"href":"https:\/\/aaoptoelectronic.com\/fr\/wp-json\/wp\/v2\/product"}],"about":[{"href":"https:\/\/aaoptoelectronic.com\/fr\/wp-json\/wp\/v2\/types\/product"}],"wp:featuredmedia":[{"embeddable":true,"href":"https:\/\/aaoptoelectronic.com\/fr\/wp-json\/wp\/v2\/media\/3927"}],"wp:attachment":[{"href":"https:\/\/aaoptoelectronic.com\/fr\/wp-json\/wp\/v2\/media?parent=723"}],"wp:term":[{"taxonomy":"product_brand","embeddable":true,"href":"https:\/\/aaoptoelectronic.com\/fr\/wp-json\/wp\/v2\/product_brand?post=723"},{"taxonomy":"product_cat","embeddable":true,"href":"https:\/\/aaoptoelectronic.com\/fr\/wp-json\/wp\/v2\/product_cat?post=723"},{"taxonomy":"product_tag","embeddable":true,"href":"https:\/\/aaoptoelectronic.com\/fr\/wp-json\/wp\/v2\/product_tag?post=723"}],"curies":[{"name":"wp","href":"https:\/\/api.w.org\/{rel}","templated":true}]}}