{"id":724,"date":"2024-03-20T19:22:36","date_gmt":"2024-03-20T18:22:36","guid":{"rendered":"https:\/\/aaoptoelectronic.com\/product\/mt80-iir30-fio-pm0-5-j1-a-ic2\/"},"modified":"2024-06-04T16:51:35","modified_gmt":"2024-06-04T14:51:35","slug":"mt80-iir30-fio-pm0-5-j1-a-ic2","status":"publish","type":"product","link":"https:\/\/aaoptoelectronic.com\/fr\/mt80-iir30-fio-pm0-5-j1-a-ic2\/","title":{"rendered":"MT80-IIR30-Fio-xx0.5-J1-A-Ic2"},"content":{"rendered":"<p>Ce dispositif compact \u00e0 fibres optiques est con\u00e7u pour fonctionner sur une seule longueur d'onde \u00e0 [1500-1600] nm. Il peut \u00eatre utilis\u00e9 pour la modulation d'intensit\u00e9 avec un temps de mont\u00e9e\/descente de 30 ns ainsi qu'un d\u00e9calage de fr\u00e9quence fixe de 80 MHz. Sa compacit\u00e9, sa fiabilit\u00e9 et ses performances \u00e9lev\u00e9es font de ce modulateur un bon candidat pour la plupart des applications industrielles.<\/p>","protected":false},"excerpt":{"rendered":"<p>Modulateur\/d\u00e9caleur pigtailed en fibre AO, Te02 [L], Temps de mont\u00e9e\/descente 30 ns, D\u00e9calage de fr\u00e9quence + 80 MHz upshift, Fibre type PM 1550 ou SMF 28, Puissance optique &lt; 0.5W, Gaine 900 \u00b5m Hytrel tubing, FC\/APC, Puissance RF &lt; 2.5W, Bo\u00eetier compact.<\/p>","protected":false},"featured_media":3927,"template":"","format":"standard","meta":[],"product_brand":[],"product_cat":[20,17],"product_tag":[],"class_list":{"0":"post-724","1":"product","2":"type-product","3":"status-publish","4":"format-standard","5":"has-post-thumbnail","7":"product_cat-ao-devices","8":"product_cat-fiber-pigtailed-modulators","9":"sales-flash-overlay","10":"woocommerce-text-align-center","11":"woocommerce-image-align-center","12":"do-quantity-buttons","14":"first","15":"instock","16":"shipping-taxable","17":"purchasable","18":"product-type-variable"},"_links":{"self":[{"href":"https:\/\/aaoptoelectronic.com\/fr\/wp-json\/wp\/v2\/product\/724","targetHints":{"allow":["GET"]}}],"collection":[{"href":"https:\/\/aaoptoelectronic.com\/fr\/wp-json\/wp\/v2\/product"}],"about":[{"href":"https:\/\/aaoptoelectronic.com\/fr\/wp-json\/wp\/v2\/types\/product"}],"wp:featuredmedia":[{"embeddable":true,"href":"https:\/\/aaoptoelectronic.com\/fr\/wp-json\/wp\/v2\/media\/3927"}],"wp:attachment":[{"href":"https:\/\/aaoptoelectronic.com\/fr\/wp-json\/wp\/v2\/media?parent=724"}],"wp:term":[{"taxonomy":"product_brand","embeddable":true,"href":"https:\/\/aaoptoelectronic.com\/fr\/wp-json\/wp\/v2\/product_brand?post=724"},{"taxonomy":"product_cat","embeddable":true,"href":"https:\/\/aaoptoelectronic.com\/fr\/wp-json\/wp\/v2\/product_cat?post=724"},{"taxonomy":"product_tag","embeddable":true,"href":"https:\/\/aaoptoelectronic.com\/fr\/wp-json\/wp\/v2\/product_tag?post=724"}],"curies":[{"name":"wp","href":"https:\/\/api.w.org\/{rel}","templated":true}]}}