{"id":726,"date":"2024-03-20T19:22:37","date_gmt":"2024-03-20T18:22:37","guid":{"rendered":"https:\/\/aaoptoelectronic.com\/product\/ma40-iir-120-fio-xx\/"},"modified":"2024-06-19T18:21:34","modified_gmt":"2024-06-19T16:21:34","slug":"ma40-iir-120-fio-xx","status":"publish","type":"product","link":"https:\/\/aaoptoelectronic.com\/fr\/ma40-iir-120-fio-xx\/","title":{"rendered":"MA40-IIR120-Fio-xx"},"content":{"rendered":"<p>Ce dispositif \u00e0 fibres optiques est destin\u00e9 \u00e0 \u00eatre utilis\u00e9 pour une seule longueur d'onde dans la plage de fonctionnement [1290-1650 nm]. Il peut \u00eatre utilis\u00e9 pour la modulation d'intensit\u00e9 ou le d\u00e9calage de fr\u00e9quence. Les applications courantes comprennent les obturateurs optiques dans les t\u00e9l\u00e9communications, le Lidar et bien d'autres.  Afin de r\u00e9pondre \u00e0 la plupart des exigences, l'utilisateur peut s\u00e9lectionner le type de fibre, la gaine de la fibre et les connecteurs de fibre parmi ceux propos\u00e9s.<\/p>","protected":false},"excerpt":{"rendered":"<p>Modulateur\/d\u00e9caleur pigtailed AO Fiber, Verre dop\u00e9, Temps de mont\u00e9e\/descente 120 ns, D\u00e9calage de fr\u00e9quence + 40 MHz upshift (- 40 MHz downshift sur demande), Fibre type SM ou PM, Puissance optique &lt; 0.1 W, Gaine 900 \u00b5m Hytrel tubing, Connecteurs FC\/APC, Puissance RF &lt; 0.3W, Bo\u00eetier VSF.<\/p>","protected":false},"featured_media":222,"template":"","format":"standard","meta":[],"product_brand":[],"product_cat":[20,17],"product_tag":[],"class_list":{"0":"post-726","1":"product","2":"type-product","3":"status-publish","4":"format-standard","5":"has-post-thumbnail","7":"product_cat-ao-devices","8":"product_cat-fiber-pigtailed-modulators","9":"sales-flash-overlay","10":"woocommerce-text-align-center","11":"woocommerce-image-align-center","12":"do-quantity-buttons","14":"first","15":"instock","16":"shipping-taxable","17":"purchasable","18":"product-type-variable"},"_links":{"self":[{"href":"https:\/\/aaoptoelectronic.com\/fr\/wp-json\/wp\/v2\/product\/726","targetHints":{"allow":["GET"]}}],"collection":[{"href":"https:\/\/aaoptoelectronic.com\/fr\/wp-json\/wp\/v2\/product"}],"about":[{"href":"https:\/\/aaoptoelectronic.com\/fr\/wp-json\/wp\/v2\/types\/product"}],"wp:featuredmedia":[{"embeddable":true,"href":"https:\/\/aaoptoelectronic.com\/fr\/wp-json\/wp\/v2\/media\/222"}],"wp:attachment":[{"href":"https:\/\/aaoptoelectronic.com\/fr\/wp-json\/wp\/v2\/media?parent=726"}],"wp:term":[{"taxonomy":"product_brand","embeddable":true,"href":"https:\/\/aaoptoelectronic.com\/fr\/wp-json\/wp\/v2\/product_brand?post=726"},{"taxonomy":"product_cat","embeddable":true,"href":"https:\/\/aaoptoelectronic.com\/fr\/wp-json\/wp\/v2\/product_cat?post=726"},{"taxonomy":"product_tag","embeddable":true,"href":"https:\/\/aaoptoelectronic.com\/fr\/wp-json\/wp\/v2\/product_tag?post=726"}],"curies":[{"name":"wp","href":"https:\/\/api.w.org\/{rel}","templated":true}]}}