{"id":732,"date":"2024-03-20T19:22:40","date_gmt":"2024-03-20T18:22:40","guid":{"rendered":"https:\/\/aaoptoelectronic.com\/product\/mt110-iir25-3fio-xx\/"},"modified":"2024-06-04T16:51:39","modified_gmt":"2024-06-04T14:51:39","slug":"mt110-iir25-3fio-xx","status":"publish","type":"product","link":"https:\/\/aaoptoelectronic.com\/fr\/mt110-iir25-3fio-xx\/","title":{"rendered":"MT110-IIR25-3Fio-xx"},"content":{"rendered":"<p>Ce dispositif est destin\u00e9 \u00e0 \u00eatre utilis\u00e9 pour une seule longueur d'onde dans sa gamme de fonctionnement [1300-1600 nm]. Il offre un pigtailing de fibre pour les ordres diffract\u00e9s et non diffract\u00e9s. Il peut \u00eatre utilis\u00e9 pour la modulation d'intensit\u00e9, le d\u00e9calage de fr\u00e9quence fixe ou variable, la prise d'impulsion ou le Q-switching. Afin de r\u00e9pondre \u00e0 la plupart des exigences, l'utilisateur peut s\u00e9lectionner le type de fibre, la gaine de fibre et les connecteurs de fibre parmi ceux propos\u00e9s.<\/p>","protected":false},"excerpt":{"rendered":"<p>Modulateur\/d\u00e9caleur pigtailed en fibre AO, Te02 [L], Temps de mont\u00e9e\/descente 25 ns, D\u00e9calage de fr\u00e9quence + 110 MHz upshift, 3 ports : entr\u00e9e + 1er ordre + 0\u00e8me ordre, Type de fibre PM 1550 ou SMF 28, Puissance optique &lt; 0.5 W ou 5 W, Gaine 900 \u00b5m Hytrel tubing, Connecteurs FC\/APC, Puissance RF &lt; 2.5W.<\/p>","protected":false},"featured_media":3929,"template":"","format":"standard","meta":[],"product_brand":[],"product_cat":[20,17],"product_tag":[],"class_list":{"0":"post-732","1":"product","2":"type-product","3":"status-publish","4":"format-standard","5":"has-post-thumbnail","7":"product_cat-ao-devices","8":"product_cat-fiber-pigtailed-modulators","9":"sales-flash-overlay","10":"woocommerce-text-align-center","11":"woocommerce-image-align-center","12":"do-quantity-buttons","14":"first","15":"instock","16":"shipping-taxable","17":"purchasable","18":"product-type-variable"},"_links":{"self":[{"href":"https:\/\/aaoptoelectronic.com\/fr\/wp-json\/wp\/v2\/product\/732","targetHints":{"allow":["GET"]}}],"collection":[{"href":"https:\/\/aaoptoelectronic.com\/fr\/wp-json\/wp\/v2\/product"}],"about":[{"href":"https:\/\/aaoptoelectronic.com\/fr\/wp-json\/wp\/v2\/types\/product"}],"wp:featuredmedia":[{"embeddable":true,"href":"https:\/\/aaoptoelectronic.com\/fr\/wp-json\/wp\/v2\/media\/3929"}],"wp:attachment":[{"href":"https:\/\/aaoptoelectronic.com\/fr\/wp-json\/wp\/v2\/media?parent=732"}],"wp:term":[{"taxonomy":"product_brand","embeddable":true,"href":"https:\/\/aaoptoelectronic.com\/fr\/wp-json\/wp\/v2\/product_brand?post=732"},{"taxonomy":"product_cat","embeddable":true,"href":"https:\/\/aaoptoelectronic.com\/fr\/wp-json\/wp\/v2\/product_cat?post=732"},{"taxonomy":"product_tag","embeddable":true,"href":"https:\/\/aaoptoelectronic.com\/fr\/wp-json\/wp\/v2\/product_tag?post=732"}],"curies":[{"name":"wp","href":"https:\/\/api.w.org\/{rel}","templated":true}]}}