{"id":762,"date":"2024-03-20T21:57:37","date_gmt":"2024-03-20T20:57:37","guid":{"rendered":"https:\/\/aaoptoelectronic.com\/product\/dtsx-400-556\/"},"modified":"2024-08-02T17:02:03","modified_gmt":"2024-08-02T15:02:03","slug":"dtsx-400-556","status":"publish","type":"product","link":"https:\/\/aaoptoelectronic.com\/fr\/dtsx-400-556\/","title":{"rendered":"DTSX-400-556"},"content":{"rendered":"<p>Ce d\u00e9flecteur haute r\u00e9solution \u00e0 un axe fonctionne \u00e0 532 nm avec le mode de cisaillement Te02. Il offre de grands angles de balayage, de hautes r\u00e9solutions et une grande ouverture de 7,5 x 7,5 mm. Associ\u00e9 au pilote RF appropri\u00e9, cet AOD fournit une pr\u00e9cision et une exactitude \u00e9lev\u00e9es qui sont requises pour la plupart des applications telles que les pinces optiques, les diagnostics biom\u00e9dicaux et bien d'autres.<\/p>","protected":false},"excerpt":{"rendered":"<p>D\u00e9flecteur \u00e0 1 axe TeO2 [S], Temps de mont\u00e9e\/descente 1\u00b5s\/mm, Ouverture 7.5 x 7.5 mm\u00b2, Longueur d'onde 550-562 nm, Puissance RF&lt;1W.<\/p>","protected":false},"featured_media":3936,"template":"","format":"standard","meta":[],"product_brand":[],"product_cat":[20,18],"product_tag":[],"class_list":{"0":"post-762","1":"product","2":"type-product","3":"status-publish","4":"format-standard","5":"has-post-thumbnail","7":"product_cat-ao-devices","8":"product_cat-high-resolution-deflectors","9":"sales-flash-overlay","10":"woocommerce-text-align-center","11":"woocommerce-image-align-center","12":"do-quantity-buttons","14":"first","15":"instock","16":"shipping-taxable","17":"purchasable","18":"product-type-simple"},"_links":{"self":[{"href":"https:\/\/aaoptoelectronic.com\/fr\/wp-json\/wp\/v2\/product\/762","targetHints":{"allow":["GET"]}}],"collection":[{"href":"https:\/\/aaoptoelectronic.com\/fr\/wp-json\/wp\/v2\/product"}],"about":[{"href":"https:\/\/aaoptoelectronic.com\/fr\/wp-json\/wp\/v2\/types\/product"}],"wp:featuredmedia":[{"embeddable":true,"href":"https:\/\/aaoptoelectronic.com\/fr\/wp-json\/wp\/v2\/media\/3936"}],"wp:attachment":[{"href":"https:\/\/aaoptoelectronic.com\/fr\/wp-json\/wp\/v2\/media?parent=762"}],"wp:term":[{"taxonomy":"product_brand","embeddable":true,"href":"https:\/\/aaoptoelectronic.com\/fr\/wp-json\/wp\/v2\/product_brand?post=762"},{"taxonomy":"product_cat","embeddable":true,"href":"https:\/\/aaoptoelectronic.com\/fr\/wp-json\/wp\/v2\/product_cat?post=762"},{"taxonomy":"product_tag","embeddable":true,"href":"https:\/\/aaoptoelectronic.com\/fr\/wp-json\/wp\/v2\/product_tag?post=762"}],"curies":[{"name":"wp","href":"https:\/\/api.w.org\/{rel}","templated":true}]}}