{"id":803,"date":"2024-03-20T21:57:57","date_gmt":"2024-03-20T20:57:57","guid":{"rendered":"https:\/\/aaoptoelectronic.com\/product\/dtsxy-xx\/"},"modified":"2025-09-01T16:48:33","modified_gmt":"2025-09-01T14:48:33","slug":"dtsxy-xx","status":"publish","type":"product","link":"https:\/\/aaoptoelectronic.com\/fr\/dtsxy-xx\/","title":{"rendered":"DTSXY-xx"},"content":{"rendered":"<p>Ce d\u00e9flecteur haute r\u00e9solution \u00e0 2 axes fonctionne \u00e0 une seule longueur d'onde entre 405 et 1550 nm (\u00e0 pr\u00e9ciser dans la demande de devis) avec le mode de cisaillement Te02. Il offre de grands angles de balayage, de hautes r\u00e9solutions et une grande ouverture jusqu'\u00e0 7,5 x 7,5 mm\u00b2. Associ\u00e9 au pilote RF appropri\u00e9, cet AOD fournit une pr\u00e9cision et une exactitude \u00e9lev\u00e9es qui sont requises pour la plupart des applications telles que les pinces optiques, les diagnostics biom\u00e9dicaux et bien d'autres.<\/p>\n<p><a href=\"https:\/\/aaoptoelectronic.com\/wp-content\/uploads\/2025\/09\/AO-DTSXY-COMPACT-vs-STANDARD.pdf\">FAQ - Diff\u00e9rence entre la version standard et la version compacte<\/a><\/p>","protected":false},"excerpt":{"rendered":"<p>D\u00e9flecteur \u00e0 2 axes TeO2 [S], Temps de mont\u00e9e\/descente 1\u00b5s\/mm, Ouverture 7.5 x 7.5 mm\u00b2, Longueur d'onde \u00e0 sp\u00e9cifier en 405-1550 nm, Puissance RF&lt;2.5W.<\/p>","protected":false},"featured_media":223,"template":"","format":"standard","meta":[],"product_brand":[],"product_cat":[20,18],"product_tag":[],"class_list":{"0":"post-803","1":"product","2":"type-product","3":"status-publish","4":"format-standard","5":"has-post-thumbnail","7":"product_cat-ao-devices","8":"product_cat-high-resolution-deflectors","9":"sales-flash-overlay","10":"woocommerce-text-align-center","11":"woocommerce-image-align-center","12":"do-quantity-buttons","14":"first","15":"instock","16":"shipping-taxable","17":"purchasable","18":"product-type-variable"},"_links":{"self":[{"href":"https:\/\/aaoptoelectronic.com\/fr\/wp-json\/wp\/v2\/product\/803","targetHints":{"allow":["GET"]}}],"collection":[{"href":"https:\/\/aaoptoelectronic.com\/fr\/wp-json\/wp\/v2\/product"}],"about":[{"href":"https:\/\/aaoptoelectronic.com\/fr\/wp-json\/wp\/v2\/types\/product"}],"wp:featuredmedia":[{"embeddable":true,"href":"https:\/\/aaoptoelectronic.com\/fr\/wp-json\/wp\/v2\/media\/223"}],"wp:attachment":[{"href":"https:\/\/aaoptoelectronic.com\/fr\/wp-json\/wp\/v2\/media?parent=803"}],"wp:term":[{"taxonomy":"product_brand","embeddable":true,"href":"https:\/\/aaoptoelectronic.com\/fr\/wp-json\/wp\/v2\/product_brand?post=803"},{"taxonomy":"product_cat","embeddable":true,"href":"https:\/\/aaoptoelectronic.com\/fr\/wp-json\/wp\/v2\/product_cat?post=803"},{"taxonomy":"product_tag","embeddable":true,"href":"https:\/\/aaoptoelectronic.com\/fr\/wp-json\/wp\/v2\/product_tag?post=803"}],"curies":[{"name":"wp","href":"https:\/\/api.w.org\/{rel}","templated":true}]}}