{"id":858,"date":"2024-03-20T23:56:16","date_gmt":"2024-03-20T22:56:16","guid":{"rendered":"https:\/\/aaoptoelectronic.com\/product\/mq180-a02-uv\/"},"modified":"2024-07-18T17:40:17","modified_gmt":"2024-07-18T15:40:17","slug":"mq180-a02-uv","status":"publish","type":"product","link":"https:\/\/aaoptoelectronic.com\/fr\/mq180-a02-uv\/","title":{"rendered":"MQ180-A0,2-UV"},"content":{"rendered":"<p>Ce dispositif d'OA en espace libre est constitu\u00e9 de silice fondue recouverte d'un rev\u00eatement AR dans la gamme de longueurs d'onde de 325-425 nm. Il peut \u00eatre utilis\u00e9 comme modulateur rapide d'intensit\u00e9\/amplitude et comme modificateur de fr\u00e9quence fixe.<\/p>","protected":false},"excerpt":{"rendered":"<p>Modulateur\/d\u00e9calage AO, Silice fondue [L], Temps de mont\u00e9e\/descente 110ns\/mm, D\u00e9calage de fr\u00e9quence 180 MHz, Ouverture 0.2 x 1 mm\u00b2, Gamme de longueur d'onde : 325-442 nm, Puissance RF &lt; 2W.<\/p>","protected":false},"featured_media":3941,"template":"","format":"standard","meta":[],"product_brand":[],"product_cat":[20,19],"product_tag":[],"class_list":{"0":"post-858","1":"product","2":"type-product","3":"status-publish","4":"format-standard","5":"has-post-thumbnail","7":"product_cat-ao-devices","8":"product_cat-modulators-fixed-frequency-shifters","9":"sales-flash-overlay","10":"woocommerce-text-align-center","11":"woocommerce-image-align-center","12":"do-quantity-buttons","14":"first","15":"instock","16":"shipping-taxable","17":"purchasable","18":"product-type-simple"},"_links":{"self":[{"href":"https:\/\/aaoptoelectronic.com\/fr\/wp-json\/wp\/v2\/product\/858","targetHints":{"allow":["GET"]}}],"collection":[{"href":"https:\/\/aaoptoelectronic.com\/fr\/wp-json\/wp\/v2\/product"}],"about":[{"href":"https:\/\/aaoptoelectronic.com\/fr\/wp-json\/wp\/v2\/types\/product"}],"wp:featuredmedia":[{"embeddable":true,"href":"https:\/\/aaoptoelectronic.com\/fr\/wp-json\/wp\/v2\/media\/3941"}],"wp:attachment":[{"href":"https:\/\/aaoptoelectronic.com\/fr\/wp-json\/wp\/v2\/media?parent=858"}],"wp:term":[{"taxonomy":"product_brand","embeddable":true,"href":"https:\/\/aaoptoelectronic.com\/fr\/wp-json\/wp\/v2\/product_brand?post=858"},{"taxonomy":"product_cat","embeddable":true,"href":"https:\/\/aaoptoelectronic.com\/fr\/wp-json\/wp\/v2\/product_cat?post=858"},{"taxonomy":"product_tag","embeddable":true,"href":"https:\/\/aaoptoelectronic.com\/fr\/wp-json\/wp\/v2\/product_tag?post=858"}],"curies":[{"name":"wp","href":"https:\/\/api.w.org\/{rel}","templated":true}]}}