{"id":866,"date":"2024-03-20T23:56:20","date_gmt":"2024-03-20T22:56:20","guid":{"rendered":"https:\/\/aaoptoelectronic.com\/product\/mt110-a1-vis\/"},"modified":"2024-07-18T17:40:21","modified_gmt":"2024-07-18T15:40:21","slug":"mt110-a1-vis","status":"publish","type":"product","link":"https:\/\/aaoptoelectronic.com\/fr\/mt110-a1-vis\/","title":{"rendered":"MT110-A1-VIS"},"content":{"rendered":"<p>Ce dispositif d'OA en espace libre est fabriqu\u00e9 en Te02[L] et peut \u00eatre utilis\u00e9 dans la gamme de longueurs d'onde de 450 \u00e0 700 nm. Il peut \u00eatre utilis\u00e9 comme modulateur rapide d'intensit\u00e9\/amplitude et comme modificateur de fr\u00e9quence fixe.<\/p>","protected":false},"excerpt":{"rendered":"<p>Modulateur\/d\u00e9calage AO, Te02[L], Temps de mont\u00e9e\/descente 160ns\/mm, D\u00e9calage de fr\u00e9quence 110 MHz, Ouverture 1 x 2 mm\u00b2, Gamme de longueur d'onde : 450-700 nm, Puissance RF &lt; 1W.<\/p>","protected":false},"featured_media":3941,"template":"","format":"standard","meta":[],"product_brand":[],"product_cat":[20,19],"product_tag":[],"class_list":{"0":"post-866","1":"product","2":"type-product","3":"status-publish","4":"format-standard","5":"has-post-thumbnail","7":"product_cat-ao-devices","8":"product_cat-modulators-fixed-frequency-shifters","9":"sales-flash-overlay","10":"woocommerce-text-align-center","11":"woocommerce-image-align-center","12":"do-quantity-buttons","14":"first","15":"instock","16":"shipping-taxable","17":"purchasable","18":"product-type-simple"},"_links":{"self":[{"href":"https:\/\/aaoptoelectronic.com\/fr\/wp-json\/wp\/v2\/product\/866","targetHints":{"allow":["GET"]}}],"collection":[{"href":"https:\/\/aaoptoelectronic.com\/fr\/wp-json\/wp\/v2\/product"}],"about":[{"href":"https:\/\/aaoptoelectronic.com\/fr\/wp-json\/wp\/v2\/types\/product"}],"wp:featuredmedia":[{"embeddable":true,"href":"https:\/\/aaoptoelectronic.com\/fr\/wp-json\/wp\/v2\/media\/3941"}],"wp:attachment":[{"href":"https:\/\/aaoptoelectronic.com\/fr\/wp-json\/wp\/v2\/media?parent=866"}],"wp:term":[{"taxonomy":"product_brand","embeddable":true,"href":"https:\/\/aaoptoelectronic.com\/fr\/wp-json\/wp\/v2\/product_brand?post=866"},{"taxonomy":"product_cat","embeddable":true,"href":"https:\/\/aaoptoelectronic.com\/fr\/wp-json\/wp\/v2\/product_cat?post=866"},{"taxonomy":"product_tag","embeddable":true,"href":"https:\/\/aaoptoelectronic.com\/fr\/wp-json\/wp\/v2\/product_tag?post=866"}],"curies":[{"name":"wp","href":"https:\/\/api.w.org\/{rel}","templated":true}]}}