{"id":870,"date":"2024-03-20T23:56:22","date_gmt":"2024-03-20T22:56:22","guid":{"rendered":"https:\/\/aaoptoelectronic.com\/product\/mts110-a3-vis\/"},"modified":"2024-07-18T17:40:23","modified_gmt":"2024-07-18T15:40:23","slug":"mts110-a3-vis","status":"publish","type":"product","link":"https:\/\/aaoptoelectronic.com\/fr\/mts110-a3-vis\/","title":{"rendered":"MTS110-A3-VIS"},"content":{"rendered":"<p>Ce dispositif d'OA en espace libre est compos\u00e9 de Te02[S] utilisable dans la gamme de longueurs d'onde de 458-633 nm. Il offre une grande ouverture ainsi qu'un grand angle de s\u00e9paration. Il peut \u00eatre utilis\u00e9 comme modulateur d'intensit\u00e9\/amplitude et comme modificateur de fr\u00e9quence fixe.<\/p>","protected":false},"excerpt":{"rendered":"<p>Modulateur\/d\u00e9calage AO, Te02[S], Temps de mont\u00e9e\/descente 1\u00b5s\/mm, D\u00e9calage de fr\u00e9quence 110 MHz, Ouverture 3 x 3 mm\u00b2, Gamme de longueur d'onde : 458-670 nm, Puissance RF &lt; 1W.<\/p>","protected":false},"featured_media":224,"template":"","format":"standard","meta":[],"product_brand":[],"product_cat":[20,19],"product_tag":[],"class_list":{"0":"post-870","1":"product","2":"type-product","3":"status-publish","4":"format-standard","5":"has-post-thumbnail","7":"product_cat-ao-devices","8":"product_cat-modulators-fixed-frequency-shifters","9":"sales-flash-overlay","10":"woocommerce-text-align-center","11":"woocommerce-image-align-center","12":"do-quantity-buttons","14":"first","15":"instock","16":"shipping-taxable","17":"purchasable","18":"product-type-simple"},"_links":{"self":[{"href":"https:\/\/aaoptoelectronic.com\/fr\/wp-json\/wp\/v2\/product\/870","targetHints":{"allow":["GET"]}}],"collection":[{"href":"https:\/\/aaoptoelectronic.com\/fr\/wp-json\/wp\/v2\/product"}],"about":[{"href":"https:\/\/aaoptoelectronic.com\/fr\/wp-json\/wp\/v2\/types\/product"}],"wp:featuredmedia":[{"embeddable":true,"href":"https:\/\/aaoptoelectronic.com\/fr\/wp-json\/wp\/v2\/media\/224"}],"wp:attachment":[{"href":"https:\/\/aaoptoelectronic.com\/fr\/wp-json\/wp\/v2\/media?parent=870"}],"wp:term":[{"taxonomy":"product_brand","embeddable":true,"href":"https:\/\/aaoptoelectronic.com\/fr\/wp-json\/wp\/v2\/product_brand?post=870"},{"taxonomy":"product_cat","embeddable":true,"href":"https:\/\/aaoptoelectronic.com\/fr\/wp-json\/wp\/v2\/product_cat?post=870"},{"taxonomy":"product_tag","embeddable":true,"href":"https:\/\/aaoptoelectronic.com\/fr\/wp-json\/wp\/v2\/product_tag?post=870"}],"curies":[{"name":"wp","href":"https:\/\/api.w.org\/{rel}","templated":true}]}}