{"id":873,"date":"2024-03-20T23:56:23","date_gmt":"2024-03-20T22:56:23","guid":{"rendered":"https:\/\/aaoptoelectronic.com\/product\/mt110-b50a1-5-ir-hk\/"},"modified":"2025-03-13T17:55:31","modified_gmt":"2025-03-13T16:55:31","slug":"mt110-b50a1-5-ir-hk","status":"publish","type":"product","link":"https:\/\/aaoptoelectronic.com\/fr\/mt110-b50a1-5-ir-hk\/","title":{"rendered":"MT110-B50A1.5-IR-Hk"},"content":{"rendered":"<p>Ce modulateur a \u00e9t\u00e9 sp\u00e9cialement con\u00e7u pour fonctionner avec un laser Ti:Sa dans la gamme de 690-1064 nm. En combinaison avec le pilote AA MPDS, il offre une efficacit\u00e9 de diffraction et un angle de sortie constants pour toute la gamme de longueurs d'onde, sans ajustement de l'angle de Bragg. Les applications courantes peuvent \u00eatre la microscopie \u00e0 appauvrissement par \u00e9mission stimul\u00e9e (STED), le syst\u00e8me d'imagerie multiphotonique et bien d'autres encore.<\/p>","protected":false},"excerpt":{"rendered":"<p>Modulateur\/d\u00e9calage AO, Te02[L], Temps de mont\u00e9e\/descente 160ns\/mm, Fr\u00e9quence porteuse F(\u03bb) 110 +\/-25 MHz, Ouverture 1.5 x 2 mm\u00b2, Gamme de longueur d'onde : 690-1064 nm, Puissance RF &lt; 2.2W, Optimisation de la temp\u00e9rature.<\/p>","protected":false},"featured_media":225,"template":"","format":"standard","meta":[],"product_brand":[],"product_cat":[20,19],"product_tag":[],"class_list":{"0":"post-873","1":"product","2":"type-product","3":"status-publish","4":"format-standard","5":"has-post-thumbnail","7":"product_cat-ao-devices","8":"product_cat-modulators-fixed-frequency-shifters","9":"sales-flash-overlay","10":"woocommerce-text-align-center","11":"woocommerce-image-align-center","12":"do-quantity-buttons","14":"first","15":"instock","16":"shipping-taxable","17":"purchasable","18":"product-type-simple"},"_links":{"self":[{"href":"https:\/\/aaoptoelectronic.com\/fr\/wp-json\/wp\/v2\/product\/873","targetHints":{"allow":["GET"]}}],"collection":[{"href":"https:\/\/aaoptoelectronic.com\/fr\/wp-json\/wp\/v2\/product"}],"about":[{"href":"https:\/\/aaoptoelectronic.com\/fr\/wp-json\/wp\/v2\/types\/product"}],"wp:featuredmedia":[{"embeddable":true,"href":"https:\/\/aaoptoelectronic.com\/fr\/wp-json\/wp\/v2\/media\/225"}],"wp:attachment":[{"href":"https:\/\/aaoptoelectronic.com\/fr\/wp-json\/wp\/v2\/media?parent=873"}],"wp:term":[{"taxonomy":"product_brand","embeddable":true,"href":"https:\/\/aaoptoelectronic.com\/fr\/wp-json\/wp\/v2\/product_brand?post=873"},{"taxonomy":"product_cat","embeddable":true,"href":"https:\/\/aaoptoelectronic.com\/fr\/wp-json\/wp\/v2\/product_cat?post=873"},{"taxonomy":"product_tag","embeddable":true,"href":"https:\/\/aaoptoelectronic.com\/fr\/wp-json\/wp\/v2\/product_tag?post=873"}],"curies":[{"name":"wp","href":"https:\/\/api.w.org\/{rel}","templated":true}]}}