{"id":888,"date":"2024-03-20T23:56:31","date_gmt":"2024-03-20T22:56:31","guid":{"rendered":"https:\/\/aaoptoelectronic.com\/product\/mq40-a3-l1064-w\/"},"modified":"2024-07-18T17:40:36","modified_gmt":"2024-07-18T15:40:36","slug":"mq40-a3-l1064-w","status":"publish","type":"product","link":"https:\/\/aaoptoelectronic.com\/fr\/mq40-a3-l1064-w\/","title":{"rendered":"MQ40-A3-L1064-W"},"content":{"rendered":"<p>Ce dispositif d'OA en espace libre est fabriqu\u00e9 en silice fondue d\u00e9di\u00e9e \u00e0 la gamme de longueurs d'onde de 1030-1080 nm et \u00e0 la puissance optique \u00e9lev\u00e9e. Il peut \u00eatre utilis\u00e9 comme modulateur d'intensit\u00e9\/amplitude et comme modificateur de fr\u00e9quence fixe.<\/p>","protected":false},"excerpt":{"rendered":"<p>Modulateur\/D\u00e9calage AO, Silice fondue [L], Temps de mont\u00e9e\/descente 110ns\/mm, D\u00e9calage de fr\u00e9quence 40 MHz, Ouverture 3 x 3 mm\u00b2, Gamme de longueur d'onde : 1030-1080 nm, Puissance RF &lt; 30W, Refroidissement par eau.<\/p>","protected":false},"featured_media":0,"template":"","format":"standard","meta":[],"product_brand":[],"product_cat":[20,19],"product_tag":[],"class_list":{"0":"post-888","1":"product","2":"type-product","3":"status-publish","4":"format-standard","6":"product_cat-ao-devices","7":"product_cat-modulators-fixed-frequency-shifters","8":"sales-flash-overlay","9":"woocommerce-text-align-center","10":"woocommerce-image-align-center","11":"do-quantity-buttons","13":"first","14":"outofstock","15":"shipping-taxable","16":"purchasable","17":"product-type-simple"},"_links":{"self":[{"href":"https:\/\/aaoptoelectronic.com\/fr\/wp-json\/wp\/v2\/product\/888","targetHints":{"allow":["GET"]}}],"collection":[{"href":"https:\/\/aaoptoelectronic.com\/fr\/wp-json\/wp\/v2\/product"}],"about":[{"href":"https:\/\/aaoptoelectronic.com\/fr\/wp-json\/wp\/v2\/types\/product"}],"wp:attachment":[{"href":"https:\/\/aaoptoelectronic.com\/fr\/wp-json\/wp\/v2\/media?parent=888"}],"wp:term":[{"taxonomy":"product_brand","embeddable":true,"href":"https:\/\/aaoptoelectronic.com\/fr\/wp-json\/wp\/v2\/product_brand?post=888"},{"taxonomy":"product_cat","embeddable":true,"href":"https:\/\/aaoptoelectronic.com\/fr\/wp-json\/wp\/v2\/product_cat?post=888"},{"taxonomy":"product_tag","embeddable":true,"href":"https:\/\/aaoptoelectronic.com\/fr\/wp-json\/wp\/v2\/product_tag?post=888"}],"curies":[{"name":"wp","href":"https:\/\/api.w.org\/{rel}","templated":true}]}}