{"id":889,"date":"2024-03-20T23:56:31","date_gmt":"2024-03-20T22:56:31","guid":{"rendered":"https:\/\/aaoptoelectronic.com\/product\/mcq40-a1-5-l1064-z32-cxxx\/"},"modified":"2024-07-18T17:40:36","modified_gmt":"2024-07-18T15:40:36","slug":"mcq40-a1-5-l1064-z32-cxxx","status":"publish","type":"product","link":"https:\/\/aaoptoelectronic.com\/fr\/mcq40-a1-5-l1064-z32-cxxx\/","title":{"rendered":"MCQ40-A1.5-L1064-Z32-Cxxx"},"content":{"rendered":"<p>Ce dispositif d'OA en espace libre est compos\u00e9 de quartz d\u00e9di\u00e9 \u00e0 la gamme de longueurs d'onde de 1030-1080 nm et \u00e0 la puissance optique \u00e9lev\u00e9e. Il peut \u00eatre utilis\u00e9 comme modulateur rapide d'intensit\u00e9\/amplitude ainsi que comme modificateur de fr\u00e9quence fixe.<\/p>","protected":false},"excerpt":{"rendered":"<p>Modulateur\/d\u00e9calage AO, Quartz, Temps de mont\u00e9e\/descente 115ns\/mm, D\u00e9calage de fr\u00e9quence 40 MHz, Ouverture 1.5 x 1.5 mm\u00b2, Gamme de longueur d'onde : 1030-1080 nm, Puissance RF &lt; 15W.<\/p>","protected":false},"featured_media":227,"template":"","format":"standard","meta":[],"product_brand":[],"product_cat":[20,19],"product_tag":[],"class_list":{"0":"post-889","1":"product","2":"type-product","3":"status-publish","4":"format-standard","5":"has-post-thumbnail","7":"product_cat-ao-devices","8":"product_cat-modulators-fixed-frequency-shifters","9":"sales-flash-overlay","10":"woocommerce-text-align-center","11":"woocommerce-image-align-center","12":"do-quantity-buttons","14":"first","15":"instock","16":"shipping-taxable","17":"purchasable","18":"product-type-simple"},"_links":{"self":[{"href":"https:\/\/aaoptoelectronic.com\/fr\/wp-json\/wp\/v2\/product\/889","targetHints":{"allow":["GET"]}}],"collection":[{"href":"https:\/\/aaoptoelectronic.com\/fr\/wp-json\/wp\/v2\/product"}],"about":[{"href":"https:\/\/aaoptoelectronic.com\/fr\/wp-json\/wp\/v2\/types\/product"}],"wp:featuredmedia":[{"embeddable":true,"href":"https:\/\/aaoptoelectronic.com\/fr\/wp-json\/wp\/v2\/media\/227"}],"wp:attachment":[{"href":"https:\/\/aaoptoelectronic.com\/fr\/wp-json\/wp\/v2\/media?parent=889"}],"wp:term":[{"taxonomy":"product_brand","embeddable":true,"href":"https:\/\/aaoptoelectronic.com\/fr\/wp-json\/wp\/v2\/product_brand?post=889"},{"taxonomy":"product_cat","embeddable":true,"href":"https:\/\/aaoptoelectronic.com\/fr\/wp-json\/wp\/v2\/product_cat?post=889"},{"taxonomy":"product_tag","embeddable":true,"href":"https:\/\/aaoptoelectronic.com\/fr\/wp-json\/wp\/v2\/product_tag?post=889"}],"curies":[{"name":"wp","href":"https:\/\/api.w.org\/{rel}","templated":true}]}}