{"id":894,"date":"2024-03-20T23:56:34","date_gmt":"2024-03-20T22:56:34","guid":{"rendered":"https:\/\/aaoptoelectronic.com\/product\/mt80-a07-1300-1600\/"},"modified":"2024-11-13T17:03:14","modified_gmt":"2024-11-13T16:03:14","slug":"mt80-a07-1300-1600","status":"publish","type":"product","link":"https:\/\/aaoptoelectronic.com\/fr\/mt80-a07-1300-1600\/","title":{"rendered":"MT80-A0,7-1300.1600"},"content":{"rendered":"<p>Ce dispositif d'OA en espace libre est fabriqu\u00e9 en Te02[L] et peut \u00eatre utilis\u00e9 dans la gamme de longueurs d'onde de 1300-1600 nm. Il peut \u00eatre utilis\u00e9 comme modulateur rapide d'intensit\u00e9\/amplitude et comme modificateur de fr\u00e9quence fixe.<\/p>","protected":false},"excerpt":{"rendered":"<p>Modulateur\/d\u00e9calage AO, Te02[L], Temps de mont\u00e9e\/descente 160ns\/mm, D\u00e9calage de fr\u00e9quence 80 MHz, Ouverture 0.7 x 3 mm\u00b2, Gamme de longueur d'onde : 1300-1600 nm, Puissance RF &lt; 2.5W.<\/p>","protected":false},"featured_media":3941,"template":"","format":"standard","meta":[],"product_brand":[],"product_cat":[20,19],"product_tag":[],"class_list":{"0":"post-894","1":"product","2":"type-product","3":"status-publish","4":"format-standard","5":"has-post-thumbnail","7":"product_cat-ao-devices","8":"product_cat-modulators-fixed-frequency-shifters","9":"sales-flash-overlay","10":"woocommerce-text-align-center","11":"woocommerce-image-align-center","12":"do-quantity-buttons","14":"first","15":"instock","16":"shipping-taxable","17":"purchasable","18":"product-type-simple"},"_links":{"self":[{"href":"https:\/\/aaoptoelectronic.com\/fr\/wp-json\/wp\/v2\/product\/894","targetHints":{"allow":["GET"]}}],"collection":[{"href":"https:\/\/aaoptoelectronic.com\/fr\/wp-json\/wp\/v2\/product"}],"about":[{"href":"https:\/\/aaoptoelectronic.com\/fr\/wp-json\/wp\/v2\/types\/product"}],"wp:featuredmedia":[{"embeddable":true,"href":"https:\/\/aaoptoelectronic.com\/fr\/wp-json\/wp\/v2\/media\/3941"}],"wp:attachment":[{"href":"https:\/\/aaoptoelectronic.com\/fr\/wp-json\/wp\/v2\/media?parent=894"}],"wp:term":[{"taxonomy":"product_brand","embeddable":true,"href":"https:\/\/aaoptoelectronic.com\/fr\/wp-json\/wp\/v2\/product_brand?post=894"},{"taxonomy":"product_cat","embeddable":true,"href":"https:\/\/aaoptoelectronic.com\/fr\/wp-json\/wp\/v2\/product_cat?post=894"},{"taxonomy":"product_tag","embeddable":true,"href":"https:\/\/aaoptoelectronic.com\/fr\/wp-json\/wp\/v2\/product_tag?post=894"}],"curies":[{"name":"wp","href":"https:\/\/api.w.org\/{rel}","templated":true}]}}