{"id":908,"date":"2024-03-21T00:23:37","date_gmt":"2024-03-20T23:23:37","guid":{"rendered":"https:\/\/aaoptoelectronic.com\/product\/mt200-b40a1-800\/"},"modified":"2024-07-01T17:36:05","modified_gmt":"2024-07-01T15:36:05","slug":"mt200-b40a1-800","status":"publish","type":"product","link":"https:\/\/aaoptoelectronic.com\/fr\/mt200-b40a1-800\/","title":{"rendered":"MT200-B40A1-800"},"content":{"rendered":"<p>Ce dispositif d'OA est fabriqu\u00e9 en Te02[L] et est utilisable dans la gamme de longueurs d'onde de 700 \u00e0 950 nm. Il peut \u00eatre utilis\u00e9 comme modificateur de fr\u00e9quence variable ainsi que comme d\u00e9flecteur rapide mais \u00e0 faible r\u00e9solution. Il fonctionne \u00e0 une fr\u00e9quence centrale de 200 MHz avec une largeur de bande de +\/- 20 MHz.<\/p>","protected":false},"excerpt":{"rendered":"<p>AO Deflector\/Variable Shifter, Te02[L], Temps de mont\u00e9e\/descente 160ns\/mm, D\u00e9calage de fr\u00e9quence 200 +\/-20 MHz, Ouverture 1 x 2 mm\u00b2, Gamme de longueur d'onde : 700-950 nm, Puissance RF &lt; 2.2W.<\/p>","protected":false},"featured_media":226,"template":"","format":"standard","meta":[],"product_brand":[],"product_cat":[20,21],"product_tag":[],"class_list":{"0":"post-908","1":"product","2":"type-product","3":"status-publish","4":"format-standard","5":"has-post-thumbnail","7":"product_cat-ao-devices","8":"product_cat-low-resolution-deflectors-variable-frequency-shifters","9":"sales-flash-overlay","10":"woocommerce-text-align-center","11":"woocommerce-image-align-center","12":"do-quantity-buttons","14":"first","15":"instock","16":"shipping-taxable","17":"purchasable","18":"product-type-simple"},"_links":{"self":[{"href":"https:\/\/aaoptoelectronic.com\/fr\/wp-json\/wp\/v2\/product\/908","targetHints":{"allow":["GET"]}}],"collection":[{"href":"https:\/\/aaoptoelectronic.com\/fr\/wp-json\/wp\/v2\/product"}],"about":[{"href":"https:\/\/aaoptoelectronic.com\/fr\/wp-json\/wp\/v2\/types\/product"}],"wp:featuredmedia":[{"embeddable":true,"href":"https:\/\/aaoptoelectronic.com\/fr\/wp-json\/wp\/v2\/media\/226"}],"wp:attachment":[{"href":"https:\/\/aaoptoelectronic.com\/fr\/wp-json\/wp\/v2\/media?parent=908"}],"wp:term":[{"taxonomy":"product_brand","embeddable":true,"href":"https:\/\/aaoptoelectronic.com\/fr\/wp-json\/wp\/v2\/product_brand?post=908"},{"taxonomy":"product_cat","embeddable":true,"href":"https:\/\/aaoptoelectronic.com\/fr\/wp-json\/wp\/v2\/product_cat?post=908"},{"taxonomy":"product_tag","embeddable":true,"href":"https:\/\/aaoptoelectronic.com\/fr\/wp-json\/wp\/v2\/product_tag?post=908"}],"curies":[{"name":"wp","href":"https:\/\/api.w.org\/{rel}","templated":true}]}}