{"id":923,"date":"2024-03-21T00:49:02","date_gmt":"2024-03-20T23:49:02","guid":{"rendered":"https:\/\/aaoptoelectronic.com\/product\/aotfnc-400-650-tn\/"},"modified":"2024-06-03T18:04:47","modified_gmt":"2024-06-03T16:04:47","slug":"aotfnc-400-650-tn","status":"publish","type":"product","link":"https:\/\/aaoptoelectronic.com\/fr\/aotfnc-400-650-tn\/","title":{"rendered":"AOTFnC-400.650-TN"},"content":{"rendered":"<p>Cet AOTF \u00e0 l'\u00e9tat solide est un filtre passe-bande accordable \u00e9lectroniquement pour la gamme VIS (400-650 nm). Il utilise l'interaction acousto-optique \u00e0 l'int\u00e9rieur d'un milieu anisotrope (TeO2-S) et permet la s\u00e9lection et la transmission de plusieurs longueurs d'onde \u00e0 partir d'une source laser entrante. Le principal avantage de cette technique est l'absence totale de pi\u00e8ces mobiles, ce qui en fait une technique fiable, stable et rapide pour l'accord des longueurs d'onde. La fr\u00e9quence RF appliqu\u00e9e au transducteur AOTF contr\u00f4le l'amplitude de la longueur d'onde transmise (filtr\u00e9e au premier ordre). Une analyse compl\u00e8te du spectre peut \u00eatre effectu\u00e9e en faisant varier la fr\u00e9quence correspondant \u00e0 la gamme de longueurs d'onde. Les principales applications sont la microscopie confocale, l'imagerie des sciences de la vie et bien d'autres.<\/p>\n<p><strong>CARACT\u00c9RISTIQUES<\/strong><\/p>\n<ul>\n<li>Faible puissance RF.<\/li>\n<li>Efficacit\u00e9 \u00e9lev\u00e9e de la diffraction<\/li>\n<li>Fonctionnement multiligne.<\/li>\n<li>Colin\u00e9arit\u00e9 \u00e9lev\u00e9e dans le premier ordre.<\/li>\n<li>Angle de s\u00e9paration important entre les ordres diffract\u00e9s et non diffract\u00e9s.<\/li>\n<li>Stabilit\u00e9 de la puissance \u00e9lev\u00e9e \/ stabilit\u00e9 du pointage, temp\u00e9rature stabilis\u00e9e.<\/li>\n<\/ul>","protected":false},"excerpt":{"rendered":"<p>Filtre accordable AO, Gamme de longueur d'onde 400-650 nm, Ouverture 3x3mm\u00b2, Fr\u00e9quence de fonctionnement 74-158 MHz, R\u00e9solution spectrale 1-4 nm, Puissance RF max 150 mW, Stabilisation de la temp\u00e9rature.<\/p>","protected":false},"featured_media":228,"template":"","format":"standard","meta":[],"product_brand":[],"product_cat":[20,23],"product_tag":[],"class_list":{"0":"post-923","1":"product","2":"type-product","3":"status-publish","4":"format-standard","5":"has-post-thumbnail","7":"product_cat-ao-devices","8":"product_cat-tunable-filters","9":"sales-flash-overlay","10":"woocommerce-text-align-center","11":"woocommerce-image-align-center","12":"do-quantity-buttons","14":"first","15":"instock","16":"shipping-taxable","17":"purchasable","18":"product-type-simple"},"_links":{"self":[{"href":"https:\/\/aaoptoelectronic.com\/fr\/wp-json\/wp\/v2\/product\/923","targetHints":{"allow":["GET"]}}],"collection":[{"href":"https:\/\/aaoptoelectronic.com\/fr\/wp-json\/wp\/v2\/product"}],"about":[{"href":"https:\/\/aaoptoelectronic.com\/fr\/wp-json\/wp\/v2\/types\/product"}],"wp:featuredmedia":[{"embeddable":true,"href":"https:\/\/aaoptoelectronic.com\/fr\/wp-json\/wp\/v2\/media\/228"}],"wp:attachment":[{"href":"https:\/\/aaoptoelectronic.com\/fr\/wp-json\/wp\/v2\/media?parent=923"}],"wp:term":[{"taxonomy":"product_brand","embeddable":true,"href":"https:\/\/aaoptoelectronic.com\/fr\/wp-json\/wp\/v2\/product_brand?post=923"},{"taxonomy":"product_cat","embeddable":true,"href":"https:\/\/aaoptoelectronic.com\/fr\/wp-json\/wp\/v2\/product_cat?post=923"},{"taxonomy":"product_tag","embeddable":true,"href":"https:\/\/aaoptoelectronic.com\/fr\/wp-json\/wp\/v2\/product_tag?post=923"}],"curies":[{"name":"wp","href":"https:\/\/api.w.org\/{rel}","templated":true}]}}