{"id":927,"date":"2024-03-21T01:02:09","date_gmt":"2024-03-21T00:02:09","guid":{"rendered":"https:\/\/aaoptoelectronic.com\/?post_type=product&#038;p=927"},"modified":"2024-06-03T18:13:59","modified_gmt":"2024-06-03T16:13:59","slug":"qcq40-a15-l1064-z32","status":"publish","type":"product","link":"https:\/\/aaoptoelectronic.com\/fr\/qcq40-a15-l1064-z32\/","title":{"rendered":"QCQ40-A1,5-L1064-Z32"},"content":{"rendered":"<p>Ces versions standard sont con\u00e7ues pour des cavit\u00e9s courtes, avec une longueur optique de 32 mm. Fabriqu\u00e9es en quartz cristallin pour les lasers \u00e0 polarisation lin\u00e9aire, elles peuvent \u00eatre propos\u00e9es \u00e0 40 MHz afin de s'adapter \u00e0 tous les types de cavit\u00e9s. Le rev\u00eatement dur \u00e0 faible r\u00e9flectivit\u00e9 et les mat\u00e9riaux de haute qualit\u00e9 assurent un seuil de dommage \u00e9lev\u00e9 &gt; 500 MW\/cm\u00b2.<\/p>\n<h3>Caract\u00e9ristiques<\/h3>\n<ul>\n<li>Polarisation lin\u00e9aire<\/li>\n<li>Conception \u00e0 1064 nm<\/li>\n<li>Refroidissement par conduction \u00e0 travers la plaque de base<\/li>\n<\/ul>","protected":false},"excerpt":{"rendered":"<p>AO Q-Switch, Quartz, Temps de mont\u00e9e\/descente 115ns\/mm, Fr\u00e9quence porteuse 40 MHz, Ouverture 1.5 x 1.5 mm\u00b2, Gamme de longueur d'onde : 1030-1080 nm, Puissance RF &lt; 15W.<\/p>","protected":false},"featured_media":227,"template":"","format":"standard","meta":[],"product_brand":[],"product_cat":[20,24],"product_tag":[],"class_list":{"0":"post-927","1":"product","2":"type-product","3":"status-publish","4":"format-standard","5":"has-post-thumbnail","7":"product_cat-ao-devices","8":"product_cat-acousto-optic-q-switches","9":"sales-flash-overlay","10":"woocommerce-text-align-center","11":"woocommerce-image-align-center","12":"do-quantity-buttons","14":"first","15":"instock","16":"shipping-taxable","17":"purchasable","18":"product-type-simple"},"_links":{"self":[{"href":"https:\/\/aaoptoelectronic.com\/fr\/wp-json\/wp\/v2\/product\/927","targetHints":{"allow":["GET"]}}],"collection":[{"href":"https:\/\/aaoptoelectronic.com\/fr\/wp-json\/wp\/v2\/product"}],"about":[{"href":"https:\/\/aaoptoelectronic.com\/fr\/wp-json\/wp\/v2\/types\/product"}],"wp:featuredmedia":[{"embeddable":true,"href":"https:\/\/aaoptoelectronic.com\/fr\/wp-json\/wp\/v2\/media\/227"}],"wp:attachment":[{"href":"https:\/\/aaoptoelectronic.com\/fr\/wp-json\/wp\/v2\/media?parent=927"}],"wp:term":[{"taxonomy":"product_brand","embeddable":true,"href":"https:\/\/aaoptoelectronic.com\/fr\/wp-json\/wp\/v2\/product_brand?post=927"},{"taxonomy":"product_cat","embeddable":true,"href":"https:\/\/aaoptoelectronic.com\/fr\/wp-json\/wp\/v2\/product_cat?post=927"},{"taxonomy":"product_tag","embeddable":true,"href":"https:\/\/aaoptoelectronic.com\/fr\/wp-json\/wp\/v2\/product_tag?post=927"}],"curies":[{"name":"wp","href":"https:\/\/api.w.org\/{rel}","templated":true}]}}