{"id":934,"date":"2024-03-21T01:50:36","date_gmt":"2024-03-21T00:50:36","guid":{"rendered":"https:\/\/aaoptoelectronic.com\/product\/mt250-a0-12-800\/"},"modified":"2024-07-19T16:05:46","modified_gmt":"2024-07-19T14:05:46","slug":"mt250-a0-12-800","status":"publish","type":"product","link":"https:\/\/aaoptoelectronic.com\/fr\/mt250-a0-12-800\/","title":{"rendered":"MT250-A0.12-800"},"content":{"rendered":"<p>Ce s\u00e9lecteur d'impulsions en espace libre fonctionne dans la gamme de 700 \u00e0 950 nm. Avec son temps de mont\u00e9e\/descente de 160ns\/mm et son diam\u00e8tre de faisceau pratique, il peut extraire des impulsions \u00e0 partir d'un taux de r\u00e9p\u00e9tition aussi \u00e9lev\u00e9 que 80 MHz.<\/p>","protected":false},"excerpt":{"rendered":"<p>AO Pulse Picker, Temps de mont\u00e9e\/descente 160ns\/mm, Fr\u00e9quence porteuse 200 MHz, Ouverture 0.12 x 1 mm\u00b2, Gamme de longueur d'onde : 700-950 nm, Puissance RF &lt; 1.8W.<\/p>","protected":false},"featured_media":226,"template":"","format":"standard","meta":[],"product_brand":[],"product_cat":[20,22],"product_tag":[],"class_list":{"0":"post-934","1":"product","2":"type-product","3":"status-publish","4":"format-standard","5":"has-post-thumbnail","7":"product_cat-ao-devices","8":"product_cat-pulse-pickers","9":"sales-flash-overlay","10":"woocommerce-text-align-center","11":"woocommerce-image-align-center","12":"do-quantity-buttons","14":"first","15":"instock","16":"shipping-taxable","17":"purchasable","18":"product-type-simple"},"_links":{"self":[{"href":"https:\/\/aaoptoelectronic.com\/fr\/wp-json\/wp\/v2\/product\/934","targetHints":{"allow":["GET"]}}],"collection":[{"href":"https:\/\/aaoptoelectronic.com\/fr\/wp-json\/wp\/v2\/product"}],"about":[{"href":"https:\/\/aaoptoelectronic.com\/fr\/wp-json\/wp\/v2\/types\/product"}],"wp:featuredmedia":[{"embeddable":true,"href":"https:\/\/aaoptoelectronic.com\/fr\/wp-json\/wp\/v2\/media\/226"}],"wp:attachment":[{"href":"https:\/\/aaoptoelectronic.com\/fr\/wp-json\/wp\/v2\/media?parent=934"}],"wp:term":[{"taxonomy":"product_brand","embeddable":true,"href":"https:\/\/aaoptoelectronic.com\/fr\/wp-json\/wp\/v2\/product_brand?post=934"},{"taxonomy":"product_cat","embeddable":true,"href":"https:\/\/aaoptoelectronic.com\/fr\/wp-json\/wp\/v2\/product_cat?post=934"},{"taxonomy":"product_tag","embeddable":true,"href":"https:\/\/aaoptoelectronic.com\/fr\/wp-json\/wp\/v2\/product_tag?post=934"}],"curies":[{"name":"wp","href":"https:\/\/api.w.org\/{rel}","templated":true}]}}