{"id":939,"date":"2024-03-21T01:50:38","date_gmt":"2024-03-21T00:50:38","guid":{"rendered":"https:\/\/aaoptoelectronic.com\/product\/mcq80-a2-l1064-z32\/"},"modified":"2024-07-19T16:05:49","modified_gmt":"2024-07-19T14:05:49","slug":"mcq80-a2-l1064-z32","status":"publish","type":"product","link":"https:\/\/aaoptoelectronic.com\/fr\/mcq80-a2-l1064-z32\/","title":{"rendered":"MCQ80-A2-L1064-Z32"},"content":{"rendered":"<p>Ces modulateurs sont fabriqu\u00e9s en quartz et, gr\u00e2ce \u00e0 leur rev\u00eatement en V dur \u00e0 faible r\u00e9flectivit\u00e9, ils ont un seuil d'endommagement \u00e9lev\u00e9. Ils sont principalement destin\u00e9s \u00e0 la modulation d'intensit\u00e9 dans les applications \u00e0 haute puissance optique, mais peuvent \u00e9galement \u00eatre utilis\u00e9s pour le d\u00e9calage de fr\u00e9quence fixe \u00e0 80 MHz.<\/p>\n<p><strong>CARACT\u00c9RISTIQUES<\/strong><\/p>\n<ul>\n<li>Conception de 1,06 \u00b5m<\/li>\n<li>Polarisation lin\u00e9aire<\/li>\n<li>Refroidissement par air.<\/li>\n<li>Seuil de dommages \u00e9lev\u00e9<\/li>\n<\/ul>","protected":false},"excerpt":{"rendered":"<p>AO Pulse Picker, Temps de mont\u00e9e\/descente 115ns\/mm, Fr\u00e9quence porteuse 80 MHz, Ouverture 2 x 2 mm\u00b2, Gamme de longueur d'onde : 1030-1080 nm, Puissance RF &lt; 15W.<\/p>","protected":false},"featured_media":227,"template":"","format":"standard","meta":[],"product_brand":[],"product_cat":[20,22],"product_tag":[],"class_list":{"0":"post-939","1":"product","2":"type-product","3":"status-publish","4":"format-standard","5":"has-post-thumbnail","7":"product_cat-ao-devices","8":"product_cat-pulse-pickers","9":"sales-flash-overlay","10":"woocommerce-text-align-center","11":"woocommerce-image-align-center","12":"do-quantity-buttons","14":"first","15":"instock","16":"shipping-taxable","17":"purchasable","18":"product-type-simple"},"_links":{"self":[{"href":"https:\/\/aaoptoelectronic.com\/fr\/wp-json\/wp\/v2\/product\/939","targetHints":{"allow":["GET"]}}],"collection":[{"href":"https:\/\/aaoptoelectronic.com\/fr\/wp-json\/wp\/v2\/product"}],"about":[{"href":"https:\/\/aaoptoelectronic.com\/fr\/wp-json\/wp\/v2\/types\/product"}],"wp:featuredmedia":[{"embeddable":true,"href":"https:\/\/aaoptoelectronic.com\/fr\/wp-json\/wp\/v2\/media\/227"}],"wp:attachment":[{"href":"https:\/\/aaoptoelectronic.com\/fr\/wp-json\/wp\/v2\/media?parent=939"}],"wp:term":[{"taxonomy":"product_brand","embeddable":true,"href":"https:\/\/aaoptoelectronic.com\/fr\/wp-json\/wp\/v2\/product_brand?post=939"},{"taxonomy":"product_cat","embeddable":true,"href":"https:\/\/aaoptoelectronic.com\/fr\/wp-json\/wp\/v2\/product_cat?post=939"},{"taxonomy":"product_tag","embeddable":true,"href":"https:\/\/aaoptoelectronic.com\/fr\/wp-json\/wp\/v2\/product_tag?post=939"}],"curies":[{"name":"wp","href":"https:\/\/api.w.org\/{rel}","templated":true}]}}