{"id":944,"date":"2024-03-21T02:08:46","date_gmt":"2024-03-21T01:08:46","guid":{"rendered":"https:\/\/aaoptoelectronic.com\/product\/mt110-ir20-fio-xx-2\/"},"modified":"2024-06-04T17:10:37","modified_gmt":"2024-06-04T15:10:37","slug":"mt110-ir20-fio-xx-2","status":"publish","type":"product","link":"https:\/\/aaoptoelectronic.com\/fr\/mt110-ir20-fio-xx-2\/","title":{"rendered":"MT110-IR20-Fio-xx"},"content":{"rendered":"<p>Ce dispositif \u00e0 pigtail de fibre est destin\u00e9 \u00e0 \u00eatre utilis\u00e9 pour une seule longueur d'onde dans sa gamme de fonctionnement [980-1100 nm]. Ils peuvent \u00eatre utilis\u00e9s pour extraire des impulsions optiques \u00e0 partir de taux de r\u00e9p\u00e9tition allant jusqu'\u00e0 25 MHz.<\/p>","protected":false},"excerpt":{"rendered":"<p>AO Fiber pigtailed Pulse Picker, Te02 [L], Rise\/fall Time 20 ns, Carrier frequency 110 MHz, Fiber type SM ou PM, Optical power &lt; 0.5 W or 5 W, Jacket 900 \u00b5m Hytrel tubing, Connectors FC\/APC, RF power &lt; 2W, VSF housing.<\/p>","protected":false},"featured_media":406,"template":"","format":"standard","meta":[],"product_brand":[],"product_cat":[20,329],"product_tag":[],"class_list":{"0":"post-944","1":"product","2":"type-product","3":"status-publish","4":"format-standard","5":"has-post-thumbnail","7":"product_cat-ao-devices","8":"product_cat-fiber-pigtailed-pulse-picker","9":"sales-flash-overlay","10":"woocommerce-text-align-center","11":"woocommerce-image-align-center","12":"do-quantity-buttons","14":"first","15":"instock","16":"shipping-taxable","17":"purchasable","18":"product-type-variable"},"_links":{"self":[{"href":"https:\/\/aaoptoelectronic.com\/fr\/wp-json\/wp\/v2\/product\/944","targetHints":{"allow":["GET"]}}],"collection":[{"href":"https:\/\/aaoptoelectronic.com\/fr\/wp-json\/wp\/v2\/product"}],"about":[{"href":"https:\/\/aaoptoelectronic.com\/fr\/wp-json\/wp\/v2\/types\/product"}],"wp:featuredmedia":[{"embeddable":true,"href":"https:\/\/aaoptoelectronic.com\/fr\/wp-json\/wp\/v2\/media\/406"}],"wp:attachment":[{"href":"https:\/\/aaoptoelectronic.com\/fr\/wp-json\/wp\/v2\/media?parent=944"}],"wp:term":[{"taxonomy":"product_brand","embeddable":true,"href":"https:\/\/aaoptoelectronic.com\/fr\/wp-json\/wp\/v2\/product_brand?post=944"},{"taxonomy":"product_cat","embeddable":true,"href":"https:\/\/aaoptoelectronic.com\/fr\/wp-json\/wp\/v2\/product_cat?post=944"},{"taxonomy":"product_tag","embeddable":true,"href":"https:\/\/aaoptoelectronic.com\/fr\/wp-json\/wp\/v2\/product_tag?post=944"}],"curies":[{"name":"wp","href":"https:\/\/api.w.org\/{rel}","templated":true}]}}