{"id":946,"date":"2024-03-21T02:08:47","date_gmt":"2024-03-21T01:08:47","guid":{"rendered":"https:\/\/aaoptoelectronic.com\/product\/mt250-ir6-fio-xx-2\/"},"modified":"2024-06-04T17:10:37","modified_gmt":"2024-06-04T15:10:37","slug":"mt250-ir6-fio-xx-2","status":"publish","type":"product","link":"https:\/\/aaoptoelectronic.com\/fr\/mt250-ir6-fio-xx-2\/","title":{"rendered":"MT250-IR6-Fio-xx"},"content":{"rendered":"<p>Ce dispositif \u00e0 fibres optiques est destin\u00e9 \u00e0 \u00eatre utilis\u00e9 pour une seule longueur d'onde dans sa gamme de fonctionnement [980-1100 nm]. Ils peuvent \u00eatre utilis\u00e9s pour la modulation d'intensit\u00e9, le d\u00e9calage de fr\u00e9quence fixe ou variable, la prise d'impulsion ou la commutation q. Ils offrent un temps de mont\u00e9e\/descente aussi court que 6 ns et un d\u00e9calage de fr\u00e9quence fixe de 250 MHz (sur demande, il peut \u00e9galement \u00eatre variable). L'utilisateur peut choisir entre les fibres HI 1060 ou PM 980 en standard, mais d'autres fibres sont \u00e9galement disponibles sur mesure.<\/p>\n<p><strong>CARACT\u00c9RISTIQUES<\/strong><\/p>\n<ul>\n<li>Haute vitesse.<\/li>\n<li>Rapport d'extinction \u00e9lev\u00e9.<\/li>\n<li>Robuste et polyvalent.<\/li>\n<\/ul>","protected":false},"excerpt":{"rendered":"<p>AO Fiber pigtailed Pulse Picker, Te02 [L], Rise\/fall Time 6 ns, Carrier frequency 250 MHz, Fiber type SM or PM, Optical power &lt; 0.5 W, Jacket 900 \u00b5m Hytrel tubing, Connectors FC\/APC, RF power &lt; 1.8W, VSF housing.<\/p>","protected":false},"featured_media":222,"template":"","format":"standard","meta":[],"product_brand":[],"product_cat":[20,329],"product_tag":[],"class_list":{"0":"post-946","1":"product","2":"type-product","3":"status-publish","4":"format-standard","5":"has-post-thumbnail","7":"product_cat-ao-devices","8":"product_cat-fiber-pigtailed-pulse-picker","9":"sales-flash-overlay","10":"woocommerce-text-align-center","11":"woocommerce-image-align-center","12":"do-quantity-buttons","14":"first","15":"instock","16":"shipping-taxable","17":"purchasable","18":"product-type-variable"},"_links":{"self":[{"href":"https:\/\/aaoptoelectronic.com\/fr\/wp-json\/wp\/v2\/product\/946","targetHints":{"allow":["GET"]}}],"collection":[{"href":"https:\/\/aaoptoelectronic.com\/fr\/wp-json\/wp\/v2\/product"}],"about":[{"href":"https:\/\/aaoptoelectronic.com\/fr\/wp-json\/wp\/v2\/types\/product"}],"wp:featuredmedia":[{"embeddable":true,"href":"https:\/\/aaoptoelectronic.com\/fr\/wp-json\/wp\/v2\/media\/222"}],"wp:attachment":[{"href":"https:\/\/aaoptoelectronic.com\/fr\/wp-json\/wp\/v2\/media?parent=946"}],"wp:term":[{"taxonomy":"product_brand","embeddable":true,"href":"https:\/\/aaoptoelectronic.com\/fr\/wp-json\/wp\/v2\/product_brand?post=946"},{"taxonomy":"product_cat","embeddable":true,"href":"https:\/\/aaoptoelectronic.com\/fr\/wp-json\/wp\/v2\/product_cat?post=946"},{"taxonomy":"product_tag","embeddable":true,"href":"https:\/\/aaoptoelectronic.com\/fr\/wp-json\/wp\/v2\/product_tag?post=946"}],"curies":[{"name":"wp","href":"https:\/\/api.w.org\/{rel}","templated":true}]}}