{"id":948,"date":"2024-03-21T02:08:48","date_gmt":"2024-03-21T01:08:48","guid":{"rendered":"https:\/\/aaoptoelectronic.com\/product\/mt200-ir10-fio-pm-j1-a-ic-2\/"},"modified":"2024-06-04T17:10:38","modified_gmt":"2024-06-04T15:10:38","slug":"mt200-ir10-fio-pm-j1-a-ic-2","status":"publish","type":"product","link":"https:\/\/aaoptoelectronic.com\/fr\/mt200-ir10-fio-pm-j1-a-ic-2\/","title":{"rendered":"MT200-IR10-Fio-xx-J1-A-Ic"},"content":{"rendered":"<p>Ce dispositif compact \u00e0 fibres optiques est destin\u00e9 \u00e0 un fonctionnement \u00e0 longueur d'onde unique dans la bande [1030-1064] nm. Il peut \u00eatre utilis\u00e9 comme modulateur d'intensit\u00e9, modificateur de fr\u00e9quence fixe et \u00e9galement comme s\u00e9lecteur d'impulsions. Sa compacit\u00e9, sa fiabilit\u00e9 et ses performances \u00e9lev\u00e9es font de ce modulateur un bon candidat pour la plupart des applications industrielles.<em>.<\/em><\/p>","protected":false},"excerpt":{"rendered":"<p>AO Fiber pigtailed Pulse Picker, Te02 [L], Rise\/fall Time 10 ns, Carrier frequency 200 MHz, Fiber type PM or LMA, Optical power &lt; 1 W, Jacket 900 \u00b5m Hytrel tubing, Connectors FC\/APC, RF power &lt; 2W, VSF housing.<\/p>","protected":false},"featured_media":3926,"template":"","format":"standard","meta":[],"product_brand":[],"product_cat":[20,329],"product_tag":[],"class_list":{"0":"post-948","1":"product","2":"type-product","3":"status-publish","4":"format-standard","5":"has-post-thumbnail","7":"product_cat-ao-devices","8":"product_cat-fiber-pigtailed-pulse-picker","9":"sales-flash-overlay","10":"woocommerce-text-align-center","11":"woocommerce-image-align-center","12":"do-quantity-buttons","14":"first","15":"instock","16":"shipping-taxable","17":"purchasable","18":"product-type-variable"},"_links":{"self":[{"href":"https:\/\/aaoptoelectronic.com\/fr\/wp-json\/wp\/v2\/product\/948","targetHints":{"allow":["GET"]}}],"collection":[{"href":"https:\/\/aaoptoelectronic.com\/fr\/wp-json\/wp\/v2\/product"}],"about":[{"href":"https:\/\/aaoptoelectronic.com\/fr\/wp-json\/wp\/v2\/types\/product"}],"wp:featuredmedia":[{"embeddable":true,"href":"https:\/\/aaoptoelectronic.com\/fr\/wp-json\/wp\/v2\/media\/3926"}],"wp:attachment":[{"href":"https:\/\/aaoptoelectronic.com\/fr\/wp-json\/wp\/v2\/media?parent=948"}],"wp:term":[{"taxonomy":"product_brand","embeddable":true,"href":"https:\/\/aaoptoelectronic.com\/fr\/wp-json\/wp\/v2\/product_brand?post=948"},{"taxonomy":"product_cat","embeddable":true,"href":"https:\/\/aaoptoelectronic.com\/fr\/wp-json\/wp\/v2\/product_cat?post=948"},{"taxonomy":"product_tag","embeddable":true,"href":"https:\/\/aaoptoelectronic.com\/fr\/wp-json\/wp\/v2\/product_tag?post=948"}],"curies":[{"name":"wp","href":"https:\/\/api.w.org\/{rel}","templated":true}]}}